{"id":68,"date":"2021-08-26T06:02:28","date_gmt":"2021-08-26T10:02:28","guid":{"rendered":"https:\/\/site.ac-martinique.fr\/economie-gestion-lp\/?page_id=68"},"modified":"2021-09-03T16:11:32","modified_gmt":"2021-09-03T20:11:32","slug":"vue-dici-et-dailleurs","status":"publish","type":"page","link":"https:\/\/site.ac-martinique.fr\/economie-gestion-lp\/?page_id=68","title":{"rendered":"Vue d&rsquo;ici et d&rsquo;ailleurs"},"content":{"rendered":"\n<p>Un espace d\u00e9di\u00e9 \u00e0 la veille informationnelle.<\/p>\n\n\n\n<div class=\"wp-block-image\"><figure class=\"aligncenter size-full\"><img loading=\"lazy\" decoding=\"async\" width=\"574\" height=\"340\" src=\"https:\/\/site.ac-martinique.fr\/economie-gestion-lp\/wp-content\/uploads\/sites\/94\/2021\/09\/observe-3539810__340-1.jpg\" alt=\"\" class=\"wp-image-766\" srcset=\"https:\/\/site.ac-martinique.fr\/economie-gestion-lp\/wp-content\/uploads\/sites\/94\/2021\/09\/observe-3539810__340-1.jpg 574w, https:\/\/site.ac-martinique.fr\/economie-gestion-lp\/wp-content\/uploads\/sites\/94\/2021\/09\/observe-3539810__340-1-300x178.jpg 300w\" sizes=\"auto, (max-width: 574px) 100vw, 574px\" \/><\/figure><\/div>\n","protected":false},"excerpt":{"rendered":"<p>Un espace d\u00e9di\u00e9 \u00e0 la veille informationnelle.<\/p>\n","protected":false},"author":242,"featured_media":0,"parent":0,"menu_order":0,"comment_status":"closed","ping_status":"closed","template":"","meta":{"footnotes":""},"class_list":["post-68","page","type-page","status-publish","hentry"],"_links":{"self":[{"href":"https:\/\/site.ac-martinique.fr\/economie-gestion-lp\/index.php?rest_route=\/wp\/v2\/pages\/68","targetHints":{"allow":["GET"]}}],"collection":[{"href":"https:\/\/site.ac-martinique.fr\/economie-gestion-lp\/index.php?rest_route=\/wp\/v2\/pages"}],"about":[{"href":"https:\/\/site.ac-martinique.fr\/economie-gestion-lp\/index.php?rest_route=\/wp\/v2\/types\/page"}],"author":[{"embeddable":true,"href":"https:\/\/site.ac-martinique.fr\/economie-gestion-lp\/index.php?rest_route=\/wp\/v2\/users\/242"}],"replies":[{"embeddable":true,"href":"https:\/\/site.ac-martinique.fr\/economie-gestion-lp\/index.php?rest_route=%2Fwp%2Fv2%2Fcomments&post=68"}],"version-history":[{"count":4,"href":"https:\/\/site.ac-martinique.fr\/economie-gestion-lp\/index.php?rest_route=\/wp\/v2\/pages\/68\/revisions"}],"predecessor-version":[{"id":767,"href":"https:\/\/site.ac-martinique.fr\/economie-gestion-lp\/index.php?rest_route=\/wp\/v2\/pages\/68\/revisions\/767"}],"wp:attachment":[{"href":"https:\/\/site.ac-martinique.fr\/economie-gestion-lp\/index.php?rest_route=%2Fwp%2Fv2%2Fmedia&parent=68"}],"curies":[{"name":"wp","href":"https:\/\/api.w.org\/{rel}","templated":true}]}}