{"id":768,"date":"2021-09-03T16:16:44","date_gmt":"2021-09-03T20:16:44","guid":{"rendered":"https:\/\/site.ac-martinique.fr\/economie-gestion-lp\/?page_id=768"},"modified":"2021-09-03T16:33:15","modified_gmt":"2021-09-03T20:33:15","slug":"economie-gestion","status":"publish","type":"page","link":"https:\/\/site.ac-martinique.fr\/economie-gestion-lp\/?page_id=768","title":{"rendered":"Economie-Gestion"},"content":{"rendered":"\n<p><strong>Pr\u00e9ambule<\/strong><\/p>\n\n\n\n<p><span class=\"has-inline-color has-black-color\">Les enjeux de l\u2019enseignement d\u2019\u00e9conomie-gestion dans la formation du futur bachelier professionnel<\/span><\/p>\n\n\n\n<p>La voie professionnelle poursuit un double objectif pour le futur bachelier : lui permettre de&nbsp;s\u2019ins\u00e9rer professionnellement une fois son dipl\u00f4me obtenu&nbsp;ou de poursuivre des \u00e9tudes dans&nbsp;l\u2019enseignement sup\u00e9rieur. Dans les deux cas, le bachelier sera amen\u00e9 \u00e0 \u00e9voluer dans un monde professionnel en mutation dont il devra percevoir les enjeux&nbsp;afin d\u2019y prendre pleinement&nbsp;sa place.<\/p>\n\n\n\n<p>\u00c0 ce double titre, la science \u00e9conomique&nbsp;et les sciences de gestion permettent d\u2019\u00e9clairer la compr\u00e9hension de l\u2019environnement professionnel du futur bachelier professionnel.<\/p>\n\n\n\n<p><strong>Programme pour le cycle<\/strong><\/p>\n\n\n\n<p>Module 1\u00a0\u2013 D\u00e9couvrir l\u2019environnement d\u2019une entreprise.<br>Module 2\u00a0\u2013 Les choix d\u2019une entreprise en mati\u00e8re de production.\u00a0Module 3\u00a0\u2013\u00a0De la cr\u00e9ation de valeur \u00e0 sa r\u00e9partition.<br>Module 4\u00a0\u2013\u00a0Les mutations de la relation de travail.<\/p>\n\n\n\n<div class=\"wp-block-image\"><figure class=\"aligncenter size-full\"><img loading=\"lazy\" decoding=\"async\" width=\"604\" height=\"340\" src=\"https:\/\/site.ac-martinique.fr\/economie-gestion-lp\/wp-content\/uploads\/sites\/94\/2021\/09\/success-2081167__340.jpg\" alt=\"\" class=\"wp-image-781\" srcset=\"https:\/\/site.ac-martinique.fr\/economie-gestion-lp\/wp-content\/uploads\/sites\/94\/2021\/09\/success-2081167__340.jpg 604w, https:\/\/site.ac-martinique.fr\/economie-gestion-lp\/wp-content\/uploads\/sites\/94\/2021\/09\/success-2081167__340-300x169.jpg 300w, https:\/\/site.ac-martinique.fr\/economie-gestion-lp\/wp-content\/uploads\/sites\/94\/2021\/09\/success-2081167__340-260x146.jpg 260w, https:\/\/site.ac-martinique.fr\/economie-gestion-lp\/wp-content\/uploads\/sites\/94\/2021\/09\/success-2081167__340-120x67.jpg 120w\" sizes=\"auto, (max-width: 604px) 100vw, 604px\" \/><\/figure><\/div>\n\n\n","protected":false},"excerpt":{"rendered":"<p>Pr\u00e9ambule Les enjeux de l\u2019enseignement d\u2019\u00e9conomie-gestion dans la formation du futur bachelier professionnel La voie professionnelle poursuit un double objectif pour le futur bachelier : lui permettre de&nbsp;s\u2019ins\u00e9rer professionnellement une fois son dipl\u00f4me obtenu&nbsp;ou de&#8230;<\/p>\n","protected":false},"author":242,"featured_media":0,"parent":0,"menu_order":0,"comment_status":"closed","ping_status":"closed","template":"","meta":{"footnotes":""},"class_list":["post-768","page","type-page","status-publish","hentry"],"_links":{"self":[{"href":"https:\/\/site.ac-martinique.fr\/economie-gestion-lp\/index.php?rest_route=\/wp\/v2\/pages\/768","targetHints":{"allow":["GET"]}}],"collection":[{"href":"https:\/\/site.ac-martinique.fr\/economie-gestion-lp\/index.php?rest_route=\/wp\/v2\/pages"}],"about":[{"href":"https:\/\/site.ac-martinique.fr\/economie-gestion-lp\/index.php?rest_route=\/wp\/v2\/types\/page"}],"author":[{"embeddable":true,"href":"https:\/\/site.ac-martinique.fr\/economie-gestion-lp\/index.php?rest_route=\/wp\/v2\/users\/242"}],"replies":[{"embeddable":true,"href":"https:\/\/site.ac-martinique.fr\/economie-gestion-lp\/index.php?rest_route=%2Fwp%2Fv2%2Fcomments&post=768"}],"version-history":[{"count":4,"href":"https:\/\/site.ac-martinique.fr\/economie-gestion-lp\/index.php?rest_route=\/wp\/v2\/pages\/768\/revisions"}],"predecessor-version":[{"id":782,"href":"https:\/\/site.ac-martinique.fr\/economie-gestion-lp\/index.php?rest_route=\/wp\/v2\/pages\/768\/revisions\/782"}],"wp:attachment":[{"href":"https:\/\/site.ac-martinique.fr\/economie-gestion-lp\/index.php?rest_route=%2Fwp%2Fv2%2Fmedia&parent=768"}],"curies":[{"name":"wp","href":"https:\/\/api.w.org\/{rel}","templated":true}]}}