{"id":1045,"date":"2012-10-07T10:48:36","date_gmt":"2012-10-07T14:48:36","guid":{"rendered":"https:\/\/site.ac-martinique.fr\/economie-gestion\/?page_id=1045"},"modified":"2020-04-14T08:10:52","modified_gmt":"2020-04-14T12:10:52","slug":"tice-economie-et-gestion","status":"publish","type":"page","link":"https:\/\/site.ac-martinique.fr\/economie-gestion\/?page_id=1045","title":{"rendered":"TICE"},"content":{"rendered":"<p>Les Technologies de l\u2019Information et de la Communication pour l\u2019Enseignement en \u00c9conomie et Gestion<\/p>\n<p style=\"text-align: justify\">L&rsquo;\u00e9quipe TICE est compos\u00e9 d&rsquo;un Interlocuteur Acad\u00e9mique Num\u00e9rique (IAN) et d&rsquo;un groupe TICE form\u00e9 de 3 \u00e0 5 enseignants.<\/p>\n<ul>\n<li>Le IAN fait conna\u00eetre les ressources num\u00e9riques \u00e9ducatives ( \u00c9duth\u00e8que , portails, banques de ressources pour l&rsquo;Ecole, &#8230;), les contenus d&rsquo;accompagnement ( EDU&rsquo;Base ) et les projets d\u00e9velopp\u00e9s au niveau national par la DNE. Il est associ\u00e9 aux manifestations acad\u00e9miques autour du num\u00e9rique \u00e9ducatif. Il rep\u00e8re des pratiques dans son acad\u00e9mie, dans sa discipline. Il coordonne et accompagne la publication de sc\u00e9narios pour en rendre compte sur l&rsquo;espace acad\u00e9mique.<\/li>\n<\/ul>\n<p style=\"text-align: justify\">Pour l&rsquo;ann\u00e9e scolaire 2019-2020, l&rsquo;IAN est <em>Jo\u00ebl Pepinter.<\/em><\/p>\n<ul>\n<li style=\"text-align: justify\">Le groupe TICE a pour mission de concevoir des s\u00e9quences ou sc\u00e9narios p\u00e9dagogiques comportant l\u2019usage pertinent de ressources ou \u00e9quipements num\u00e9riques dans la discipline.<br \/>\nSes activit\u00e9s s&rsquo;inscrivent dans le cadre des Travaux acad\u00e9miques mutualis\u00e9s (TRaAM).<\/li>\n<\/ul>\n<p>Les membres de l&rsquo;\u00e9quipe TICE sont :<\/p>\n<blockquote>\n<ul>\n<li>Clarisse Pastel<\/li>\n<li>Denise Rengassamy<\/li>\n<li>Sarah Joannes-Elisabeth<\/li>\n<li>Guylaine Calixte<\/li>\n<\/ul>\n<\/blockquote>\n","protected":false},"excerpt":{"rendered":"<p>Les Technologies de l\u2019Information et de la Communication pour l\u2019Enseignement en \u00c9conomie et Gestion L&rsquo;\u00e9quipe TICE est compos\u00e9 d&rsquo;un Interlocuteur Acad\u00e9mique Num\u00e9rique (IAN) et d&rsquo;un groupe TICE form\u00e9 de 3 [&hellip;]<\/p>\n","protected":false},"author":67,"featured_media":0,"parent":0,"menu_order":0,"comment_status":"closed","ping_status":"closed","template":"","meta":{"footnotes":""},"class_list":["post-1045","page","type-page","status-publish","hentry","has_no_thumb"],"_links":{"self":[{"href":"https:\/\/site.ac-martinique.fr\/economie-gestion\/index.php?rest_route=\/wp\/v2\/pages\/1045","targetHints":{"allow":["GET"]}}],"collection":[{"href":"https:\/\/site.ac-martinique.fr\/economie-gestion\/index.php?rest_route=\/wp\/v2\/pages"}],"about":[{"href":"https:\/\/site.ac-martinique.fr\/economie-gestion\/index.php?rest_route=\/wp\/v2\/types\/page"}],"author":[{"embeddable":true,"href":"https:\/\/site.ac-martinique.fr\/economie-gestion\/index.php?rest_route=\/wp\/v2\/users\/67"}],"replies":[{"embeddable":true,"href":"https:\/\/site.ac-martinique.fr\/economie-gestion\/index.php?rest_route=%2Fwp%2Fv2%2Fcomments&post=1045"}],"version-history":[{"count":8,"href":"https:\/\/site.ac-martinique.fr\/economie-gestion\/index.php?rest_route=\/wp\/v2\/pages\/1045\/revisions"}],"predecessor-version":[{"id":4540,"href":"https:\/\/site.ac-martinique.fr\/economie-gestion\/index.php?rest_route=\/wp\/v2\/pages\/1045\/revisions\/4540"}],"wp:attachment":[{"href":"https:\/\/site.ac-martinique.fr\/economie-gestion\/index.php?rest_route=%2Fwp%2Fv2%2Fmedia&parent=1045"}],"curies":[{"name":"wp","href":"https:\/\/api.w.org\/{rel}","templated":true}]}}