{"id":1133,"date":"2012-10-07T14:47:38","date_gmt":"2012-10-07T18:47:38","guid":{"rendered":"https:\/\/site.ac-martinique.fr\/economie-gestion\/?page_id=1133"},"modified":"2021-09-25T18:37:50","modified_gmt":"2021-09-25T22:37:50","slug":"sts-muc","status":"publish","type":"page","link":"https:\/\/site.ac-martinique.fr\/economie-gestion\/?page_id=1133","title":{"rendered":"BTS MCO"},"content":{"rendered":"<p style=\"text-align: left\"><a href=\"https:\/\/site.ac-martinique.fr\/economie-gestion\/wp-content\/uploads\/sites\/11\/2020\/01\/1-2.jpg\"><img loading=\"lazy\" decoding=\"async\" class=\"size-medium wp-image-4429 alignleft\" src=\"https:\/\/site.ac-martinique.fr\/economie-gestion\/wp-content\/uploads\/sites\/11\/2020\/01\/1-2-212x300.jpg\" alt=\"\" width=\"212\" height=\"300\" srcset=\"https:\/\/site.ac-martinique.fr\/economie-gestion\/wp-content\/uploads\/sites\/11\/2020\/01\/1-2-212x300.jpg 212w, https:\/\/site.ac-martinique.fr\/economie-gestion\/wp-content\/uploads\/sites\/11\/2020\/01\/1-2-768x1086.jpg 768w, https:\/\/site.ac-martinique.fr\/economie-gestion\/wp-content\/uploads\/sites\/11\/2020\/01\/1-2-724x1024.jpg 724w, https:\/\/site.ac-martinique.fr\/economie-gestion\/wp-content\/uploads\/sites\/11\/2020\/01\/1-2.jpg 1414w\" sizes=\"auto, (max-width: 212px) 100vw, 212px\" \/><\/a> <a href=\"https:\/\/site.ac-martinique.fr\/economie-gestion\/wp-content\/uploads\/sites\/11\/2020\/01\/2-2.jpg\"><img loading=\"lazy\" decoding=\"async\" class=\"size-medium wp-image-4430 alignleft\" src=\"https:\/\/site.ac-martinique.fr\/economie-gestion\/wp-content\/uploads\/sites\/11\/2020\/01\/2-2-212x300.jpg\" alt=\"\" width=\"212\" height=\"300\" srcset=\"https:\/\/site.ac-martinique.fr\/economie-gestion\/wp-content\/uploads\/sites\/11\/2020\/01\/2-2-212x300.jpg 212w, https:\/\/site.ac-martinique.fr\/economie-gestion\/wp-content\/uploads\/sites\/11\/2020\/01\/2-2-768x1086.jpg 768w, https:\/\/site.ac-martinique.fr\/economie-gestion\/wp-content\/uploads\/sites\/11\/2020\/01\/2-2-724x1024.jpg 724w, https:\/\/site.ac-martinique.fr\/economie-gestion\/wp-content\/uploads\/sites\/11\/2020\/01\/2-2.jpg 1414w\" sizes=\"auto, (max-width: 212px) 100vw, 212px\" \/><\/a><\/p>\n<p>&nbsp;<\/p>\n<p>&nbsp;<\/p>\n<p>&nbsp;<\/p>\n<p>&nbsp;<\/p>\n<p>&nbsp;<\/p>\n<p>&nbsp;<\/p>\n<p>&nbsp;<\/p>\n<ul>\n<li>Pr\u00e9sentation\n<ul>\n<li><strong><u><a href=\"http:\/\/www.crcm-tl.fr\/index.php\/973-actualites-en-mercatique\/1102-bts-mco-videos-de-presentation-pnf-7-fevrier-2019?highlight=WyJ2aWRlb3MiLCJidHMiLCJtY28iLCJidHMgbWNvIl0=\">&nbsp;Vid\u00e9os de pr\u00e9sentation &#8211; PNF 7 F\u00e9vrier 2019 <\/a><\/u><\/strong><\/li>\n<li><a href=\"http:\/\/www.crcm-tl.fr\/index.php\/diplomes\/mercatique\/bts-mco\/bts-mco-documents-officiels\"><strong><u>Les documents de r\u00e9f\u00e9rence<\/u><\/strong><\/a><\/li>\n<\/ul>\n<\/li>\n<li>Ressources p\u00e9dagogiques\n<ul>\n<li><a href=\"http:\/\/www.crcm-tl.fr\/index.php\/diplomes\/mercatique\/bts-mco\/bts-mco-les-ressources-pedagogiques\">exemples sujets E-COM BOX<\/a><\/li>\n<\/ul>\n<\/li>\n<li><a href=\"https:\/\/site.ac-martinique.fr\/economie-gestion\/?cat=74\">Derni\u00e8res nouvelles<\/a><\/li>\n<\/ul>\n","protected":false},"excerpt":{"rendered":"<p>&nbsp; &nbsp; &nbsp; &nbsp; &nbsp; &nbsp; &nbsp; Pr\u00e9sentation &nbsp;Vid\u00e9os de pr\u00e9sentation &#8211; PNF 7 F\u00e9vrier 2019 Les documents de r\u00e9f\u00e9rence Ressources p\u00e9dagogiques exemples sujets E-COM BOX Derni\u00e8res nouvelles<\/p>\n","protected":false},"author":67,"featured_media":0,"parent":2148,"menu_order":0,"comment_status":"closed","ping_status":"closed","template":"","meta":{"footnotes":""},"class_list":["post-1133","page","type-page","status-publish","hentry","has_no_thumb"],"_links":{"self":[{"href":"https:\/\/site.ac-martinique.fr\/economie-gestion\/index.php?rest_route=\/wp\/v2\/pages\/1133","targetHints":{"allow":["GET"]}}],"collection":[{"href":"https:\/\/site.ac-martinique.fr\/economie-gestion\/index.php?rest_route=\/wp\/v2\/pages"}],"about":[{"href":"https:\/\/site.ac-martinique.fr\/economie-gestion\/index.php?rest_route=\/wp\/v2\/types\/page"}],"author":[{"embeddable":true,"href":"https:\/\/site.ac-martinique.fr\/economie-gestion\/index.php?rest_route=\/wp\/v2\/users\/67"}],"replies":[{"embeddable":true,"href":"https:\/\/site.ac-martinique.fr\/economie-gestion\/index.php?rest_route=%2Fwp%2Fv2%2Fcomments&post=1133"}],"version-history":[{"count":10,"href":"https:\/\/site.ac-martinique.fr\/economie-gestion\/index.php?rest_route=\/wp\/v2\/pages\/1133\/revisions"}],"predecessor-version":[{"id":4933,"href":"https:\/\/site.ac-martinique.fr\/economie-gestion\/index.php?rest_route=\/wp\/v2\/pages\/1133\/revisions\/4933"}],"up":[{"embeddable":true,"href":"https:\/\/site.ac-martinique.fr\/economie-gestion\/index.php?rest_route=\/wp\/v2\/pages\/2148"}],"wp:attachment":[{"href":"https:\/\/site.ac-martinique.fr\/economie-gestion\/index.php?rest_route=%2Fwp%2Fv2%2Fmedia&parent=1133"}],"curies":[{"name":"wp","href":"https:\/\/api.w.org\/{rel}","templated":true}]}}