{"id":1168,"date":"2012-10-07T14:53:16","date_gmt":"2012-10-07T18:53:16","guid":{"rendered":"https:\/\/site.ac-martinique.fr\/economie-gestion\/?page_id=1168"},"modified":"2013-09-23T05:38:38","modified_gmt":"2013-09-23T09:38:38","slug":"presentation-des-cpge-ect","status":"publish","type":"page","link":"https:\/\/site.ac-martinique.fr\/economie-gestion\/?page_id=1168","title":{"rendered":"Pr\u00e9sentation des CPGE &#8211; ECT"},"content":{"rendered":"<p style=\"text-align: center\"><span style=\"font-size: large\"><strong>La Classe pr\u00e9paratoire CPGE ECT<\/strong><\/span><\/p>\n<p style=\"text-align: justify\">La Classe pr\u00e9paratoire aux Grandes \u00e9coles de commerce de la voie technologique (CPGE ECT) est <strong>une formation qui est r\u00e9serv\u00e9e aux seuls \u00e9l\u00e8ves issus de la s\u00e9rie Sciences et technologies de la gestion et du management (STMG \u2013 de toutes les sp\u00e9cialit\u00e9s). Elle pr\u00e9pare aux concours d\u2019entr\u00e9e dans les Grandes \u00e9coles de commerce.<\/strong> Ces \u00e9coles permettent aux \u00e9tudiants d\u2019obtenir le Grade de Master et pr\u00e9parent \u00e0 toutes les fonctions d\u2019encadrement de l\u2019entreprise (DRH, direction marketing, direction financi\u00e8re, \u2026). On compte en 2011 en France une quarantaine de <a href=\"http:\/\/eduscol.education.fr\/ecogest\/enseignements\/formations\/11309274002964\/les_classes_preparat\" target=\"_blank\">CPGE ECT<\/a> pour un total d\u2019environ 1 000 \u00e9l\u00e8ves en premi\u00e8re ann\u00e9e.<\/p>\n<p style=\"text-align: justify\">La CPGE ECT de Martinique a \u00e9t\u00e9 cr\u00e9\u00e9e en 2008, son effectif progresse d\u2019ann\u00e9e en ann\u00e9e, et comprend un tr\u00e8s grand nombre d\u2019\u00e9tudiants boursiers. Son taux de r\u00e9ussite aux Grandes \u00e9coles de commerce est en constante progression, pour arriver \u00e0 100 % les deux derni\u00e8res ann\u00e9es. Malgr\u00e9 ces r\u00e9sultats, seuls 1,5 % des bacheliers STG s\u2019inscrivent dans cette formation.<\/p>\n<p style=\"text-align: justify\">Cette classe comporte plusieurs atouts qui doivent en d\u00e9velopper l\u2019attractivit\u00e9\u00a0: une proximit\u00e9 p\u00e9dagogique avec des classes \u00e0 effectifs r\u00e9duits (24 \u00e9l\u00e8ves), une ouverture culturelle et linguistique (voyage en m\u00e9tropole et \u00e0 l\u2019\u00e9tranger), une utilisation continue des TICE (plateforme collaborative), une ouverture sur le monde de l\u2019entreprise (r\u00e9daction d\u2019articles en management)\u2026<\/p>\n<p style=\"text-align: justify\">Pour en savoir plus\u00a0: <a href=\"http:\/\/www.cpgeect-martinique.org\/\" target=\"_blank\">www.cpgeect-martinique.org<\/a> ou <a href=\"mailto:contact@cpgeect-martinique.org\" target=\"_blank\">contact@cpgeect-martinique.org<\/a><\/p>\n<p style=\"text-align: justify\">\u00c0 bient\u00f4t,<\/p>\n<p style=\"text-align: justify\">L&rsquo;\u00e9quipe p\u00e9dagogique Pr\u00e9pa ECT<\/p>\n","protected":false},"excerpt":{"rendered":"<p>La Classe pr\u00e9paratoire CPGE ECT La Classe pr\u00e9paratoire aux Grandes \u00e9coles de commerce de la voie technologique (CPGE ECT) est une formation qui est r\u00e9serv\u00e9e aux seuls \u00e9l\u00e8ves issus de [&hellip;]<\/p>\n","protected":false},"author":67,"featured_media":0,"parent":1166,"menu_order":0,"comment_status":"closed","ping_status":"closed","template":"","meta":{"footnotes":""},"class_list":["post-1168","page","type-page","status-publish","hentry","has_no_thumb"],"_links":{"self":[{"href":"https:\/\/site.ac-martinique.fr\/economie-gestion\/index.php?rest_route=\/wp\/v2\/pages\/1168","targetHints":{"allow":["GET"]}}],"collection":[{"href":"https:\/\/site.ac-martinique.fr\/economie-gestion\/index.php?rest_route=\/wp\/v2\/pages"}],"about":[{"href":"https:\/\/site.ac-martinique.fr\/economie-gestion\/index.php?rest_route=\/wp\/v2\/types\/page"}],"author":[{"embeddable":true,"href":"https:\/\/site.ac-martinique.fr\/economie-gestion\/index.php?rest_route=\/wp\/v2\/users\/67"}],"replies":[{"embeddable":true,"href":"https:\/\/site.ac-martinique.fr\/economie-gestion\/index.php?rest_route=%2Fwp%2Fv2%2Fcomments&post=1168"}],"version-history":[{"count":4,"href":"https:\/\/site.ac-martinique.fr\/economie-gestion\/index.php?rest_route=\/wp\/v2\/pages\/1168\/revisions"}],"predecessor-version":[{"id":2491,"href":"https:\/\/site.ac-martinique.fr\/economie-gestion\/index.php?rest_route=\/wp\/v2\/pages\/1168\/revisions\/2491"}],"up":[{"embeddable":true,"href":"https:\/\/site.ac-martinique.fr\/economie-gestion\/index.php?rest_route=\/wp\/v2\/pages\/1166"}],"wp:attachment":[{"href":"https:\/\/site.ac-martinique.fr\/economie-gestion\/index.php?rest_route=%2Fwp%2Fv2%2Fmedia&parent=1168"}],"curies":[{"name":"wp","href":"https:\/\/api.w.org\/{rel}","templated":true}]}}