{"id":1193,"date":"2012-10-07T15:00:08","date_gmt":"2012-10-07T19:00:08","guid":{"rendered":"https:\/\/site.ac-martinique.fr\/economie-gestion\/?page_id=1193"},"modified":"2021-01-21T12:50:31","modified_gmt":"2021-01-21T16:50:31","slug":"terminale-stmg","status":"publish","type":"page","link":"https:\/\/site.ac-martinique.fr\/economie-gestion\/?page_id=1193","title":{"rendered":"Terminale STMG"},"content":{"rendered":"<h3>La classe\u00a0terminale\u00a0comprend quatre ENSEIGNEMENTS SPECIFIQUES :<\/h3>\n<ul>\n<li>ressources humaines et communication,<\/li>\n<li>gestion et finance,<\/li>\n<li>mercatique<\/li>\n<li>et syst\u00e8me d&rsquo;information de gestion.<\/li>\n<\/ul>\n<p>Les objectifs, dans chaque sp\u00e9cialit\u00e9, sont de transmettre les notions essentielles propres au champ \u00e9tudi\u00e9 en s&rsquo;inscrivant dans la d\u00e9marche technologique\u00a0: analyse de situations concr\u00e8tes, d\u00e9finition de probl\u00e9matiques sp\u00e9cifiques, recherche de solutions, mesure de l&rsquo;efficacit\u00e9 des d\u00e9cisions prises. Le recours aux technologies de l&rsquo;information et de la communication est incontournable quel que soit le domaine \u00e9tudi\u00e9.<\/p>\n<p>Pour la classe de terminale en 2019-2020, les anciens programmes sont encore vigueur :<\/p>\n<p><a href=\"https:\/\/eduscol.education.fr\/cid59326\/le-cycle-terminal-de-la-serie-stmg.html\">https:\/\/eduscol.education.fr\/cid59326\/le-cycle-terminal-de-la-serie-stmg.html<\/a><\/p>\n<p>&nbsp;<\/p>\n<p><span style=\"color: #3366ff\"><em>Ci-dessous vous trouverez les programmes de la r\u00e9forme du lyc\u00e9e applicable en 2020 pour la classe de terminale.<\/em><\/span><\/p>\n<p><a href=\"https:\/\/cache.media.education.gouv.fr\/file\/SPE8_MENJ_25_7_2019\/14\/1\/spe262_annexe2_1159141.pdf\">Programme de management, sciences de gestion et\u00a0num\u00e9rique de terminale STMG<\/a><\/p>\n<p><a href=\"https:\/\/cache.media.education.gouv.fr\/file\/SPE8_MENJ_25_7_2019\/13\/9\/spe262_annexe1_1159139.pdf\">Programme de droit-economie en terminale STMG<\/a><\/p>\n<p>&nbsp;<\/p>\n","protected":false},"excerpt":{"rendered":"<p>La classe\u00a0terminale\u00a0comprend quatre ENSEIGNEMENTS SPECIFIQUES : ressources humaines et communication, gestion et finance, mercatique et syst\u00e8me d&rsquo;information de gestion. Les objectifs, dans chaque sp\u00e9cialit\u00e9, sont de transmettre les notions essentielles [&hellip;]<\/p>\n","protected":false},"author":67,"featured_media":0,"parent":1100,"menu_order":0,"comment_status":"closed","ping_status":"closed","template":"","meta":{"footnotes":""},"class_list":["post-1193","page","type-page","status-publish","hentry","has_no_thumb"],"_links":{"self":[{"href":"https:\/\/site.ac-martinique.fr\/economie-gestion\/index.php?rest_route=\/wp\/v2\/pages\/1193","targetHints":{"allow":["GET"]}}],"collection":[{"href":"https:\/\/site.ac-martinique.fr\/economie-gestion\/index.php?rest_route=\/wp\/v2\/pages"}],"about":[{"href":"https:\/\/site.ac-martinique.fr\/economie-gestion\/index.php?rest_route=\/wp\/v2\/types\/page"}],"author":[{"embeddable":true,"href":"https:\/\/site.ac-martinique.fr\/economie-gestion\/index.php?rest_route=\/wp\/v2\/users\/67"}],"replies":[{"embeddable":true,"href":"https:\/\/site.ac-martinique.fr\/economie-gestion\/index.php?rest_route=%2Fwp%2Fv2%2Fcomments&post=1193"}],"version-history":[{"count":8,"href":"https:\/\/site.ac-martinique.fr\/economie-gestion\/index.php?rest_route=\/wp\/v2\/pages\/1193\/revisions"}],"predecessor-version":[{"id":4655,"href":"https:\/\/site.ac-martinique.fr\/economie-gestion\/index.php?rest_route=\/wp\/v2\/pages\/1193\/revisions\/4655"}],"up":[{"embeddable":true,"href":"https:\/\/site.ac-martinique.fr\/economie-gestion\/index.php?rest_route=\/wp\/v2\/pages\/1100"}],"wp:attachment":[{"href":"https:\/\/site.ac-martinique.fr\/economie-gestion\/index.php?rest_route=%2Fwp%2Fv2%2Fmedia&parent=1193"}],"curies":[{"name":"wp","href":"https:\/\/api.w.org\/{rel}","templated":true}]}}