{"id":1344,"date":"2012-11-12T14:39:24","date_gmt":"2012-11-12T18:39:24","guid":{"rendered":"https:\/\/site.ac-martinique.fr\/economie-gestion\/?page_id=1344"},"modified":"2021-09-25T18:59:50","modified_gmt":"2021-09-25T22:59:50","slug":"sts-professions-immobilieres","status":"publish","type":"page","link":"https:\/\/site.ac-martinique.fr\/economie-gestion\/?page_id=1344","title":{"rendered":"BTS Professions Immobili\u00e8res"},"content":{"rendered":"<ul>\n<li><a href=\"https:\/\/site.ac-martinique.fr\/economie-gestion\/?page_id=1361\">Pr\u00e9sentation<\/a><\/li>\n<li><a href=\"https:\/\/site.ac-martinique.fr\/economie-gestion\/?cat=143\">Derni\u00e8res nouvelles<\/a><\/li>\n<li><a href=\"https:\/\/site.ac-martinique.fr\/economie-gestion\/?cat=144\">Textes officiels<\/a><\/li>\n<li><a href=\"https:\/\/site.ac-martinique.fr\/economie-gestion\/?cat=157\">Ressources p\u00e9dagogiques<\/a><\/li>\n<\/ul>\n","protected":false},"excerpt":{"rendered":"<p>Pr\u00e9sentation Derni\u00e8res nouvelles Textes officiels Ressources p\u00e9dagogiques<\/p>\n","protected":false},"author":67,"featured_media":0,"parent":2166,"menu_order":0,"comment_status":"closed","ping_status":"closed","template":"","meta":{"footnotes":""},"class_list":["post-1344","page","type-page","status-publish","hentry","has_no_thumb"],"_links":{"self":[{"href":"https:\/\/site.ac-martinique.fr\/economie-gestion\/index.php?rest_route=\/wp\/v2\/pages\/1344","targetHints":{"allow":["GET"]}}],"collection":[{"href":"https:\/\/site.ac-martinique.fr\/economie-gestion\/index.php?rest_route=\/wp\/v2\/pages"}],"about":[{"href":"https:\/\/site.ac-martinique.fr\/economie-gestion\/index.php?rest_route=\/wp\/v2\/types\/page"}],"author":[{"embeddable":true,"href":"https:\/\/site.ac-martinique.fr\/economie-gestion\/index.php?rest_route=\/wp\/v2\/users\/67"}],"replies":[{"embeddable":true,"href":"https:\/\/site.ac-martinique.fr\/economie-gestion\/index.php?rest_route=%2Fwp%2Fv2%2Fcomments&post=1344"}],"version-history":[{"count":4,"href":"https:\/\/site.ac-martinique.fr\/economie-gestion\/index.php?rest_route=\/wp\/v2\/pages\/1344\/revisions"}],"predecessor-version":[{"id":4940,"href":"https:\/\/site.ac-martinique.fr\/economie-gestion\/index.php?rest_route=\/wp\/v2\/pages\/1344\/revisions\/4940"}],"up":[{"embeddable":true,"href":"https:\/\/site.ac-martinique.fr\/economie-gestion\/index.php?rest_route=\/wp\/v2\/pages\/2166"}],"wp:attachment":[{"href":"https:\/\/site.ac-martinique.fr\/economie-gestion\/index.php?rest_route=%2Fwp%2Fv2%2Fmedia&parent=1344"}],"curies":[{"name":"wp","href":"https:\/\/api.w.org\/{rel}","templated":true}]}}