{"id":2162,"date":"2013-02-09T20:17:24","date_gmt":"2013-02-10T00:17:24","guid":{"rendered":"https:\/\/site.ac-martinique.fr\/economie-gestion\/?page_id=2162"},"modified":"2013-10-11T10:29:32","modified_gmt":"2013-10-11T14:29:32","slug":"informatique","status":"publish","type":"page","link":"https:\/\/site.ac-martinique.fr\/economie-gestion\/?page_id=2162","title":{"rendered":"Informatique"},"content":{"rendered":"<ul>\n<li><a href=\"https:\/\/site.ac-martinique.fr\/economie-gestion\/?page_id=1145\">Services Informatiques aux Organisations<\/a><\/li>\n<ul>\n<li>Solutions Logicielles et Applications M\u00e9tiers<\/li>\n<li>Solutions d&rsquo;Infrastructures, Syst\u00e8mes et R\u00e9seaux<\/li>\n<\/ul>\n<\/ul>\n","protected":false},"excerpt":{"rendered":"<p>Services Informatiques aux Organisations Solutions Logicielles et Applications M\u00e9tiers Solutions d&rsquo;Infrastructures, Syst\u00e8mes et R\u00e9seaux<\/p>\n","protected":false},"author":67,"featured_media":0,"parent":1174,"menu_order":0,"comment_status":"closed","ping_status":"closed","template":"","meta":{"footnotes":""},"class_list":["post-2162","page","type-page","status-publish","hentry","has_no_thumb"],"_links":{"self":[{"href":"https:\/\/site.ac-martinique.fr\/economie-gestion\/index.php?rest_route=\/wp\/v2\/pages\/2162","targetHints":{"allow":["GET"]}}],"collection":[{"href":"https:\/\/site.ac-martinique.fr\/economie-gestion\/index.php?rest_route=\/wp\/v2\/pages"}],"about":[{"href":"https:\/\/site.ac-martinique.fr\/economie-gestion\/index.php?rest_route=\/wp\/v2\/types\/page"}],"author":[{"embeddable":true,"href":"https:\/\/site.ac-martinique.fr\/economie-gestion\/index.php?rest_route=\/wp\/v2\/users\/67"}],"replies":[{"embeddable":true,"href":"https:\/\/site.ac-martinique.fr\/economie-gestion\/index.php?rest_route=%2Fwp%2Fv2%2Fcomments&post=2162"}],"version-history":[{"count":2,"href":"https:\/\/site.ac-martinique.fr\/economie-gestion\/index.php?rest_route=\/wp\/v2\/pages\/2162\/revisions"}],"predecessor-version":[{"id":2728,"href":"https:\/\/site.ac-martinique.fr\/economie-gestion\/index.php?rest_route=\/wp\/v2\/pages\/2162\/revisions\/2728"}],"up":[{"embeddable":true,"href":"https:\/\/site.ac-martinique.fr\/economie-gestion\/index.php?rest_route=\/wp\/v2\/pages\/1174"}],"wp:attachment":[{"href":"https:\/\/site.ac-martinique.fr\/economie-gestion\/index.php?rest_route=%2Fwp%2Fv2%2Fmedia&parent=2162"}],"curies":[{"name":"wp","href":"https:\/\/api.w.org\/{rel}","templated":true}]}}