{"id":5300,"date":"2022-01-26T21:30:00","date_gmt":"2022-01-27T01:30:00","guid":{"rendered":"https:\/\/site.ac-martinique.fr\/economie-gestion\/?page_id=5300"},"modified":"2022-02-12T19:04:02","modified_gmt":"2022-02-12T23:04:02","slug":"le-bac-stmg-presentation-debouches-orientation-post-bac","status":"publish","type":"page","link":"https:\/\/site.ac-martinique.fr\/economie-gestion\/?page_id=5300","title":{"rendered":"Le BAC STMG, pr\u00e9sentation, d\u00e9bouch\u00e9s, orientation post-bac."},"content":{"rendered":"\n<div data-wp-interactive=\"core\/file\" class=\"wp-block-file\"><object data-wp-bind--hidden=\"!state.hasPdfPreview\" hidden class=\"wp-block-file__embed\" data=\"https:\/\/site.ac-martinique.fr\/economie-gestion\/wp-content\/uploads\/sites\/11\/2022\/02\/Flyer-STMG_26jan22_20h18.pdf\" type=\"application\/pdf\" style=\"width:100%;height:600px\" aria-label=\"Contenu embarqu\u00e9 Contenu embarqu\u00e9 Flyer-STMG_26jan_..\"><\/object><a id=\"wp-block-file--media-fce98755-e8c4-4e7c-83df-aa268081941f\" href=\"https:\/\/site.ac-martinique.fr\/economie-gestion\/wp-content\/uploads\/sites\/11\/2022\/02\/Flyer-STMG_26jan22_20h18.pdf\">Flyer-STMG_26jan_<\/a><a href=\"https:\/\/site.ac-martinique.fr\/economie-gestion\/wp-content\/uploads\/sites\/11\/2022\/02\/Flyer-STMG_26jan22_20h18.pdf\" class=\"wp-block-file__button\" download aria-describedby=\"wp-block-file--media-fce98755-e8c4-4e7c-83df-aa268081941f\">T\u00e9l\u00e9charger<\/a><\/div>\n\n\n\n<p><\/p>\n","protected":false},"excerpt":{"rendered":"","protected":false},"author":67,"featured_media":0,"parent":2000,"menu_order":0,"comment_status":"closed","ping_status":"closed","template":"","meta":{"footnotes":""},"class_list":["post-5300","page","type-page","status-publish","hentry","has_no_thumb"],"_links":{"self":[{"href":"https:\/\/site.ac-martinique.fr\/economie-gestion\/index.php?rest_route=\/wp\/v2\/pages\/5300","targetHints":{"allow":["GET"]}}],"collection":[{"href":"https:\/\/site.ac-martinique.fr\/economie-gestion\/index.php?rest_route=\/wp\/v2\/pages"}],"about":[{"href":"https:\/\/site.ac-martinique.fr\/economie-gestion\/index.php?rest_route=\/wp\/v2\/types\/page"}],"author":[{"embeddable":true,"href":"https:\/\/site.ac-martinique.fr\/economie-gestion\/index.php?rest_route=\/wp\/v2\/users\/67"}],"replies":[{"embeddable":true,"href":"https:\/\/site.ac-martinique.fr\/economie-gestion\/index.php?rest_route=%2Fwp%2Fv2%2Fcomments&post=5300"}],"version-history":[{"count":4,"href":"https:\/\/site.ac-martinique.fr\/economie-gestion\/index.php?rest_route=\/wp\/v2\/pages\/5300\/revisions"}],"predecessor-version":[{"id":5315,"href":"https:\/\/site.ac-martinique.fr\/economie-gestion\/index.php?rest_route=\/wp\/v2\/pages\/5300\/revisions\/5315"}],"up":[{"embeddable":true,"href":"https:\/\/site.ac-martinique.fr\/economie-gestion\/index.php?rest_route=\/wp\/v2\/pages\/2000"}],"wp:attachment":[{"href":"https:\/\/site.ac-martinique.fr\/economie-gestion\/index.php?rest_route=%2Fwp%2Fv2%2Fmedia&parent=5300"}],"curies":[{"name":"wp","href":"https:\/\/api.w.org\/{rel}","templated":true}]}}