{"id":1067,"date":"2018-01-02T12:23:04","date_gmt":"2018-01-02T16:23:04","guid":{"rendered":"\/edd2ndDeg\/?page_id=1067"},"modified":"2022-04-07T10:07:14","modified_gmt":"2022-04-07T14:07:14","slug":"seminaire-edd-2018","status":"publish","type":"page","link":"https:\/\/site.ac-martinique.fr\/edd\/?page_id=1067","title":{"rendered":"2018"},"content":{"rendered":"<p style=\"text-align: center;\">Le <strong>s\u00e9minaire EDD 2018<\/strong> se d\u00e9roulera les <strong>19 et 20 Avril 2018<\/strong>. Le th\u00e8me retenu pour cette ann\u00e9e est le suivant: <strong>Produire et consommer durablement <\/strong>.<\/p>\n<p>En amont du s\u00e9minaire nous vous proposons une s\u00e9lection de ressources en lien avec ce th\u00e8me.<\/p>\n<ol>\n<li>La <strong>Chambre d&rsquo;Agriculture de la Martinique<\/strong> propose de courts films pr\u00e9sentant diff\u00e9rents aspects de l&rsquo;agriculture durable en Martinique ( Le Bio \u00e0 la Martinique pour un territoire renouvel\u00e9, Tradisyion lagrikilti p\u00e9yi nou, Ecophyto&#8230;)<\/li>\n<\/ol>\n<p style=\"text-align: center;\"><a href=\"http:\/\/www.martinique.chambagri.fr\/nos-videos.html\">Les films de la Chambre d&rsquo;Agriculture de la Martinique<\/a><\/p>\n<p style=\"text-align: center;\">2. Le&nbsp;<strong>CCEE Martinique (Conseil de la Culture, de l&rsquo;Education et de l&rsquo;Environnement)<\/strong> propose des films sur la pratique du Lasot\u00e8, sur la m\u00e9decine traditionnelle et la pharmacop\u00e9e traditionnelle.<\/p>\n<div style=\"text-align: center;\"><a href=\"http:\/\/www.ccee-martinique.fr\/productions-et-manifestations?start=8\">Films du CCEE Martinique<\/a><\/div>\n<div style=\"text-align: left;\"><\/div>\n<div style=\"text-align: left;\">3. Les Etats g\u00e9n\u00e9raux de l&rsquo;Alimentation&nbsp; se sont d\u00e9roul\u00e9s \u00e0 la fin de l&rsquo;ann\u00e9e 2017&nbsp;\u00e9taiet un temps d&rsquo;\u00e9changes et de propositions de solutions<\/div>\n<div>Consulter:<\/div>\n<ul>\n<li><a href=\"http:\/\/fr.calameo.com\/read\/003196979a12f5ca0f08d\">Le magazine propos\u00e9 par le Minist\u00e8re de l&rsquo;Agriculture et de l&rsquo;Alimentation sur les Etats g\u00e9n\u00e9raux de l&rsquo;Alimentation<\/a><\/li>\n<li><a href=\"https:\/\/www.egalimentation.gouv.fr\/projects\">Les r\u00e9sultats des consultations publiques men\u00e9es \u00e0 l&rsquo;occasion des Etats G\u00e9n\u00e9raux de l&rsquo;Alimentation (R\u00e9mun\u00e9ration \u00e9quitable de sproducteurs, s\u00e9curit\u00e9 alimentaire, soutenir des consommation plus responsables&#8230;)<\/a><\/li>\n<\/ul>\n<div><\/div>\n<div><\/div>\n","protected":false},"excerpt":{"rendered":"<p>Le s\u00e9minaire EDD 2018 se d\u00e9roulera les 19 et 20 Avril 2018. Le th\u00e8me retenu pour cette ann\u00e9e est le suivant: Produire et consommer durablement . En amont du s\u00e9minaire nous vous proposons une s\u00e9lection de ressources en lien avec ce th\u00e8me. La Chambre d&rsquo;Agriculture de la Martinique propose de courts films pr\u00e9sentant diff\u00e9rents aspects &hellip; <a href=\"https:\/\/site.ac-martinique.fr\/edd\/?page_id=1067\" class=\"more-link\">Continuer la lecture de <span class=\"screen-reader-text\">2018<\/span>  <span class=\"meta-nav\">&rarr;<\/span><\/a><\/p>\n","protected":false},"author":68,"featured_media":0,"parent":203,"menu_order":0,"comment_status":"closed","ping_status":"closed","template":"","meta":{"footnotes":""},"class_list":["post-1067","page","type-page","status-publish","hentry"],"_links":{"self":[{"href":"https:\/\/site.ac-martinique.fr\/edd\/index.php?rest_route=\/wp\/v2\/pages\/1067","targetHints":{"allow":["GET"]}}],"collection":[{"href":"https:\/\/site.ac-martinique.fr\/edd\/index.php?rest_route=\/wp\/v2\/pages"}],"about":[{"href":"https:\/\/site.ac-martinique.fr\/edd\/index.php?rest_route=\/wp\/v2\/types\/page"}],"author":[{"embeddable":true,"href":"https:\/\/site.ac-martinique.fr\/edd\/index.php?rest_route=\/wp\/v2\/users\/68"}],"replies":[{"embeddable":true,"href":"https:\/\/site.ac-martinique.fr\/edd\/index.php?rest_route=%2Fwp%2Fv2%2Fcomments&post=1067"}],"version-history":[{"count":5,"href":"https:\/\/site.ac-martinique.fr\/edd\/index.php?rest_route=\/wp\/v2\/pages\/1067\/revisions"}],"predecessor-version":[{"id":2024,"href":"https:\/\/site.ac-martinique.fr\/edd\/index.php?rest_route=\/wp\/v2\/pages\/1067\/revisions\/2024"}],"up":[{"embeddable":true,"href":"https:\/\/site.ac-martinique.fr\/edd\/index.php?rest_route=\/wp\/v2\/pages\/203"}],"wp:attachment":[{"href":"https:\/\/site.ac-martinique.fr\/edd\/index.php?rest_route=%2Fwp%2Fv2%2Fmedia&parent=1067"}],"curies":[{"name":"wp","href":"https:\/\/api.w.org\/{rel}","templated":true}]}}