{"id":1214,"date":"2019-09-27T09:32:18","date_gmt":"2019-09-27T13:32:18","guid":{"rendered":"\/edd2ndDeg\/?page_id=1214"},"modified":"2019-09-27T09:32:35","modified_gmt":"2019-09-27T13:32:35","slug":"nouvelle-phase-de-generalisation-de-ledd-2030","status":"publish","type":"page","link":"https:\/\/site.ac-martinique.fr\/edd\/?page_id=1214","title":{"rendered":"Nouvelle phase de g\u00e9n\u00e9ralisation de l\u2019EDD-2030"},"content":{"rendered":"<p>La premi\u00e8re partie du Bulletin Officiel du 29 Ao\u00fbt 2019 est consacr\u00e9e \u00e0 la nouvelle phase de g\u00e9n\u00e9ralisation de l&rsquo;EDD et sa mise en oeuvre dans les \u00e9tablissements scolaires.<\/p>\n<p><a href=\"https:\/\/cache.media.education.gouv.fr\/file\/31\/22\/9\/BO31_MENJ_1164229.pdf\">Consulter le BO du 29 Ao\u00fbt 2019<\/a><\/p>\n","protected":false},"excerpt":{"rendered":"<p>La premi\u00e8re partie du Bulletin Officiel du 29 Ao\u00fbt 2019 est consacr\u00e9e \u00e0 la nouvelle phase de g\u00e9n\u00e9ralisation de l&rsquo;EDD et sa mise en oeuvre dans les \u00e9tablissements scolaires. Consulter le BO du 29 Ao\u00fbt 2019<\/p>\n","protected":false},"author":68,"featured_media":0,"parent":247,"menu_order":0,"comment_status":"closed","ping_status":"closed","template":"","meta":{"footnotes":""},"class_list":["post-1214","page","type-page","status-publish","hentry"],"_links":{"self":[{"href":"https:\/\/site.ac-martinique.fr\/edd\/index.php?rest_route=\/wp\/v2\/pages\/1214","targetHints":{"allow":["GET"]}}],"collection":[{"href":"https:\/\/site.ac-martinique.fr\/edd\/index.php?rest_route=\/wp\/v2\/pages"}],"about":[{"href":"https:\/\/site.ac-martinique.fr\/edd\/index.php?rest_route=\/wp\/v2\/types\/page"}],"author":[{"embeddable":true,"href":"https:\/\/site.ac-martinique.fr\/edd\/index.php?rest_route=\/wp\/v2\/users\/68"}],"replies":[{"embeddable":true,"href":"https:\/\/site.ac-martinique.fr\/edd\/index.php?rest_route=%2Fwp%2Fv2%2Fcomments&post=1214"}],"version-history":[{"count":1,"href":"https:\/\/site.ac-martinique.fr\/edd\/index.php?rest_route=\/wp\/v2\/pages\/1214\/revisions"}],"predecessor-version":[{"id":1215,"href":"https:\/\/site.ac-martinique.fr\/edd\/index.php?rest_route=\/wp\/v2\/pages\/1214\/revisions\/1215"}],"up":[{"embeddable":true,"href":"https:\/\/site.ac-martinique.fr\/edd\/index.php?rest_route=\/wp\/v2\/pages\/247"}],"wp:attachment":[{"href":"https:\/\/site.ac-martinique.fr\/edd\/index.php?rest_route=%2Fwp%2Fv2%2Fmedia&parent=1214"}],"curies":[{"name":"wp","href":"https:\/\/api.w.org\/{rel}","templated":true}]}}