{"id":1260,"date":"2020-03-05T10:55:16","date_gmt":"2020-03-05T14:55:16","guid":{"rendered":"\/edd\/?page_id=1260"},"modified":"2020-03-05T10:55:16","modified_gmt":"2020-03-05T14:55:16","slug":"tri-selectif-recyclage-et-gaspillage-alimentaire-2","status":"publish","type":"page","link":"https:\/\/site.ac-martinique.fr\/edd\/?page_id=1260","title":{"rendered":"Tri s\u00e9lectif, recyclage et gaspillage alimentaire"},"content":{"rendered":"<p><strong>Les acteurs publics<\/strong><\/p>\n<table width=\"602\">\n<tbody>\n<tr>\n<td width=\"150\">Nom du partenaire<\/td>\n<td width=\"150\">Type de partenariat<\/td>\n<td width=\"150\">Adresse postale et web<\/td>\n<td width=\"150\">Coordonn\u00e9es<\/td>\n<\/tr>\n<tr>\n<td width=\"150\">Syndicat Martiniquais de Traitement et de Valorisation des D\u00e9chets SMTVD<\/td>\n<td width=\"150\">Information et sensibilisation pour limiter et g\u00e9rer la production de d\u00e9chets,<\/p>\n<p>Visite sur site de TVD<\/p>\n<p>&nbsp;<\/td>\n<td width=\"150\"><a href=\"https:\/\/www.smtvd.fr\">https:\/\/www.smtvd.fr<\/a><\/p>\n<p>&nbsp;<\/p>\n<p>Carte des d\u00e9ch\u00e8teries<\/p>\n<p>&nbsp;<\/p>\n<p>Des informations utiles sur les d\u00e9chets en Martinique (chiffres, agir, r\u00e8glementations, la collecte)<\/td>\n<td width=\"150\">(inconnu \u00e0 ce jour)<\/td>\n<\/tr>\n<\/tbody>\n<\/table>\n<p>&nbsp;<\/p>\n","protected":false},"excerpt":{"rendered":"<p>Les acteurs publics Nom du partenaire Type de partenariat Adresse postale et web Coordonn\u00e9es Syndicat Martiniquais de Traitement et de Valorisation des D\u00e9chets SMTVD Information et sensibilisation pour limiter et g\u00e9rer la production de d\u00e9chets, Visite sur site de TVD &nbsp; https:\/\/www.smtvd.fr &nbsp; Carte des d\u00e9ch\u00e8teries &nbsp; Des informations utiles sur les d\u00e9chets en Martinique &hellip; <a href=\"https:\/\/site.ac-martinique.fr\/edd\/?page_id=1260\" class=\"more-link\">Continuer la lecture de <span class=\"screen-reader-text\">Tri s\u00e9lectif, recyclage et gaspillage alimentaire<\/span>  <span class=\"meta-nav\">&rarr;<\/span><\/a><\/p>\n","protected":false},"author":68,"featured_media":0,"parent":0,"menu_order":0,"comment_status":"closed","ping_status":"closed","template":"","meta":{"footnotes":""},"class_list":["post-1260","page","type-page","status-publish","hentry"],"_links":{"self":[{"href":"https:\/\/site.ac-martinique.fr\/edd\/index.php?rest_route=\/wp\/v2\/pages\/1260","targetHints":{"allow":["GET"]}}],"collection":[{"href":"https:\/\/site.ac-martinique.fr\/edd\/index.php?rest_route=\/wp\/v2\/pages"}],"about":[{"href":"https:\/\/site.ac-martinique.fr\/edd\/index.php?rest_route=\/wp\/v2\/types\/page"}],"author":[{"embeddable":true,"href":"https:\/\/site.ac-martinique.fr\/edd\/index.php?rest_route=\/wp\/v2\/users\/68"}],"replies":[{"embeddable":true,"href":"https:\/\/site.ac-martinique.fr\/edd\/index.php?rest_route=%2Fwp%2Fv2%2Fcomments&post=1260"}],"version-history":[{"count":1,"href":"https:\/\/site.ac-martinique.fr\/edd\/index.php?rest_route=\/wp\/v2\/pages\/1260\/revisions"}],"predecessor-version":[{"id":1261,"href":"https:\/\/site.ac-martinique.fr\/edd\/index.php?rest_route=\/wp\/v2\/pages\/1260\/revisions\/1261"}],"wp:attachment":[{"href":"https:\/\/site.ac-martinique.fr\/edd\/index.php?rest_route=%2Fwp%2Fv2%2Fmedia&parent=1260"}],"curies":[{"name":"wp","href":"https:\/\/api.w.org\/{rel}","templated":true}]}}