{"id":1262,"date":"2020-03-05T10:56:33","date_gmt":"2020-03-05T14:56:33","guid":{"rendered":"\/edd\/?page_id=1262"},"modified":"2023-07-10T10:33:56","modified_gmt":"2023-07-10T14:33:56","slug":"les-acteurs-publics-pour-tous-les-champs-de-ledd","status":"publish","type":"page","link":"https:\/\/site.ac-martinique.fr\/edd\/?page_id=1262","title":{"rendered":"Les acteurs publics pour tous les champs de l&rsquo;EDD"},"content":{"rendered":"<p><strong><u>\u00a0<\/u><\/strong><\/p>\n<table width=\"602\">\n<tbody>\n<tr>\n<td width=\"150\">Nom du partenaire<\/td>\n<td width=\"150\">Type de partenariat<\/td>\n<td width=\"150\">Adresse postale et web<\/td>\n<td width=\"150\">Coordonn\u00e9es<\/td>\n<\/tr>\n<tr>\n<td width=\"150\">CTM<\/td>\n<td width=\"150\">Sensibilisation, formation, financement<\/td>\n<td width=\"150\"><a href=\"mailto:MARIE-EUGENIE.LOUVOUNOU@collectivitedemartinique.mq\">MARIE-EUGENIE.LOUVOUNOU@collectivitedemartinique.mq<\/a><\/p>\n<p><a href=\"https:\/\/www.collectivitedemartinique.mq\">https:\/\/www.collectivitedemartinique.mq<\/a><\/td>\n<td width=\"150\"><strong>Marie-Eug\u00e9nie Louvounou<\/strong><\/p>\n<p>Cheffe de mission Economie des ressources<\/p>\n<p>Direction de l\u2019Environnement et de l\u2019Energie<\/td>\n<\/tr>\n<tr>\n<td width=\"150\">DEAL<\/td>\n<td width=\"150\">Mise en \u0153uvre d\u2019op\u00e9rations nationales (ex\u00a0: la Semaine du DD 30 mai ou 05 juin)<\/p>\n<p>Organisation de colloques et s\u00e9minaires d\u2019information et de sensibilisation<\/p>\n<p>Participation aux actions d\u2019\u00e9ducation \u00e0 l\u2019environnement<\/p>\n<p>Mise \u00e0 disposition de ressources sur l\u2019EDD au CRD<\/td>\n<td width=\"150\"><a href=\"mailto:patricia.etinof@developpementdurable.gouv.fr\">patricia.etinof@developpementdurable.gouv.fr<\/a><\/p>\n<p><a href=\"http:\/\/www.side.developpement-durable.gouv.fr\/EXPLOITATION\/DRMART\/accueil-martinique.aspx\">http:\/\/www.side.developpement-durable.gouv.fr\/EXPLOITATION\/DRMART\/accueil-martinique.aspx#<\/a><\/td>\n<td width=\"150\"><strong>Patricia Etinof<\/strong><\/p>\n<p>Pointe de Jaham (nouveau b\u00e2timent H au rez-de-voirie)<\/p>\n<p>0596 59 58 03<\/td>\n<\/tr>\n<tr>\n<td width=\"150\">Cap Nord<\/td>\n<td width=\"150\">Sensibilisation, formation, financement<\/p>\n<p>Le programme Eco-Ecole est port\u00e9 par le service pr\u00e9vention et \u00e9ducation \u00e0 l&rsquo;environnement.<\/td>\n<td width=\"150\"><a href=\"mailto:ate@capnordmartinique.fr\">ate@capnordmartinique.fr<\/a><\/p>\n<p><a href=\"http:\/\/www.capnordmartinique.fr\">http:\/\/www.capnordmartinique.fr<\/a><\/td>\n<td width=\"150\"><strong>Frantz SINSEAU<\/strong><\/p>\n<p><a href=\"mailto:frantz.sinseau@capnordmartinique.fr\">frantz.sinseau@capnordmartinique.fr<\/a><\/p>\n<p>et\/ou<\/p>\n<p>\u00c9crire une lettre au pr\u00e9sident s\/c du chef d\u2019\u00e9tablissement + copie du courrier au Secr\u00e9tariat de Direction de Cap Nord (4 mois avant l\u2019action souhait\u00e9e)<\/p>\n<p><strong>\u00a0<\/strong><\/td>\n<\/tr>\n<tr>\n<td width=\"150\">CACEM<\/td>\n<td width=\"150\">Sensibilisation, formation, financement<\/td>\n<td width=\"150\"><a href=\"http:\/\/www.cacem.org\">http:\/\/www.cacem.org<\/a><\/p>\n<p><a href=\"https:\/\/site.ac-martinique.fr\/edd\/?page_id=2213(ouvre un nouvel onglet)\" data-wplink-url-error=\"true\">Interventions de la CACEM dams les \u00e9tablissements: Voir les th\u00e9matiques<\/a><\/td>\n<td width=\"150\">\u00c9crire une lettre au pr\u00e9sident s\/c du chef d\u2019\u00e9tablissement + copie du courrier au Secr\u00e9tariat de Direction de la CACEM (4 mois avant l\u2019action souhait\u00e9e)<\/td>\n<\/tr>\n<tr>\n<td width=\"150\">Espace Sud<\/td>\n<td width=\"150\">Sensibilisation, formation, financement<\/td>\n<td width=\"150\"><a href=\"mailto:espacesud@espacesud.fr\">espacesud@espacesud.fr<\/a><\/td>\n<td width=\"150\"><strong>Audrey Bellay<\/strong><\/p>\n<p><a href=\"mailto:audrey.bellay@espacesud.fr\">audrey.bellay@espacesud.fr<\/a><\/p>\n<p>0 596 62 53 53 (standard)<\/p>\n<p>et\/ou<br \/>\n\u00c9crire une lettre au pr\u00e9sident s\/c du chef d\u2019\u00e9tablissement + copie du courrier au Secr\u00e9tariat de Direction de l\u2019Espace Sud (4 mois avant l\u2019action souhait\u00e9e)<\/td>\n<\/tr>\n<tr>\n<td width=\"150\">Mairie<\/td>\n<td width=\"150\">Sensibilisation, formation, financement<\/td>\n<td width=\"150\"><\/td>\n<td width=\"150\">Service environnement et\/ou d\u00e9veloppement durable (se rapprocher de votre mairie)<\/td>\n<\/tr>\n<\/tbody>\n<\/table>\n","protected":false},"excerpt":{"rendered":"<p>\u00a0 Nom du partenaire Type de partenariat Adresse postale et web Coordonn\u00e9es CTM Sensibilisation, formation, financement MARIE-EUGENIE.LOUVOUNOU@collectivitedemartinique.mq https:\/\/www.collectivitedemartinique.mq Marie-Eug\u00e9nie Louvounou Cheffe de mission Economie des ressources Direction de l\u2019Environnement et de l\u2019Energie DEAL Mise en \u0153uvre d\u2019op\u00e9rations nationales (ex\u00a0: la Semaine du DD 30 mai ou 05 juin) Organisation de colloques et s\u00e9minaires d\u2019information et &hellip; <a href=\"https:\/\/site.ac-martinique.fr\/edd\/?page_id=1262\" class=\"more-link\">Continuer la lecture de <span class=\"screen-reader-text\">Les acteurs publics pour tous les champs de l&rsquo;EDD<\/span>  <span class=\"meta-nav\">&rarr;<\/span><\/a><\/p>\n","protected":false},"author":68,"featured_media":0,"parent":0,"menu_order":0,"comment_status":"closed","ping_status":"closed","template":"","meta":{"footnotes":""},"class_list":["post-1262","page","type-page","status-publish","hentry"],"_links":{"self":[{"href":"https:\/\/site.ac-martinique.fr\/edd\/index.php?rest_route=\/wp\/v2\/pages\/1262","targetHints":{"allow":["GET"]}}],"collection":[{"href":"https:\/\/site.ac-martinique.fr\/edd\/index.php?rest_route=\/wp\/v2\/pages"}],"about":[{"href":"https:\/\/site.ac-martinique.fr\/edd\/index.php?rest_route=\/wp\/v2\/types\/page"}],"author":[{"embeddable":true,"href":"https:\/\/site.ac-martinique.fr\/edd\/index.php?rest_route=\/wp\/v2\/users\/68"}],"replies":[{"embeddable":true,"href":"https:\/\/site.ac-martinique.fr\/edd\/index.php?rest_route=%2Fwp%2Fv2%2Fcomments&post=1262"}],"version-history":[{"count":2,"href":"https:\/\/site.ac-martinique.fr\/edd\/index.php?rest_route=\/wp\/v2\/pages\/1262\/revisions"}],"predecessor-version":[{"id":2218,"href":"https:\/\/site.ac-martinique.fr\/edd\/index.php?rest_route=\/wp\/v2\/pages\/1262\/revisions\/2218"}],"wp:attachment":[{"href":"https:\/\/site.ac-martinique.fr\/edd\/index.php?rest_route=%2Fwp%2Fv2%2Fmedia&parent=1262"}],"curies":[{"name":"wp","href":"https:\/\/api.w.org\/{rel}","templated":true}]}}