{"id":1287,"date":"2020-05-31T18:58:01","date_gmt":"2020-05-31T22:58:01","guid":{"rendered":"\/edd\/?page_id=1287"},"modified":"2020-05-31T18:59:09","modified_gmt":"2020-05-31T22:59:09","slug":"continuite-pedagogique_edd-a-distance","status":"publish","type":"page","link":"https:\/\/site.ac-martinique.fr\/edd\/?page_id=1287","title":{"rendered":"Continuit\u00e9 p\u00e9dagogique_EDD \u00e0 distance"},"content":{"rendered":"<p>L&rsquo;acad\u00e9mie de Versailles propose une liste de ressources pour poursuivre l&rsquo;EDD \u00e0 distance.<\/p>\n<p>T\u00e9l\u00e9chargez ce document:\u00a0<a href=\"https:\/\/edd.ac-versailles.fr\/IMG\/pdf\/ressources_edd_confinement.pdf\">https:\/\/edd.ac-versailles.fr\/IMG\/pdf\/ressources_edd_confinement.pdf<\/a><\/p>\n","protected":false},"excerpt":{"rendered":"<p>L&rsquo;acad\u00e9mie de Versailles propose une liste de ressources pour poursuivre l&rsquo;EDD \u00e0 distance. T\u00e9l\u00e9chargez ce document:\u00a0https:\/\/edd.ac-versailles.fr\/IMG\/pdf\/ressources_edd_confinement.pdf<\/p>\n","protected":false},"author":68,"featured_media":0,"parent":0,"menu_order":0,"comment_status":"closed","ping_status":"closed","template":"","meta":{"footnotes":""},"class_list":["post-1287","page","type-page","status-publish","hentry"],"_links":{"self":[{"href":"https:\/\/site.ac-martinique.fr\/edd\/index.php?rest_route=\/wp\/v2\/pages\/1287","targetHints":{"allow":["GET"]}}],"collection":[{"href":"https:\/\/site.ac-martinique.fr\/edd\/index.php?rest_route=\/wp\/v2\/pages"}],"about":[{"href":"https:\/\/site.ac-martinique.fr\/edd\/index.php?rest_route=\/wp\/v2\/types\/page"}],"author":[{"embeddable":true,"href":"https:\/\/site.ac-martinique.fr\/edd\/index.php?rest_route=\/wp\/v2\/users\/68"}],"replies":[{"embeddable":true,"href":"https:\/\/site.ac-martinique.fr\/edd\/index.php?rest_route=%2Fwp%2Fv2%2Fcomments&post=1287"}],"version-history":[{"count":3,"href":"https:\/\/site.ac-martinique.fr\/edd\/index.php?rest_route=\/wp\/v2\/pages\/1287\/revisions"}],"predecessor-version":[{"id":1290,"href":"https:\/\/site.ac-martinique.fr\/edd\/index.php?rest_route=\/wp\/v2\/pages\/1287\/revisions\/1290"}],"wp:attachment":[{"href":"https:\/\/site.ac-martinique.fr\/edd\/index.php?rest_route=%2Fwp%2Fv2%2Fmedia&parent=1287"}],"curies":[{"name":"wp","href":"https:\/\/api.w.org\/{rel}","templated":true}]}}