{"id":1428,"date":"2020-11-12T10:29:26","date_gmt":"2020-11-12T14:29:26","guid":{"rendered":"\/edd\/?page_id=1428"},"modified":"2022-04-07T10:09:49","modified_gmt":"2022-04-07T14:09:49","slug":"seminaire-eaudd-novembre-2020","status":"publish","type":"page","link":"https:\/\/site.ac-martinique.fr\/edd\/?page_id=1428","title":{"rendered":"2020"},"content":{"rendered":"<p style=\"text-align: center;\"><strong>Retrouvez les ressources pr\u00e9sent\u00e9es lors du s\u00e9minaire Eau&rsquo;DD les jeudi 12 et vendredi 13 Novembre 2020.<\/strong><\/p>\n<p style=\"text-align: center;\"><span style=\"color: #ff6600;\"><strong>Ressources pr\u00e9sent\u00e9es le Jeudi 12 Novembre 2020<\/strong><\/span><\/p>\n<ul>\n<li>Visite virtuelle comment\u00e9e du sentier sous-marin des \u00eelets du Fran\u00e7ois (Mathilde Brassy du Carbet des Sciences).&nbsp;<a href=\"https:\/\/www.carbet-sciences.net\/visite-virtuelle\/\">Acc\u00e9der \u00e0 la visite virtuelle&nbsp;<\/a><\/li>\n<\/ul>\n<ul>\n<li>Visite virtuelle comment\u00e9e de&nbsp; deux&nbsp;mares de Martinique&nbsp; (David Matyas du P\u00f4le Relais Zones Humides)<\/li>\n<\/ul>\n<p style=\"text-align: center;\">Publication en ligne \u00e0 venir<\/p>\n<ul>\n<li>Visite virtuelle comment\u00e9e du bassin versant du Galion&nbsp; (Ludovic Louis et Frantz Sinseau de Cap Nord).<em>&nbsp;<\/em><a href=\"https:\/\/www.thinglink.com\/card\/1382207334045974530\">Acc\u00e9der \u00e0 la visite virtuelle comment\u00e9e&nbsp;<\/a><\/li>\n<\/ul>\n<p><em>Les loupes rouges permettent d&rsquo;acc\u00e9der au contenu audio et \u00e0 des photos; les points GPS jaunes permettent de se d\u00e9placer de lieu en lieu.<\/em><\/p>\n<ul>\n<li>Pr\u00e9sentations de l&rsquo;ODE (continuit\u00e9 \u00e9cologique, site de l&rsquo;observatoire de l&rsquo;eau en filant l&rsquo;exemple sur le bassin versant de la L\u00e9zarde) par Lo\u00efc Mangeot, Alexandre Arque et Guillaume Raimbaud de l&rsquo;ODE<\/li>\n<\/ul>\n<p style=\"text-align: center;\"><a href=\"https:\/\/cartes.observatoire-eau-martinique.fr\/adws\/app\/8fe7dcff-4604-11e7-9b71-a5b6f409a924\/index.html\">Carte interactive des milieux aquatiques (suivi des milieux, qualit\u00e9 des eaux, assainissement, eau potable&#8230;)<\/a><\/p>\n<p style=\"text-align: center;\"><strong><span style=\"color: #ff6600;\">Ressources pr\u00e9sent\u00e9es le vendredi 13 Novembre 2020<\/span><\/strong><\/p>\n<ul>\n<li>Posters des 17 Objectifs de DD de l&rsquo;ONU (ODD) propos\u00e9s par la fondation GoodPlanet. Possibilit\u00e9 de les t\u00e9l\u00e9charger pour \u00e9ventuellement les imprimer aux format A3 ou A4. <a href=\"http:\/\/www.ledeveloppementdurable.fr\/odd\/\">Acc\u00e9der aux posters.<\/a><\/li>\n<\/ul>\n<ul>\n<li style=\"text-align: left;\">Dossier de Canop\u00e9 regroupant des propositions de s\u00e9quences p\u00e9dagogiques en lien avec les Posters des 17 ODD de l&rsquo;ONU.&nbsp;<a href=\"https:\/\/cdn.reseau-canope.fr\/archivage\/valid\/NT-objectifs-de-developpement-durable---dossier-pedagogique-24243-16515.pdf\">Acc\u00e9der au dossier de Canop\u00e9<\/a><\/li>\n<\/ul>\n<ul>\n<li>Ressources de la Fondation Elyx:&nbsp;<a href=\"https:\/\/www.youtube.com\/watch?v=y2xhT0wfA84\">Acc\u00e9der aux ressources&nbsp;<\/a><\/li>\n<\/ul>\n<ul>\n<li>La th\u00e9orie du Donut de l&rsquo;\u00e9conomiste Rayworth&nbsp;<a href=\"https:\/\/www.youtube.com\/watch?v=y2xhT0wfA84\">Acc\u00e9der \u00e0 la vid\u00e9o<\/a><\/li>\n<\/ul>\n<ul>\n<li>Site R\u00e9inventer le monde, propose des podcasts et un outil pour cr\u00e9er soi-m\u00eame des podcasts. <a href=\"https:\/\/www.reinventer-le-monde.fr\/\">Acc\u00e9der au site&nbsp;<\/a><\/li>\n<\/ul>\n<ul>\n<li>L&rsquo;UVED Universit\u00e9 virtuelle Environnement et D\u00e9veloppement Durable, propose des MOOC pour la formation des enseignants. Th\u00e9matiques li\u00e9es aux ODD. <a href=\"https:\/\/www.uved.fr\/\">Acc\u00e9der au site<\/a><\/li>\n<\/ul>\n<p>&nbsp;<\/p>\n<p>&nbsp;<\/p>\n","protected":false},"excerpt":{"rendered":"<p>Retrouvez les ressources pr\u00e9sent\u00e9es lors du s\u00e9minaire Eau&rsquo;DD les jeudi 12 et vendredi 13 Novembre 2020. Ressources pr\u00e9sent\u00e9es le Jeudi 12 Novembre 2020 Visite virtuelle comment\u00e9e du sentier sous-marin des \u00eelets du Fran\u00e7ois (Mathilde Brassy du Carbet des Sciences).&nbsp;Acc\u00e9der \u00e0 la visite virtuelle&nbsp; Visite virtuelle comment\u00e9e de&nbsp; deux&nbsp;mares de Martinique&nbsp; (David Matyas du P\u00f4le Relais &hellip; <a href=\"https:\/\/site.ac-martinique.fr\/edd\/?page_id=1428\" class=\"more-link\">Continuer la lecture de <span class=\"screen-reader-text\">2020<\/span>  <span class=\"meta-nav\">&rarr;<\/span><\/a><\/p>\n","protected":false},"author":68,"featured_media":0,"parent":0,"menu_order":0,"comment_status":"closed","ping_status":"closed","template":"","meta":{"footnotes":""},"class_list":["post-1428","page","type-page","status-publish","hentry"],"_links":{"self":[{"href":"https:\/\/site.ac-martinique.fr\/edd\/index.php?rest_route=\/wp\/v2\/pages\/1428","targetHints":{"allow":["GET"]}}],"collection":[{"href":"https:\/\/site.ac-martinique.fr\/edd\/index.php?rest_route=\/wp\/v2\/pages"}],"about":[{"href":"https:\/\/site.ac-martinique.fr\/edd\/index.php?rest_route=\/wp\/v2\/types\/page"}],"author":[{"embeddable":true,"href":"https:\/\/site.ac-martinique.fr\/edd\/index.php?rest_route=\/wp\/v2\/users\/68"}],"replies":[{"embeddable":true,"href":"https:\/\/site.ac-martinique.fr\/edd\/index.php?rest_route=%2Fwp%2Fv2%2Fcomments&post=1428"}],"version-history":[{"count":2,"href":"https:\/\/site.ac-martinique.fr\/edd\/index.php?rest_route=\/wp\/v2\/pages\/1428\/revisions"}],"predecessor-version":[{"id":2027,"href":"https:\/\/site.ac-martinique.fr\/edd\/index.php?rest_route=\/wp\/v2\/pages\/1428\/revisions\/2027"}],"wp:attachment":[{"href":"https:\/\/site.ac-martinique.fr\/edd\/index.php?rest_route=%2Fwp%2Fv2%2Fmedia&parent=1428"}],"curies":[{"name":"wp","href":"https:\/\/api.w.org\/{rel}","templated":true}]}}