{"id":1464,"date":"2020-11-24T10:18:53","date_gmt":"2020-11-24T14:18:53","guid":{"rendered":"\/edd\/?page_id=1464"},"modified":"2021-03-29T10:12:15","modified_gmt":"2021-03-29T14:12:15","slug":"role-de-lecodelegue-de-classe","status":"publish","type":"page","link":"https:\/\/site.ac-martinique.fr\/edd\/?page_id=1464","title":{"rendered":"R\u00f4le de l&rsquo;\u00e9cod\u00e9l\u00e9gu\u00e9 de classe"},"content":{"rendered":"<p>Ressource produite par l&rsquo;ADEME<\/p>\n<p><strong>Guide de l&rsquo;\u00e9co-d\u00e9l\u00e9gu\u00e9 2020 pour le coll\u00e8ge:<\/strong><\/p>\n<p><a href=\"\/edd\/wp-content\/uploads\/sites\/12\/2020\/09\/Guide_ADEME_EcoDelegue_2020_1248315-1.pdf\">T\u00e9l\u00e9charger le guide<\/a><\/p>\n<p>&nbsp;<\/p>\n<p><strong>Guide de l&rsquo;\u00e9co-d\u00e9l\u00e9gu\u00e9 2020 pour le lyc\u00e9e:<\/strong><\/p>\n<p><a href=\"\/edd\/wp-content\/uploads\/sites\/12\/2020\/12\/guide-de-l-co-d-l-gu-au-lyc-e-73391_0.pdf\">T\u00e9l\u00e9charger le guide<\/a><\/p>\n","protected":false},"excerpt":{"rendered":"<p>Ressource produite par l&rsquo;ADEME Guide de l&rsquo;\u00e9co-d\u00e9l\u00e9gu\u00e9 2020 pour le coll\u00e8ge: T\u00e9l\u00e9charger le guide &nbsp; Guide de l&rsquo;\u00e9co-d\u00e9l\u00e9gu\u00e9 2020 pour le lyc\u00e9e: T\u00e9l\u00e9charger le guide<\/p>\n","protected":false},"author":68,"featured_media":0,"parent":0,"menu_order":0,"comment_status":"closed","ping_status":"closed","template":"","meta":{"footnotes":""},"class_list":["post-1464","page","type-page","status-publish","hentry"],"_links":{"self":[{"href":"https:\/\/site.ac-martinique.fr\/edd\/index.php?rest_route=\/wp\/v2\/pages\/1464","targetHints":{"allow":["GET"]}}],"collection":[{"href":"https:\/\/site.ac-martinique.fr\/edd\/index.php?rest_route=\/wp\/v2\/pages"}],"about":[{"href":"https:\/\/site.ac-martinique.fr\/edd\/index.php?rest_route=\/wp\/v2\/types\/page"}],"author":[{"embeddable":true,"href":"https:\/\/site.ac-martinique.fr\/edd\/index.php?rest_route=\/wp\/v2\/users\/68"}],"replies":[{"embeddable":true,"href":"https:\/\/site.ac-martinique.fr\/edd\/index.php?rest_route=%2Fwp%2Fv2%2Fcomments&post=1464"}],"version-history":[{"count":1,"href":"https:\/\/site.ac-martinique.fr\/edd\/index.php?rest_route=\/wp\/v2\/pages\/1464\/revisions"}],"predecessor-version":[{"id":1534,"href":"https:\/\/site.ac-martinique.fr\/edd\/index.php?rest_route=\/wp\/v2\/pages\/1464\/revisions\/1534"}],"wp:attachment":[{"href":"https:\/\/site.ac-martinique.fr\/edd\/index.php?rest_route=%2Fwp%2Fv2%2Fmedia&parent=1464"}],"curies":[{"name":"wp","href":"https:\/\/api.w.org\/{rel}","templated":true}]}}