{"id":1513,"date":"2021-02-25T14:36:06","date_gmt":"2021-02-25T18:36:06","guid":{"rendered":"\/edd\/?page_id=1513"},"modified":"2021-03-29T10:12:15","modified_gmt":"2021-03-29T14:12:15","slug":"agriculture","status":"publish","type":"page","link":"https:\/\/site.ac-martinique.fr\/edd\/?page_id=1513","title":{"rendered":"Agriculture"},"content":{"rendered":"<p><strong>Agriculture en lien avec l&rsquo;Education au D\u00e9veloppement Durable<\/strong><\/p>\n<table style=\"height: 988px;\" width=\"440\">\n<tbody>\n<tr>\n<td width=\"107\">Nom du partenaire<\/td>\n<td width=\"210\">Type de partenariat<\/td>\n<td width=\"207\">Adresse postale et web<\/td>\n<td width=\"137\">Contact<\/td>\n<\/tr>\n<tr>\n<td width=\"107\">\u00ab Le Domaine Alternatif et Solidaire de la Chabet \u00bb<\/td>\n<td width=\"210\">Interventions en classe autour de l&rsquo;agriculture:<\/p>\n<p>-ateliers pratiques en classe ou dans le jardin<\/p>\n<p>-Int\u00e9gration des \u00e9tablissements \u00e0 la Route des Fermes Bio<\/p>\n<p>Mise en place de journ\u00e9es th\u00e9matiques<\/td>\n<td width=\"207\">\n<a href=\"mailto:lachabet.animation@gmail.com\">lachabet.animation@gmail.com<\/a>&nbsp;<\/p>\n<p>&nbsp;<\/p>\n<p>&nbsp;<\/p>\n<p>&nbsp;<\/p>\n<p>&nbsp;<\/p>\n<p>&nbsp;<\/p>\n<p>&nbsp;<\/td>\n<td width=\"137\">C\u00e9line Sottovia Charg\u00e9e de projet<\/td>\n<\/tr>\n<tr>\n<td width=\"107\">Association<br \/>\nYPIRANGA CCPYM&nbsp;<\/td>\n<td width=\"210\">Le Jardin partag\u00e9 de Tr\u00e9nelle Citron<\/p>\n<p>\u00c9colieu de Tivoli (dont une plantoth\u00e8que)<\/td>\n<td width=\"207\"><a href=\"mailto:ypirangamartinique@gmail.com\">ypirangamartinique@gmail.com<\/a><\/p>\n<p>&nbsp;<\/td>\n<td width=\"137\">0696 10 97 20 \/ 0696 04 74 91<\/td>\n<\/tr>\n<tr>\n<td width=\"107\">\u00a0Metasystem<\/td>\n<td width=\"210\">Animations autour de la permaculture,<\/p>\n<p>Construction de mobilier \u00e0 partir de bois de palette, m\u00e9tier jardinier urbain<\/p>\n<p>Alternative pour cultiver sans terre, hors sol<\/td>\n<td width=\"207\">Coll\u00e8ge Edmond Lucien Valard Sant Esprit<\/p>\n<p>0696810179<\/td>\n<td width=\"137\">Mr Lagrancourt<\/td>\n<\/tr>\n<tr>\n<td width=\"107\"><\/td>\n<td width=\"210\"><\/td>\n<td width=\"207\"><\/td>\n<td width=\"137\"><\/td>\n<\/tr>\n<tr>\n<td width=\"107\"><\/td>\n<td width=\"210\"><\/td>\n<td width=\"207\"><\/td>\n<td width=\"137\"><\/td>\n<\/tr>\n<\/tbody>\n<\/table>\n","protected":false},"excerpt":{"rendered":"<p>Agriculture en lien avec l&rsquo;Education au D\u00e9veloppement Durable Nom du partenaire Type de partenariat Adresse postale et web Contact \u00ab Le Domaine Alternatif et Solidaire de la Chabet \u00bb Interventions en classe autour de l&rsquo;agriculture: -ateliers pratiques en classe ou dans le jardin -Int\u00e9gration des \u00e9tablissements \u00e0 la Route des Fermes Bio Mise en place &hellip; <a href=\"https:\/\/site.ac-martinique.fr\/edd\/?page_id=1513\" class=\"more-link\">Continuer la lecture de <span class=\"screen-reader-text\">Agriculture<\/span>  <span class=\"meta-nav\">&rarr;<\/span><\/a><\/p>\n","protected":false},"author":68,"featured_media":0,"parent":0,"menu_order":0,"comment_status":"closed","ping_status":"closed","template":"","meta":{"footnotes":""},"class_list":["post-1513","page","type-page","status-publish","hentry"],"_links":{"self":[{"href":"https:\/\/site.ac-martinique.fr\/edd\/index.php?rest_route=\/wp\/v2\/pages\/1513","targetHints":{"allow":["GET"]}}],"collection":[{"href":"https:\/\/site.ac-martinique.fr\/edd\/index.php?rest_route=\/wp\/v2\/pages"}],"about":[{"href":"https:\/\/site.ac-martinique.fr\/edd\/index.php?rest_route=\/wp\/v2\/types\/page"}],"author":[{"embeddable":true,"href":"https:\/\/site.ac-martinique.fr\/edd\/index.php?rest_route=\/wp\/v2\/users\/68"}],"replies":[{"embeddable":true,"href":"https:\/\/site.ac-martinique.fr\/edd\/index.php?rest_route=%2Fwp%2Fv2%2Fcomments&post=1513"}],"version-history":[{"count":1,"href":"https:\/\/site.ac-martinique.fr\/edd\/index.php?rest_route=\/wp\/v2\/pages\/1513\/revisions"}],"predecessor-version":[{"id":1535,"href":"https:\/\/site.ac-martinique.fr\/edd\/index.php?rest_route=\/wp\/v2\/pages\/1513\/revisions\/1535"}],"wp:attachment":[{"href":"https:\/\/site.ac-martinique.fr\/edd\/index.php?rest_route=%2Fwp%2Fv2%2Fmedia&parent=1513"}],"curies":[{"name":"wp","href":"https:\/\/api.w.org\/{rel}","templated":true}]}}