{"id":1517,"date":"2021-02-25T14:49:22","date_gmt":"2021-02-25T18:49:22","guid":{"rendered":"\/edd\/?page_id=1517"},"modified":"2021-03-29T10:12:15","modified_gmt":"2021-03-29T14:12:15","slug":"economie-durable-solidaire-circulaire","status":"publish","type":"page","link":"https:\/\/site.ac-martinique.fr\/edd\/?page_id=1517","title":{"rendered":"Economie durable, solidaire, circulaire"},"content":{"rendered":"<p><strong><u>Economie durable, solidaire, circulaire en lien avec l\u2019Education au D\u00e9veloppement Durable<\/u><\/strong><\/p>\n<table>\n<tbody>\n<tr>\n<td width=\"151\">Nom du partenaire<\/td>\n<td width=\"179\">Type de partenariat<\/td>\n<td width=\"123\">Adresse postale et web<\/td>\n<td width=\"151\">Contact<\/td>\n<\/tr>\n<tr>\n<td width=\"151\">Ecomobil<\/p>\n<p>&nbsp;<\/td>\n<td width=\"179\">Animation dans les \u00e9tablissements, actions autour de la r\u00e9paration et des m\u00e9tiers associ\u00e9s,<\/p>\n<p>Apprentissage du v\u00e9lo<\/p>\n<p>Ateliers li\u00e9s \u00e0 l\u2019entretien (petite m\u00e9canique sur v\u00e9lo)<\/p>\n<p>Accueil de stagiaires<\/p>\n<p>&nbsp;<\/td>\n<td width=\"123\"><a href=\"mailto:Ecomobil.contact@orange.fr\">Ecomobil.contact@orange.fr<\/a><\/p>\n<p>&nbsp;<\/p>\n<p>&nbsp;<\/p>\n<p>5 Boulevard Fernand Guilon 97232 Le Lamentin<\/p>\n<p>&nbsp;<\/p>\n<p>T\u00e9l\u00a0: 0696807169<\/p>\n<p>0596778924<\/td>\n<td width=\"151\">Jean-Philippe MAREL<\/p>\n<p>&nbsp;<\/p>\n<p>&nbsp;<\/td>\n<\/tr>\n<tr>\n<td width=\"151\">Metasystem<\/td>\n<td width=\"179\">Animations autour de la permaculture,<\/p>\n<p>Construction de mobilier \u00e0 partir de bois de palette, m\u00e9tier jardinier urbain<\/p>\n<p>Alternative pour cultiver sans terre, hors sol<\/td>\n<td width=\"123\">Coll\u00e8ge Edmond Lucien Valard Sant Esprit<\/p>\n<p>0696810179<\/td>\n<td width=\"151\">\u00a0Mr Lagrancourt<\/td>\n<\/tr>\n<tr>\n<td width=\"151\"><\/td>\n<td width=\"179\"><\/td>\n<td width=\"123\"><\/td>\n<td width=\"151\"><\/td>\n<\/tr>\n<tr>\n<td width=\"151\"><\/td>\n<td width=\"179\"><\/td>\n<td width=\"123\"><\/td>\n<td width=\"151\"><\/td>\n<\/tr>\n<tr>\n<td width=\"151\"><\/td>\n<td width=\"179\"><\/td>\n<td width=\"123\"><\/td>\n<td width=\"151\"><\/td>\n<\/tr>\n<\/tbody>\n<\/table>\n","protected":false},"excerpt":{"rendered":"<p>Economie durable, solidaire, circulaire en lien avec l\u2019Education au D\u00e9veloppement Durable Nom du partenaire Type de partenariat Adresse postale et web Contact Ecomobil &nbsp; Animation dans les \u00e9tablissements, actions autour de la r\u00e9paration et des m\u00e9tiers associ\u00e9s, Apprentissage du v\u00e9lo Ateliers li\u00e9s \u00e0 l\u2019entretien (petite m\u00e9canique sur v\u00e9lo) Accueil de stagiaires &nbsp; Ecomobil.contact@orange.fr &nbsp; &nbsp; &hellip; <a href=\"https:\/\/site.ac-martinique.fr\/edd\/?page_id=1517\" class=\"more-link\">Continuer la lecture de <span class=\"screen-reader-text\">Economie durable, solidaire, circulaire<\/span>  <span class=\"meta-nav\">&rarr;<\/span><\/a><\/p>\n","protected":false},"author":68,"featured_media":0,"parent":0,"menu_order":0,"comment_status":"closed","ping_status":"closed","template":"","meta":{"footnotes":""},"class_list":["post-1517","page","type-page","status-publish","hentry"],"_links":{"self":[{"href":"https:\/\/site.ac-martinique.fr\/edd\/index.php?rest_route=\/wp\/v2\/pages\/1517","targetHints":{"allow":["GET"]}}],"collection":[{"href":"https:\/\/site.ac-martinique.fr\/edd\/index.php?rest_route=\/wp\/v2\/pages"}],"about":[{"href":"https:\/\/site.ac-martinique.fr\/edd\/index.php?rest_route=\/wp\/v2\/types\/page"}],"author":[{"embeddable":true,"href":"https:\/\/site.ac-martinique.fr\/edd\/index.php?rest_route=\/wp\/v2\/users\/68"}],"replies":[{"embeddable":true,"href":"https:\/\/site.ac-martinique.fr\/edd\/index.php?rest_route=%2Fwp%2Fv2%2Fcomments&post=1517"}],"version-history":[{"count":1,"href":"https:\/\/site.ac-martinique.fr\/edd\/index.php?rest_route=\/wp\/v2\/pages\/1517\/revisions"}],"predecessor-version":[{"id":1536,"href":"https:\/\/site.ac-martinique.fr\/edd\/index.php?rest_route=\/wp\/v2\/pages\/1517\/revisions\/1536"}],"wp:attachment":[{"href":"https:\/\/site.ac-martinique.fr\/edd\/index.php?rest_route=%2Fwp%2Fv2%2Fmedia&parent=1517"}],"curies":[{"name":"wp","href":"https:\/\/api.w.org\/{rel}","templated":true}]}}