{"id":1866,"date":"2021-10-18T04:53:40","date_gmt":"2021-10-18T08:53:40","guid":{"rendered":"https:\/\/site.ac-martinique.fr\/edd\/?page_id=1866"},"modified":"2021-10-27T10:55:24","modified_gmt":"2021-10-27T14:55:24","slug":"seminaire-academique-chlordecone","status":"publish","type":"page","link":"https:\/\/site.ac-martinique.fr\/edd\/?page_id=1866","title":{"rendered":"S\u00e9minaire acad\u00e9mique Chlord\u00e9cone"},"content":{"rendered":"\n<figure class=\"wp-block-embed is-type-wp-embed is-provider-edd wp-block-embed-edd\"><div class=\"wp-block-embed__wrapper\">\n<blockquote class=\"wp-embedded-content\" data-secret=\"cikaB2VSBF\"><a href=\"https:\/\/site.ac-martinique.fr\/edd\/?p=1860\">S\u00e9MINAIRE ACAD\u00e9MIQUE CHLORDECONE<\/a><\/blockquote><iframe loading=\"lazy\" class=\"wp-embedded-content\" sandbox=\"allow-scripts\" security=\"restricted\" style=\"position: absolute; clip: rect(1px, 1px, 1px, 1px);\" title=\"\u00ab\u00a0S\u00e9MINAIRE ACAD\u00e9MIQUE CHLORDECONE\u00a0\u00bb &#8212; EDD\" src=\"https:\/\/site.ac-martinique.fr\/edd\/?p=1860&#038;embed=true#?secret=C9caqXayit#?secret=cikaB2VSBF\" data-secret=\"cikaB2VSBF\" width=\"474\" height=\"267\" frameborder=\"0\" marginwidth=\"0\" marginheight=\"0\" scrolling=\"no\"><\/iframe>\n<\/div><\/figure>\n","protected":false},"excerpt":{"rendered":"","protected":false},"author":68,"featured_media":0,"parent":0,"menu_order":0,"comment_status":"closed","ping_status":"closed","template":"","meta":{"footnotes":""},"class_list":["post-1866","page","type-page","status-publish","hentry"],"_links":{"self":[{"href":"https:\/\/site.ac-martinique.fr\/edd\/index.php?rest_route=\/wp\/v2\/pages\/1866","targetHints":{"allow":["GET"]}}],"collection":[{"href":"https:\/\/site.ac-martinique.fr\/edd\/index.php?rest_route=\/wp\/v2\/pages"}],"about":[{"href":"https:\/\/site.ac-martinique.fr\/edd\/index.php?rest_route=\/wp\/v2\/types\/page"}],"author":[{"embeddable":true,"href":"https:\/\/site.ac-martinique.fr\/edd\/index.php?rest_route=\/wp\/v2\/users\/68"}],"replies":[{"embeddable":true,"href":"https:\/\/site.ac-martinique.fr\/edd\/index.php?rest_route=%2Fwp%2Fv2%2Fcomments&post=1866"}],"version-history":[{"count":3,"href":"https:\/\/site.ac-martinique.fr\/edd\/index.php?rest_route=\/wp\/v2\/pages\/1866\/revisions"}],"predecessor-version":[{"id":1880,"href":"https:\/\/site.ac-martinique.fr\/edd\/index.php?rest_route=\/wp\/v2\/pages\/1866\/revisions\/1880"}],"wp:attachment":[{"href":"https:\/\/site.ac-martinique.fr\/edd\/index.php?rest_route=%2Fwp%2Fv2%2Fmedia&parent=1866"}],"curies":[{"name":"wp","href":"https:\/\/api.w.org\/{rel}","templated":true}]}}