{"id":1902,"date":"2021-12-17T15:50:18","date_gmt":"2021-12-17T19:50:18","guid":{"rendered":"https:\/\/site.ac-martinique.fr\/edd\/?page_id=1902"},"modified":"2021-12-17T16:08:52","modified_gmt":"2021-12-17T20:08:52","slug":"graines-de-reporters-scientifiques","status":"publish","type":"page","link":"https:\/\/site.ac-martinique.fr\/edd\/?page_id=1902","title":{"rendered":"Op\u00e9rations Educatives de la Fondation Tara Oc\u00e9an"},"content":{"rendered":"\n<p><\/p>\n\n\n\n<p>Graines de Reporters Scientifiques (GRS) est un projet port\u00e9 par la fondation Tara Oceans et le CLEMI. En savoir plus<\/p>\n\n\n\n<p>GRAINES DE RORTERS SCIENTIFIQUES<\/p>\n\n\n\n<ul class=\"wp-block-list\"><li><a href=\"https:\/\/site.ac-martinique.fr\/edd\/?p=1821\" data-type=\"URL\" data-id=\"https:\/\/site.ac-martinique.fr\/edd\/?p=1821\" target=\"_blank\" rel=\"noreferrer noopener\">En savoir plus<\/a><\/li><li><a href=\"https:\/\/drive.google.com\/drive\/folders\/1mHEDvJ4sbwoHuhhYFttEboIHkZvb8wQS?usp=sharing\" data-type=\"URL\" data-id=\"https:\/\/drive.google.com\/drive\/folders\/1mHEDvJ4sbwoHuhhYFttEboIHkZvb8wQS?usp=sharing\">Acc\u00e9der au guide des ressources<\/a><\/li><\/ul>\n\n\n\n<p><\/p>\n\n\n\n<p>OPERATION PLASTIQUE A LA LOUPE<\/p>\n\n\n\n<ul class=\"wp-block-list\"><li><a rel=\"noreferrer noopener\" href=\"https:\/\/site.ac-martinique.fr\/edd\/?p=1788(ouvre un nouvel onglet)\" data-type=\"URL\" data-id=\"https:\/\/site.ac-martinique.fr\/edd\/?p=1788(ouvre un nouvel onglet)\" target=\"_blank\">En savoir plus<\/a><\/li><li><a href=\"https:\/\/site.ac-martinique.fr\/edd\/wp-content\/uploads\/sites\/12\/2021\/12\/PAL_Mails.pdf\" data-type=\"URL\" data-id=\"https:\/\/site.ac-martinique.fr\/edd\/wp-content\/uploads\/sites\/12\/2021\/12\/PAL_Mails.pdf\" target=\"_blank\" rel=\"noreferrer noopener\">R\u00e9capitulatif des mails <\/a><\/li><\/ul>\n","protected":false},"excerpt":{"rendered":"<p>Graines de Reporters Scientifiques (GRS) est un projet port\u00e9 par la fondation Tara Oceans et le CLEMI. En savoir plus GRAINES DE RORTERS SCIENTIFIQUES En savoir plus Acc\u00e9der au guide des ressources OPERATION PLASTIQUE A LA LOUPE En savoir plus R\u00e9capitulatif des mails<\/p>\n","protected":false},"author":68,"featured_media":0,"parent":0,"menu_order":0,"comment_status":"closed","ping_status":"closed","template":"","meta":{"footnotes":""},"class_list":["post-1902","page","type-page","status-publish","hentry"],"_links":{"self":[{"href":"https:\/\/site.ac-martinique.fr\/edd\/index.php?rest_route=\/wp\/v2\/pages\/1902","targetHints":{"allow":["GET"]}}],"collection":[{"href":"https:\/\/site.ac-martinique.fr\/edd\/index.php?rest_route=\/wp\/v2\/pages"}],"about":[{"href":"https:\/\/site.ac-martinique.fr\/edd\/index.php?rest_route=\/wp\/v2\/types\/page"}],"author":[{"embeddable":true,"href":"https:\/\/site.ac-martinique.fr\/edd\/index.php?rest_route=\/wp\/v2\/users\/68"}],"replies":[{"embeddable":true,"href":"https:\/\/site.ac-martinique.fr\/edd\/index.php?rest_route=%2Fwp%2Fv2%2Fcomments&post=1902"}],"version-history":[{"count":7,"href":"https:\/\/site.ac-martinique.fr\/edd\/index.php?rest_route=\/wp\/v2\/pages\/1902\/revisions"}],"predecessor-version":[{"id":1918,"href":"https:\/\/site.ac-martinique.fr\/edd\/index.php?rest_route=\/wp\/v2\/pages\/1902\/revisions\/1918"}],"wp:attachment":[{"href":"https:\/\/site.ac-martinique.fr\/edd\/index.php?rest_route=%2Fwp%2Fv2%2Fmedia&parent=1902"}],"curies":[{"name":"wp","href":"https:\/\/api.w.org\/{rel}","templated":true}]}}