{"id":1906,"date":"2021-12-17T15:58:50","date_gmt":"2021-12-17T19:58:50","guid":{"rendered":"https:\/\/site.ac-martinique.fr\/edd\/?page_id=1906"},"modified":"2022-06-28T06:26:13","modified_gmt":"2022-06-28T10:26:13","slug":"dlo-la-te-dlo-lanme","status":"publish","type":"page","link":"https:\/\/site.ac-martinique.fr\/edd\/?page_id=1906","title":{"rendered":"DLO LA T\u00e8, DLO LANM\u00e8"},"content":{"rendered":"\n<p><a href=\"https:\/\/view.genial.ly\/60c9ee8e98d1750dc48efe74\" data-type=\"URL\" data-id=\"https:\/\/view.genial.ly\/60c9ee8e98d1750dc48efe74\" target=\"_blank\" rel=\"noreferrer noopener\">Acc\u00e9der \u00e0 la pr\u00e9sentation du projet Dlo La T\u00e8, Dlo Lanm\u00e8<\/a><\/p>\n\n\n\n<p>Livrets de synth\u00e8se sur les 3 bassins versants:<\/p>\n\n\n\n<ul class=\"wp-block-list\"><li><a rel=\"noreferrer noopener\" href=\"https:\/\/site.ac-martinique.fr\/edd\/wp-content\/uploads\/sites\/12\/2022\/03\/Synthese_BV_Galion.pdf\" target=\"_blank\">Galion<\/a><\/li><li><a rel=\"noreferrer noopener\" href=\"https:\/\/site.ac-martinique.fr\/edd\/wp-content\/uploads\/sites\/12\/2022\/03\/Synthese_BV_Lezarde-20220328.pdf\" target=\"_blank\">L\u00e9zarde<\/a><\/li><li><a rel=\"noreferrer noopener\" href=\"https:\/\/site.ac-martinique.fr\/edd\/wp-content\/uploads\/sites\/12\/2022\/03\/Synthese_BV_Riviere_Pilote-20220328.pdf\" target=\"_blank\">Rivi\u00e8re Pilote<\/a><\/li><\/ul>\n\n\n\n<div class=\"wp-block-file\"><a id=\"wp-block-file--media-80aeaa07-cb1a-4b43-84b0-06856d210ef6\" href=\"blob:https:\/\/site.ac-martinique.fr\/ed35d761-930b-40cb-9499-c8fa90c649a3\">Poster \u00ab\u00a0Dlo Lat\u00e8, Dlo LanM\u00e8\u00a0\u00bb \u00e0 t\u00e9l\u00e9charger<\/a><a href=\"blob:https:\/\/site.ac-martinique.fr\/ed35d761-930b-40cb-9499-c8fa90c649a3\" class=\"wp-block-file__button\" download aria-describedby=\"wp-block-file--media-80aeaa07-cb1a-4b43-84b0-06856d210ef6\">T\u00e9l\u00e9charger<\/a><\/div>\n","protected":false},"excerpt":{"rendered":"<p>Acc\u00e9der \u00e0 la pr\u00e9sentation du projet Dlo La T\u00e8, Dlo Lanm\u00e8 Livrets de synth\u00e8se sur les 3 bassins versants: Galion L\u00e9zarde Rivi\u00e8re Pilote<\/p>\n","protected":false},"author":68,"featured_media":0,"parent":0,"menu_order":0,"comment_status":"closed","ping_status":"closed","template":"","meta":{"footnotes":""},"class_list":["post-1906","page","type-page","status-publish","hentry"],"_links":{"self":[{"href":"https:\/\/site.ac-martinique.fr\/edd\/index.php?rest_route=\/wp\/v2\/pages\/1906","targetHints":{"allow":["GET"]}}],"collection":[{"href":"https:\/\/site.ac-martinique.fr\/edd\/index.php?rest_route=\/wp\/v2\/pages"}],"about":[{"href":"https:\/\/site.ac-martinique.fr\/edd\/index.php?rest_route=\/wp\/v2\/types\/page"}],"author":[{"embeddable":true,"href":"https:\/\/site.ac-martinique.fr\/edd\/index.php?rest_route=\/wp\/v2\/users\/68"}],"replies":[{"embeddable":true,"href":"https:\/\/site.ac-martinique.fr\/edd\/index.php?rest_route=%2Fwp%2Fv2%2Fcomments&post=1906"}],"version-history":[{"count":4,"href":"https:\/\/site.ac-martinique.fr\/edd\/index.php?rest_route=\/wp\/v2\/pages\/1906\/revisions"}],"predecessor-version":[{"id":2071,"href":"https:\/\/site.ac-martinique.fr\/edd\/index.php?rest_route=\/wp\/v2\/pages\/1906\/revisions\/2071"}],"wp:attachment":[{"href":"https:\/\/site.ac-martinique.fr\/edd\/index.php?rest_route=%2Fwp%2Fv2%2Fmedia&parent=1906"}],"curies":[{"name":"wp","href":"https:\/\/api.w.org\/{rel}","templated":true}]}}