{"id":225,"date":"2016-02-08T19:54:58","date_gmt":"2016-02-08T18:54:58","guid":{"rendered":"\/edd2ndDeg\/?page_id=225"},"modified":"2016-06-13T10:33:27","modified_gmt":"2016-06-13T14:33:27","slug":"comment","status":"publish","type":"page","link":"https:\/\/site.ac-martinique.fr\/edd\/?page_id=225","title":{"rendered":"R\u00e9ussir son partenariat"},"content":{"rendered":"<h1>Dix questions \u00e0 se poser pour r\u00e9ussir son partenariat<\/h1>\n<p style=\"padding-left: 30px;\"><a href=\"\/edd2ndDeg\/?attachment_id=441\">En savoir plus<\/a><\/p>\n","protected":false},"excerpt":{"rendered":"<p>Dix questions \u00e0 se poser pour r\u00e9ussir son partenariat En savoir plus<\/p>\n","protected":false},"author":68,"featured_media":0,"parent":207,"menu_order":0,"comment_status":"closed","ping_status":"closed","template":"","meta":{"footnotes":""},"class_list":["post-225","page","type-page","status-publish","hentry"],"_links":{"self":[{"href":"https:\/\/site.ac-martinique.fr\/edd\/index.php?rest_route=\/wp\/v2\/pages\/225","targetHints":{"allow":["GET"]}}],"collection":[{"href":"https:\/\/site.ac-martinique.fr\/edd\/index.php?rest_route=\/wp\/v2\/pages"}],"about":[{"href":"https:\/\/site.ac-martinique.fr\/edd\/index.php?rest_route=\/wp\/v2\/types\/page"}],"author":[{"embeddable":true,"href":"https:\/\/site.ac-martinique.fr\/edd\/index.php?rest_route=\/wp\/v2\/users\/68"}],"replies":[{"embeddable":true,"href":"https:\/\/site.ac-martinique.fr\/edd\/index.php?rest_route=%2Fwp%2Fv2%2Fcomments&post=225"}],"version-history":[{"count":6,"href":"https:\/\/site.ac-martinique.fr\/edd\/index.php?rest_route=\/wp\/v2\/pages\/225\/revisions"}],"predecessor-version":[{"id":446,"href":"https:\/\/site.ac-martinique.fr\/edd\/index.php?rest_route=\/wp\/v2\/pages\/225\/revisions\/446"}],"up":[{"embeddable":true,"href":"https:\/\/site.ac-martinique.fr\/edd\/index.php?rest_route=\/wp\/v2\/pages\/207"}],"wp:attachment":[{"href":"https:\/\/site.ac-martinique.fr\/edd\/index.php?rest_route=%2Fwp%2Fv2%2Fmedia&parent=225"}],"curies":[{"name":"wp","href":"https:\/\/api.w.org\/{rel}","templated":true}]}}