{"id":227,"date":"2016-02-08T19:55:15","date_gmt":"2016-02-08T18:55:15","guid":{"rendered":"\/edd2ndDeg\/?page_id=227"},"modified":"2022-01-24T08:59:24","modified_gmt":"2022-01-24T12:59:24","slug":"avec-qui","status":"publish","type":"page","link":"https:\/\/site.ac-martinique.fr\/edd\/?page_id=227","title":{"rendered":"Th\u00e9matique Biodiversit\u00e9"},"content":{"rendered":"<p><strong>Partenaires pour l\u2019\u00c9ducation au D\u00e9veloppement durable, acad\u00e9mie de Martinique<\/strong><\/p>\n<table width=\"602\">\n<tbody>\n<tr>\n<td width=\"104\">Nom du partenaire<\/td>\n<td width=\"208\">Type de partenariat<\/td>\n<td width=\"170\">Adresse postale et web<\/td>\n<td width=\"120\">Contact<\/td>\n<\/tr>\n<tr>\n<td width=\"104\">Agence Fran\u00e7aise pour la biodiversit\u00e9 (AFB)<\/td>\n<td width=\"208\">Ressources scientifiques<\/td>\n<td width=\"170\"><a href=\"https:\/\/www.afbiodiversite.fr\">https:\/\/www.afbiodiversite.fr<\/a><\/p>\n<p><a href=\"https:\/\/www.afbiodiversite.fr\/ocean-atlantique-om\">https:\/\/www.afbiodiversite.fr\/ocean-atlantique-om<\/a><\/td>\n<td width=\"120\">Formulaire de contact en ligne\u00a0: <a href=\"http:\/\/pnr-martinique.com\/contact\/\">http:\/\/pnr-martinique.com\/contact\/<\/a><\/p>\n<p>)<\/td>\n<\/tr>\n<tr>\n<td width=\"104\">Parc naturel de Martinique<\/td>\n<td width=\"208\">Sensibilisation aux probl\u00e9matiques environnementales,<\/p>\n<p>Transmission des patrimoines culturels et des traditions<\/td>\n<td width=\"170\"><a href=\"http:\/\/pnr-martinique.com\">http:\/\/pnr-martinique.com<\/a><\/td>\n<td width=\"120\">Formulaire de contact en ligne\u00a0: <a href=\"http:\/\/pnr-martinique.com\/contact\/\">http:\/\/pnr-martinique.com\/contact\/<\/a><\/td>\n<\/tr>\n<tr>\n<td width=\"104\">Office National des For\u00eats (ONF)<\/td>\n<td width=\"208\">Programme Regard Forestier\u00a0:\u00a0 approche scientifique et pluridisciplinaire des milieux forestiers martiniquais. D\u00e9couverte des milieux naturels martiniquais tout en int\u00e9grant une d\u00e9marche et un raisonnement scientifique.<\/td>\n<td width=\"170\"><a href=\"mailto:helene.legendre@onf.fr\">helene.legendre@onf.fr<\/a><\/td>\n<td width=\"120\">H\u00e9l\u00e8ne Legendre<\/p>\n<p>Service Biodiversit\u00e9 et D\u00e9veloppement durable<\/p>\n<p>Charg\u00e9e de mission Accueil du public &#8211;\u00a0 Education \u00e0 l\u2019environnement<\/td>\n<\/tr>\n<tr>\n<td width=\"104\">Parc marin<\/td>\n<td width=\"208\">Sensibilisation, formation<\/td>\n<td width=\"170\"><a href=\"mailto:audrey.gineau@afbiodiversite.fr\">audrey.gineau@afbiodiversite.fr<\/a><\/td>\n<td width=\"120\">Audrey Gineau<\/p>\n<p>Charg\u00e9e de sensibilisation (notamment AME, aires marines \u00e9ducatives<\/td>\n<\/tr>\n<tr>\n<td width=\"104\">P\u00f4le relais Zones humides tropicales (UICN)<\/td>\n<td width=\"208\">Sensibilisation,<\/p>\n<p>Transmission de connaissances<\/td>\n<td width=\"170\"><a href=\"mailto:gaelle.vandersarren@uicn.fr\">gaelle.vandersarren@uicn.fr<\/a><\/td>\n<td width=\"120\">Ga\u00eblle<\/p>\n<p>Vandersarren<\/td>\n<\/tr>\n<tr>\n<td width=\"104\">Carbet des sciences<\/td>\n<td width=\"208\">Sensibilisation, formation, pr\u00eat ou location d\u2019exposition<\/td>\n<td width=\"170\"><a href=\"mailto:mer.carbet.sciences@gmail.com\">mer.carbet.sciences@gmail.com<\/a><\/p>\n<p><a href=\"https:\/\/www.carbet-sciences.net\">https:\/\/www.carbet-sciences.net<\/a><\/td>\n<td width=\"120\">Mathilde Brassy<\/p>\n<p><strong>(\u00e0 contacter \u00e0 partir de septembre 2020)<\/strong><\/td>\n<\/tr>\n<tr>\n<td width=\"104\">Conservatoire Botanique de Martinique<\/td>\n<td width=\"208\">Informer et \u00e9duquer le public \u00e0 la connaissance et \u00e0 la pr\u00e9servation de la diversit\u00e9 v\u00e9g\u00e9tale<\/p>\n<p>Planter des essences rares dans les \u00e9coles et \u00e9tablissements (3 demi-journ\u00e9es d\u2019intervention dont la derni\u00e8re consacr\u00e9e \u00e0 la plantation d\u2019essences rares)<\/td>\n<td width=\"170\"><a href=\"mailto:stephanie.saint-aime@cbmartinique.org\">stephanie.saint-aime@cbmartinique.org<\/a><\/p>\n<p><a href=\"mailto:hugo.florance@cbmartinique.org\">hugo.florance@cbmartinique.org<\/a><\/p>\n<p><a href=\"http:\/\/cbmartinique.org\">http:\/\/cbmartinique.org<\/a><\/td>\n<td width=\"120\">St\u00e9phanie Saint-Aim\u00e9<\/p>\n<p>0596 63 49 09<\/p>\n<p>Par formulaire en ligne\u00a0: <a href=\"http:\/\/cbmartinique.org\/contacts\/\">http:\/\/cbmartinique.org\/contacts\/<\/a><\/td>\n<\/tr>\n<tr>\n<td width=\"104\">Association CCPYPM<\/td>\n<td width=\"208\">Le Jardin partag\u00e9 de Tr\u00e9nelle Citron<\/p>\n<p>\u00c9colieu de Tivoli (dont une plantoth\u00e8que)<\/td>\n<td width=\"170\"><a href=\"mailto:ypirangamartinique@gmail.com\">ypirangamartinique@gmail.com<\/a><\/td>\n<td width=\"120\">0696 10 97 20 \/ 0696 04 74 91<\/td>\n<\/tr>\n<tr>\n<td width=\"104\">Mon Ecole, ma Baleine<\/td>\n<td width=\"208\">Association ne\u0301e en 2011, qui a pour but d\u2019\u0153uvrer, aupre\u0300s du milieu scolaire et du grand public, pour la connaissance des mammife\u0300res marins, de leur milieu de vie et des moyens de les prote\u0301ger.L\u2019association anime des interventions en milieu scolaire et hors milieu scolaire et des stands lors d\u2019e\u0301ve\u0301nements.<\/td>\n<td width=\"170\"><a href=\"mailto:monecolemabaleinemartinique@gmail.com\">monecolemabaleinemartinique@gmail.com<\/a><br \/>\nSite Internet\u00a0<a href=\"http:\/\/www.monecolemabaleine.org\/\" data-saferedirecturl=\"https:\/\/www.google.com\/url?hl=fr&amp;q=http:\/\/www.monecolemabaleine.org&amp;source=gmail&amp;ust=1481838619593000&amp;usg=AFQjCNE1TV1yj1w_L2OF2vQ1h4DMoBsjbA\">www.monecolemabaleine.org<\/a><\/td>\n<td width=\"120\">Gae\u0308lle LAMBERT 06 96 34 86 48<\/td>\n<\/tr>\n<tr>\n<td width=\"104\">Sepenmar<\/td>\n<td width=\"208\">Connaissance, protection de la biodiversit\u00e9 de la Martinique<\/p>\n<p>Supports audio-visuels<\/p>\n<p>4 th\u00e8mes principaux\u00a0:<\/p>\n<p>\u00b7\u00a0\u00a0\u00a0\u00a0\u00a0\u00a0 les oiseaux de la Martinique (film documentaire de l\u2019association)<\/p>\n<p>\u00b7\u00a0\u00a0\u00a0\u00a0\u00a0\u00a0 les crabes de la Martinique<\/p>\n<p>\u00b7\u00a0\u00a0\u00a0\u00a0\u00a0\u00a0 la mangrove<\/p>\n<p>\u00b7\u00a0\u00a0\u00a0\u00a0\u00a0\u00a0 les iguanes des Petites Antilles et la lutte contre l\u2019Iguane commun.<\/td>\n<td width=\"170\"><a href=\"http:\/\/www.sepanmar.com\/\">www.sepanmar.com<\/a><\/p>\n<h3>rdesgrottes@wanadoo.fr<\/h3>\n<\/td>\n<td width=\"120\">Roland MARRAUD des GROTTES \/\u00a0SEPANMAR\u00a0\/ 06 96 45 29 78<\/td>\n<\/tr>\n<tr>\n<td width=\"104\">R\u00e9seau Tortues Marines<\/td>\n<td width=\"208\"><\/td>\n<td width=\"170\"><\/td>\n<td width=\"120\"><\/td>\n<\/tr>\n<tr>\n<td width=\"104\">Rangers Lamentin<\/td>\n<td width=\"208\">Susciter un int\u00e9r\u00eat fort pour les milieux naturels et impliquer les \u00e9l\u00e8ves dans une (r\u00e9) appropriation vertueuse de ces milieux<\/p>\n<p>Exp\u00e9rimenter des actions innovantes en faveur des milieux naturels<\/td>\n<td width=\"170\"><a href=\"mailto:jserlan@mairie-lelamentin.fr\">jserlan@mairie-lelamentin.fr<\/a><\/td>\n<td width=\"120\">M. Serlan<\/td>\n<\/tr>\n<tr>\n<td width=\"104\">L\u2019AssoMer<\/td>\n<td width=\"208\">Actions de protection et de sensibilisation au milieu marin.<\/p>\n<p>Accompagnement \u00e0 la mise en place des Aires Maires Educatives<\/td>\n<td width=\"170\"><strong>chloe@lassomer.fr<\/strong><\/td>\n<td width=\"120\"><strong>Chlo\u00e9 THERET<\/strong><\/p>\n<p>Coordinatrice des projets \u00e0\u00a0L&rsquo;ASSO-MER<\/p>\n<p>06.30.25.50.01<\/td>\n<\/tr>\n<\/tbody>\n<\/table>\n","protected":false},"excerpt":{"rendered":"<p>Partenaires pour l\u2019\u00c9ducation au D\u00e9veloppement durable, acad\u00e9mie de Martinique Nom du partenaire Type de partenariat Adresse postale et web Contact Agence Fran\u00e7aise pour la biodiversit\u00e9 (AFB) Ressources scientifiques https:\/\/www.afbiodiversite.fr https:\/\/www.afbiodiversite.fr\/ocean-atlantique-om Formulaire de contact en ligne\u00a0: http:\/\/pnr-martinique.com\/contact\/ ) Parc naturel de Martinique Sensibilisation aux probl\u00e9matiques environnementales, Transmission des patrimoines culturels et des traditions http:\/\/pnr-martinique.com Formulaire de &hellip; <a href=\"https:\/\/site.ac-martinique.fr\/edd\/?page_id=227\" class=\"more-link\">Continuer la lecture de <span class=\"screen-reader-text\">Th\u00e9matique Biodiversit\u00e9<\/span>  <span class=\"meta-nav\">&rarr;<\/span><\/a><\/p>\n","protected":false},"author":68,"featured_media":0,"parent":207,"menu_order":0,"comment_status":"closed","ping_status":"closed","template":"","meta":{"footnotes":""},"class_list":["post-227","page","type-page","status-publish","hentry"],"_links":{"self":[{"href":"https:\/\/site.ac-martinique.fr\/edd\/index.php?rest_route=\/wp\/v2\/pages\/227","targetHints":{"allow":["GET"]}}],"collection":[{"href":"https:\/\/site.ac-martinique.fr\/edd\/index.php?rest_route=\/wp\/v2\/pages"}],"about":[{"href":"https:\/\/site.ac-martinique.fr\/edd\/index.php?rest_route=\/wp\/v2\/types\/page"}],"author":[{"embeddable":true,"href":"https:\/\/site.ac-martinique.fr\/edd\/index.php?rest_route=\/wp\/v2\/users\/68"}],"replies":[{"embeddable":true,"href":"https:\/\/site.ac-martinique.fr\/edd\/index.php?rest_route=%2Fwp%2Fv2%2Fcomments&post=227"}],"version-history":[{"count":10,"href":"https:\/\/site.ac-martinique.fr\/edd\/index.php?rest_route=\/wp\/v2\/pages\/227\/revisions"}],"predecessor-version":[{"id":1944,"href":"https:\/\/site.ac-martinique.fr\/edd\/index.php?rest_route=\/wp\/v2\/pages\/227\/revisions\/1944"}],"up":[{"embeddable":true,"href":"https:\/\/site.ac-martinique.fr\/edd\/index.php?rest_route=\/wp\/v2\/pages\/207"}],"wp:attachment":[{"href":"https:\/\/site.ac-martinique.fr\/edd\/index.php?rest_route=%2Fwp%2Fv2%2Fmedia&parent=227"}],"curies":[{"name":"wp","href":"https:\/\/api.w.org\/{rel}","templated":true}]}}