{"id":237,"date":"2016-02-08T19:57:56","date_gmt":"2016-02-08T18:57:56","guid":{"rendered":"\/edd2ndDeg\/?page_id=237"},"modified":"2021-03-29T10:12:15","modified_gmt":"2021-03-29T14:12:15","slug":"publications","status":"publish","type":"page","link":"https:\/\/site.ac-martinique.fr\/edd\/?page_id=237","title":{"rendered":"Ressources des partenaires"},"content":{"rendered":"<table>\n<tbody>\n<tr>\n<td width=\"66\">Th\u00e9matique<\/td>\n<td width=\"337\">Descriptif<\/td>\n<td width=\"201\">Ressource<\/td>\n<\/tr>\n<tr>\n<td width=\"66\">Habitat durable, urbanisme<\/td>\n<td width=\"337\">L\u2019ADEME propose un guide regroupant une multitude de strat\u00e9gies et d&rsquo;actions sont men\u00e9es pour rendre nos villes durables et agr\u00e9ables \u00e0 vivre sans les \u00e9tendre davantage, tout en contribuant \u00e0 la lutte contre le changement climatique<\/td>\n<td width=\"201\"><a href=\"https:\/\/www.ademe.fr\/faire-ville-dense-durable-desirable\">https:\/\/www.ademe.fr\/faire-ville-dense-durable-desirable<\/a><\/td>\n<\/tr>\n<tr>\n<td width=\"66\">Biodiversit\u00e9<\/td>\n<td width=\"337\">&nbsp;<\/p>\n<p>&nbsp;<\/p>\n<p>&nbsp;<\/p>\n<p>&nbsp;<\/td>\n<td width=\"201\"><\/td>\n<\/tr>\n<tr>\n<td width=\"66\">Transition \u00e9nerg\u00e9tique<\/td>\n<td width=\"337\">&nbsp;<\/p>\n<p>&nbsp;<\/p>\n<p>&nbsp;<\/p>\n<p>&nbsp;<\/p>\n<p>&nbsp;<\/td>\n<td width=\"201\"><\/td>\n<\/tr>\n<tr>\n<td width=\"66\">Eau<\/td>\n<td width=\"337\">&nbsp;<\/p>\n<p>&nbsp;<\/p>\n<p>&nbsp;<\/p>\n<p>&nbsp;<\/td>\n<td width=\"201\"><\/td>\n<\/tr>\n<tr>\n<td width=\"66\">Tri s\u00e9lectif, recyclage, gaspillage alimentaire<\/td>\n<td width=\"337\"><\/td>\n<td width=\"201\"><\/td>\n<\/tr>\n<\/tbody>\n<\/table>\n","protected":false},"excerpt":{"rendered":"<p>Th\u00e9matique Descriptif Ressource Habitat durable, urbanisme L\u2019ADEME propose un guide regroupant une multitude de strat\u00e9gies et d&rsquo;actions sont men\u00e9es pour rendre nos villes durables et agr\u00e9ables \u00e0 vivre sans les \u00e9tendre davantage, tout en contribuant \u00e0 la lutte contre le changement climatique https:\/\/www.ademe.fr\/faire-ville-dense-durable-desirable Biodiversit\u00e9 &nbsp; &nbsp; &nbsp; &nbsp; Transition \u00e9nerg\u00e9tique &nbsp; &nbsp; &nbsp; &nbsp; &nbsp; &hellip; <a href=\"https:\/\/site.ac-martinique.fr\/edd\/?page_id=237\" class=\"more-link\">Continuer la lecture de <span class=\"screen-reader-text\">Ressources des partenaires<\/span>  <span class=\"meta-nav\">&rarr;<\/span><\/a><\/p>\n","protected":false},"author":68,"featured_media":0,"parent":203,"menu_order":0,"comment_status":"closed","ping_status":"closed","template":"","meta":{"footnotes":""},"class_list":["post-237","page","type-page","status-publish","hentry"],"_links":{"self":[{"href":"https:\/\/site.ac-martinique.fr\/edd\/index.php?rest_route=\/wp\/v2\/pages\/237","targetHints":{"allow":["GET"]}}],"collection":[{"href":"https:\/\/site.ac-martinique.fr\/edd\/index.php?rest_route=\/wp\/v2\/pages"}],"about":[{"href":"https:\/\/site.ac-martinique.fr\/edd\/index.php?rest_route=\/wp\/v2\/types\/page"}],"author":[{"embeddable":true,"href":"https:\/\/site.ac-martinique.fr\/edd\/index.php?rest_route=\/wp\/v2\/users\/68"}],"replies":[{"embeddable":true,"href":"https:\/\/site.ac-martinique.fr\/edd\/index.php?rest_route=%2Fwp%2Fv2%2Fcomments&post=237"}],"version-history":[{"count":3,"href":"https:\/\/site.ac-martinique.fr\/edd\/index.php?rest_route=\/wp\/v2\/pages\/237\/revisions"}],"predecessor-version":[{"id":1526,"href":"https:\/\/site.ac-martinique.fr\/edd\/index.php?rest_route=\/wp\/v2\/pages\/237\/revisions\/1526"}],"up":[{"embeddable":true,"href":"https:\/\/site.ac-martinique.fr\/edd\/index.php?rest_route=\/wp\/v2\/pages\/203"}],"wp:attachment":[{"href":"https:\/\/site.ac-martinique.fr\/edd\/index.php?rest_route=%2Fwp%2Fv2%2Fmedia&parent=237"}],"curies":[{"name":"wp","href":"https:\/\/api.w.org\/{rel}","templated":true}]}}