{"id":245,"date":"2016-02-08T20:00:05","date_gmt":"2016-02-08T19:00:05","guid":{"rendered":"\/edd2ndDeg\/?page_id=245"},"modified":"2024-07-04T11:09:46","modified_gmt":"2024-07-04T15:09:46","slug":"etablissements-e3d","status":"publish","type":"page","link":"https:\/\/site.ac-martinique.fr\/edd\/?page_id=245","title":{"rendered":"Liste des \u00e9coles et \u00e9tablissements labellis\u00e9s E3D (label valable trois ans)"},"content":{"rendered":"\n<ul class=\"wp-block-list\">\n<li><mark style=\"background-color:rgba(0, 0, 0, 0)\" class=\"has-inline-color has-green-color\"><strong>\u00c9coles et <\/strong><\/mark><strong><mark style=\"background-color:rgba(0, 0, 0, 0)\" class=\"has-inline-color has-green-color\"><strong><mark style=\"background-color:rgba(0, 0, 0, 0)\" class=\"has-inline-color has-green-color\">\u00e9tablissements labellis\u00e9s E3D 2024-202<\/mark><\/strong><\/mark><\/strong>7<\/li>\n<\/ul>\n\n\n\n<figure class=\"wp-block-image size-large\"><a href=\"https:\/\/site.ac-martinique.fr\/edd\/wp-content\/uploads\/sites\/12\/2024\/07\/Liste-E3D-2023-2024.png\"><img loading=\"lazy\" decoding=\"async\" width=\"1024\" height=\"823\" src=\"https:\/\/site.ac-martinique.fr\/edd\/wp-content\/uploads\/sites\/12\/2024\/07\/Liste-E3D-2023-2024-1024x823.png\" alt=\"\" class=\"wp-image-2332\" srcset=\"https:\/\/site.ac-martinique.fr\/edd\/wp-content\/uploads\/sites\/12\/2024\/07\/Liste-E3D-2023-2024-1024x823.png 1024w, https:\/\/site.ac-martinique.fr\/edd\/wp-content\/uploads\/sites\/12\/2024\/07\/Liste-E3D-2023-2024-300x241.png 300w, https:\/\/site.ac-martinique.fr\/edd\/wp-content\/uploads\/sites\/12\/2024\/07\/Liste-E3D-2023-2024-768x618.png 768w, https:\/\/site.ac-martinique.fr\/edd\/wp-content\/uploads\/sites\/12\/2024\/07\/Liste-E3D-2023-2024.png 1532w\" sizes=\"auto, (max-width: 1024px) 100vw, 1024px\" \/><\/a><\/figure>\n\n\n\n<ul class=\"wp-block-list\">\n<li><strong><mark style=\"background-color:rgba(0, 0, 0, 0)\" class=\"has-inline-color has-green-color\">\u00c9coles et \u00e9tablissements labellis\u00e9s E3D 2023-2026<\/mark><\/strong><\/li>\n<\/ul>\n\n\n\n<figure class=\"wp-block-image size-full\"><a href=\"https:\/\/site.ac-martinique.fr\/edd\/wp-content\/uploads\/sites\/12\/2023\/09\/image-2.png\"><img loading=\"lazy\" decoding=\"async\" width=\"733\" height=\"744\" src=\"https:\/\/site.ac-martinique.fr\/edd\/wp-content\/uploads\/sites\/12\/2023\/09\/image-2.png\" alt=\"\" class=\"wp-image-2227\" srcset=\"https:\/\/site.ac-martinique.fr\/edd\/wp-content\/uploads\/sites\/12\/2023\/09\/image-2.png 733w, https:\/\/site.ac-martinique.fr\/edd\/wp-content\/uploads\/sites\/12\/2023\/09\/image-2-296x300.png 296w\" sizes=\"auto, (max-width: 733px) 100vw, 733px\" \/><\/a><\/figure>\n\n\n\n<figure class=\"wp-block-image size-full\"><a href=\"https:\/\/site.ac-martinique.fr\/edd\/wp-content\/uploads\/sites\/12\/2023\/09\/image-3.png\"><img loading=\"lazy\" decoding=\"async\" width=\"730\" height=\"319\" src=\"https:\/\/site.ac-martinique.fr\/edd\/wp-content\/uploads\/sites\/12\/2023\/09\/image-3.png\" alt=\"\" class=\"wp-image-2228\" srcset=\"https:\/\/site.ac-martinique.fr\/edd\/wp-content\/uploads\/sites\/12\/2023\/09\/image-3.png 730w, https:\/\/site.ac-martinique.fr\/edd\/wp-content\/uploads\/sites\/12\/2023\/09\/image-3-300x131.png 300w\" sizes=\"auto, (max-width: 730px) 100vw, 730px\" \/><\/a><\/figure>\n\n\n\n<figure class=\"wp-block-image size-full\"><a href=\"https:\/\/site.ac-martinique.fr\/edd\/wp-content\/uploads\/sites\/12\/2023\/09\/image-4.png\"><img loading=\"lazy\" decoding=\"async\" width=\"727\" height=\"343\" src=\"https:\/\/site.ac-martinique.fr\/edd\/wp-content\/uploads\/sites\/12\/2023\/09\/image-4.png\" alt=\"\" class=\"wp-image-2229\" srcset=\"https:\/\/site.ac-martinique.fr\/edd\/wp-content\/uploads\/sites\/12\/2023\/09\/image-4.png 727w, https:\/\/site.ac-martinique.fr\/edd\/wp-content\/uploads\/sites\/12\/2023\/09\/image-4-300x142.png 300w\" sizes=\"auto, (max-width: 727px) 100vw, 727px\" \/><\/a><\/figure>\n\n\n\n<ul class=\"wp-block-list\">\n<li><strong><mark style=\"background-color:rgba(0, 0, 0, 0)\" class=\"has-inline-color has-green-color\">\u00c9tablissements labellis\u00e9s E3D 2022-2025<\/mark><\/strong><\/li>\n<\/ul>\n\n\n\n<figure class=\"wp-block-image size-large\"><a href=\"https:\/\/site.ac-martinique.fr\/edd\/wp-content\/uploads\/sites\/12\/2022\/09\/Liste-e\u0301tablissement-E3D-2022-2025.png\"><img loading=\"lazy\" decoding=\"async\" width=\"1024\" height=\"484\" src=\"https:\/\/site.ac-martinique.fr\/edd\/wp-content\/uploads\/sites\/12\/2022\/09\/Liste-e\u0301tablissement-E3D-2022-2025-1024x484.png\" alt=\"\" class=\"wp-image-2110\" srcset=\"https:\/\/site.ac-martinique.fr\/edd\/wp-content\/uploads\/sites\/12\/2022\/09\/Liste-e\u0301tablissement-E3D-2022-2025-1024x484.png 1024w, https:\/\/site.ac-martinique.fr\/edd\/wp-content\/uploads\/sites\/12\/2022\/09\/Liste-e\u0301tablissement-E3D-2022-2025-300x142.png 300w, https:\/\/site.ac-martinique.fr\/edd\/wp-content\/uploads\/sites\/12\/2022\/09\/Liste-e\u0301tablissement-E3D-2022-2025-768x363.png 768w, https:\/\/site.ac-martinique.fr\/edd\/wp-content\/uploads\/sites\/12\/2022\/09\/Liste-e\u0301tablissement-E3D-2022-2025-600x283.png 600w, https:\/\/site.ac-martinique.fr\/edd\/wp-content\/uploads\/sites\/12\/2022\/09\/Liste-e\u0301tablissement-E3D-2022-2025-1536x726.png 1536w, https:\/\/site.ac-martinique.fr\/edd\/wp-content\/uploads\/sites\/12\/2022\/09\/Liste-e\u0301tablissement-E3D-2022-2025.png 1922w\" sizes=\"auto, (max-width: 1024px) 100vw, 1024px\" \/><\/a><\/figure>\n\n\n\n<ul class=\"wp-block-list\">\n<li><strong><mark style=\"background-color:rgba(0, 0, 0, 0)\" class=\"has-inline-color has-green-color\">\u00c9tablissements labellis\u00e9s E3D 2021-2024<\/mark><\/strong><\/li>\n<\/ul>\n\n\n\n<figure class=\"wp-block-image size-large\"><a href=\"https:\/\/site.ac-martinique.fr\/edd\/wp-content\/uploads\/sites\/12\/2021\/06\/423b8a11-95c5-4a86-a3f8-01771a1ef412.jpg\"><img loading=\"lazy\" decoding=\"async\" width=\"937\" height=\"689\" src=\"https:\/\/site.ac-martinique.fr\/edd\/wp-content\/uploads\/sites\/12\/2021\/06\/423b8a11-95c5-4a86-a3f8-01771a1ef412.jpg\" alt=\"\" class=\"wp-image-1817\" srcset=\"https:\/\/site.ac-martinique.fr\/edd\/wp-content\/uploads\/sites\/12\/2021\/06\/423b8a11-95c5-4a86-a3f8-01771a1ef412.jpg 937w, https:\/\/site.ac-martinique.fr\/edd\/wp-content\/uploads\/sites\/12\/2021\/06\/423b8a11-95c5-4a86-a3f8-01771a1ef412-300x221.jpg 300w, https:\/\/site.ac-martinique.fr\/edd\/wp-content\/uploads\/sites\/12\/2021\/06\/423b8a11-95c5-4a86-a3f8-01771a1ef412-768x565.jpg 768w, https:\/\/site.ac-martinique.fr\/edd\/wp-content\/uploads\/sites\/12\/2021\/06\/423b8a11-95c5-4a86-a3f8-01771a1ef412-600x441.jpg 600w\" sizes=\"auto, (max-width: 937px) 100vw, 937px\" \/><\/a><\/figure>\n","protected":false},"excerpt":{"rendered":"","protected":false},"author":68,"featured_media":0,"parent":205,"menu_order":0,"comment_status":"closed","ping_status":"closed","template":"","meta":{"footnotes":""},"class_list":["post-245","page","type-page","status-publish","hentry"],"_links":{"self":[{"href":"https:\/\/site.ac-martinique.fr\/edd\/index.php?rest_route=\/wp\/v2\/pages\/245","targetHints":{"allow":["GET"]}}],"collection":[{"href":"https:\/\/site.ac-martinique.fr\/edd\/index.php?rest_route=\/wp\/v2\/pages"}],"about":[{"href":"https:\/\/site.ac-martinique.fr\/edd\/index.php?rest_route=\/wp\/v2\/types\/page"}],"author":[{"embeddable":true,"href":"https:\/\/site.ac-martinique.fr\/edd\/index.php?rest_route=\/wp\/v2\/users\/68"}],"replies":[{"embeddable":true,"href":"https:\/\/site.ac-martinique.fr\/edd\/index.php?rest_route=%2Fwp%2Fv2%2Fcomments&post=245"}],"version-history":[{"count":7,"href":"https:\/\/site.ac-martinique.fr\/edd\/index.php?rest_route=\/wp\/v2\/pages\/245\/revisions"}],"predecessor-version":[{"id":2333,"href":"https:\/\/site.ac-martinique.fr\/edd\/index.php?rest_route=\/wp\/v2\/pages\/245\/revisions\/2333"}],"up":[{"embeddable":true,"href":"https:\/\/site.ac-martinique.fr\/edd\/index.php?rest_route=\/wp\/v2\/pages\/205"}],"wp:attachment":[{"href":"https:\/\/site.ac-martinique.fr\/edd\/index.php?rest_route=%2Fwp%2Fv2%2Fmedia&parent=245"}],"curies":[{"name":"wp","href":"https:\/\/api.w.org\/{rel}","templated":true}]}}