{"id":247,"date":"2016-02-08T20:02:30","date_gmt":"2016-02-08T19:02:30","guid":{"rendered":"\/edd2ndDeg\/?page_id=247"},"modified":"2016-06-13T11:55:01","modified_gmt":"2016-06-13T15:55:01","slug":"textes-officiels","status":"publish","type":"page","link":"https:\/\/site.ac-martinique.fr\/edd\/?page_id=247","title":{"rendered":"Textes officiels"},"content":{"rendered":"<ul>\n<li>\n<h1><span style=\"color: #0000ff;\"><b>Ressources, partenariats, actions<\/b><\/span><\/h1>\n<\/li>\n<\/ul>\n<p style=\"padding-left: 60px;\">Des exemples et des aides propos\u00e9es par le site Eduscol.<\/p>\n<p style=\"padding-left: 60px;\"><span style=\"color: #339966;\"><strong><a style=\"color: #339966;\" href=\"http:\/\/eduscol.education.fr\/pid23360\/education-au-developpement-durable.html\">Cliquez ici<\/a><\/strong><\/span><\/p>\n<ul>\n<li>\n<h1><span style=\"color: #0000ff;\">D\u00e9marche globale de d\u00e9veloppement durable dans les \u00e9coles et les \u00e9tablissements scolaires (E3D) &#8211; <\/span><\/h1>\n<p style=\"margin: 0 0 0 40px; border: none; padding: 0px;\"><span style=\"color: #000000;\">Cliquez <a href=\"\/edd2ndDeg\/?attachment_id=361\" target=\"_blank\"><span style=\"color: #00ccff;\">ici<\/span> <\/a>pour \u00a0t\u00e9l\u00e9charger le <strong>r\u00e9f\u00e9rentiel de mise en \u0153uvre et de labellisation<\/strong>-Juillet 2013<\/span><\/p>\n<\/li>\n<\/ul>\n<p>&nbsp;<\/p>\n","protected":false},"excerpt":{"rendered":"<p>Ressources, partenariats, actions Des exemples et des aides propos\u00e9es par le site Eduscol. Cliquez ici D\u00e9marche globale de d\u00e9veloppement durable dans les \u00e9coles et les \u00e9tablissements scolaires (E3D) &#8211; Cliquez ici pour \u00a0t\u00e9l\u00e9charger le r\u00e9f\u00e9rentiel de mise en \u0153uvre et de labellisation-Juillet 2013 &nbsp;<\/p>\n","protected":false},"author":68,"featured_media":0,"parent":0,"menu_order":0,"comment_status":"closed","ping_status":"closed","template":"","meta":{"footnotes":""},"class_list":["post-247","page","type-page","status-publish","hentry"],"_links":{"self":[{"href":"https:\/\/site.ac-martinique.fr\/edd\/index.php?rest_route=\/wp\/v2\/pages\/247","targetHints":{"allow":["GET"]}}],"collection":[{"href":"https:\/\/site.ac-martinique.fr\/edd\/index.php?rest_route=\/wp\/v2\/pages"}],"about":[{"href":"https:\/\/site.ac-martinique.fr\/edd\/index.php?rest_route=\/wp\/v2\/types\/page"}],"author":[{"embeddable":true,"href":"https:\/\/site.ac-martinique.fr\/edd\/index.php?rest_route=\/wp\/v2\/users\/68"}],"replies":[{"embeddable":true,"href":"https:\/\/site.ac-martinique.fr\/edd\/index.php?rest_route=%2Fwp%2Fv2%2Fcomments&post=247"}],"version-history":[{"count":6,"href":"https:\/\/site.ac-martinique.fr\/edd\/index.php?rest_route=\/wp\/v2\/pages\/247\/revisions"}],"predecessor-version":[{"id":360,"href":"https:\/\/site.ac-martinique.fr\/edd\/index.php?rest_route=\/wp\/v2\/pages\/247\/revisions\/360"}],"wp:attachment":[{"href":"https:\/\/site.ac-martinique.fr\/edd\/index.php?rest_route=%2Fwp%2Fv2%2Fmedia&parent=247"}],"curies":[{"name":"wp","href":"https:\/\/api.w.org\/{rel}","templated":true}]}}