{"id":284,"date":"2016-04-05T14:39:43","date_gmt":"2016-04-05T13:39:43","guid":{"rendered":"\/edd2ndDeg\/?page_id=284"},"modified":"2016-04-05T14:55:33","modified_gmt":"2016-04-05T13:55:33","slug":"expositions","status":"publish","type":"page","link":"https:\/\/site.ac-martinique.fr\/edd\/?page_id=284","title":{"rendered":"Expositions"},"content":{"rendered":"<ul>\n<li>\n<h1><span style=\"color: #008000;\"><strong>Exposition interactive gratuite \u00ab\u00a0Energie des mers\u00a0\u00bb<\/strong><\/span><\/h1>\n<\/li>\n<\/ul>\n<p style=\"padding-left: 90px;\">Des <b>visites guid\u00e9es gratuites<\/b> d&rsquo;1h en demi-groupes sont organis\u00e9es par le Carbet des sciences pour les \u00e9tablissements scolaires <strong><span style=\"color: #339966;\"><span style=\"text-decoration: underline;\">jusqu&rsquo;au 30 Avril 2016\u00a0au CDST<\/span>.<\/span><\/strong><\/p>\n<p style=\"padding-left: 90px;\">Cliquez <a href=\"ttp:\/\/site.ac-martinique.fr\/EDD2ndDeg\/?p=282\" target=\"_blank\">ici<\/a> pour plus d&rsquo;informations.<\/p>\n<p style=\"padding-left: 90px;\">\n","protected":false},"excerpt":{"rendered":"<p>Exposition interactive gratuite \u00ab\u00a0Energie des mers\u00a0\u00bb Des visites guid\u00e9es gratuites d&rsquo;1h en demi-groupes sont organis\u00e9es par le Carbet des sciences pour les \u00e9tablissements scolaires jusqu&rsquo;au 30 Avril 2016\u00a0au CDST. Cliquez ici pour plus d&rsquo;informations.<\/p>\n","protected":false},"author":68,"featured_media":0,"parent":203,"menu_order":0,"comment_status":"closed","ping_status":"closed","template":"","meta":{"footnotes":""},"class_list":["post-284","page","type-page","status-publish","hentry"],"_links":{"self":[{"href":"https:\/\/site.ac-martinique.fr\/edd\/index.php?rest_route=\/wp\/v2\/pages\/284","targetHints":{"allow":["GET"]}}],"collection":[{"href":"https:\/\/site.ac-martinique.fr\/edd\/index.php?rest_route=\/wp\/v2\/pages"}],"about":[{"href":"https:\/\/site.ac-martinique.fr\/edd\/index.php?rest_route=\/wp\/v2\/types\/page"}],"author":[{"embeddable":true,"href":"https:\/\/site.ac-martinique.fr\/edd\/index.php?rest_route=\/wp\/v2\/users\/68"}],"replies":[{"embeddable":true,"href":"https:\/\/site.ac-martinique.fr\/edd\/index.php?rest_route=%2Fwp%2Fv2%2Fcomments&post=284"}],"version-history":[{"count":5,"href":"https:\/\/site.ac-martinique.fr\/edd\/index.php?rest_route=\/wp\/v2\/pages\/284\/revisions"}],"predecessor-version":[{"id":295,"href":"https:\/\/site.ac-martinique.fr\/edd\/index.php?rest_route=\/wp\/v2\/pages\/284\/revisions\/295"}],"up":[{"embeddable":true,"href":"https:\/\/site.ac-martinique.fr\/edd\/index.php?rest_route=\/wp\/v2\/pages\/203"}],"wp:attachment":[{"href":"https:\/\/site.ac-martinique.fr\/edd\/index.php?rest_route=%2Fwp%2Fv2%2Fmedia&parent=284"}],"curies":[{"name":"wp","href":"https:\/\/api.w.org\/{rel}","templated":true}]}}