{"id":336,"date":"2016-04-05T16:49:32","date_gmt":"2016-04-05T15:49:32","guid":{"rendered":"\/edd2ndDeg\/?page_id=336"},"modified":"2021-09-30T09:09:54","modified_gmt":"2021-09-30T13:09:54","slug":"institutions","status":"publish","type":"page","link":"https:\/\/site.ac-martinique.fr\/edd\/?page_id=336","title":{"rendered":"Th\u00e9matique Eau"},"content":{"rendered":"<p><strong><u>L\u2019eau dans l\u2019Education au d\u00e9veloppement durable<\/u><\/strong><\/p>\n<table width=\"602\">\n<tbody>\n<tr>\n<td width=\"113\">Nom du partenaire<\/td>\n<td width=\"113\">Type de partenariat<\/td>\n<td width=\"225\">Adresse postale et web<\/td>\n<td width=\"150\">Personne \u00e0 contacter<\/td>\n<\/tr>\n<tr>\n<td width=\"113\">Office de l\u2019eau (ODE)<\/td>\n<td width=\"113\">Convention, sensibilisation, formation, financement,<\/p>\n<p>connaissances scientifique et technique sur l\u2019eau<\/td>\n<td width=\"225\"><a href=\"mailto:andree-anne.celaire@eaumartinique.fr\">andree-anne.celaire@eaumartinique.fr<\/a><\/p>\n<p><a href=\"http:\/\/www.eaumartinique.fr\/formation-sensibilisation\/sensibilisation\/plateforme-pedagogique\">http:\/\/www.eaumartinique.fr\/formation-sensibilisation\/sensibilisation\/plateforme-pedagogique<\/a><\/p>\n<p><a href=\"https:\/\/site.ac-martinique.fr\/edd\/wp-content\/uploads\/sites\/12\/2021\/09\/Formation-de-lODE-son-RESEAU2.pdf\">Formations 2021-2022<\/a><\/td>\n<td width=\"150\">Andr\u00e9e-Anne C\u00e9laire<\/p>\n<p>Charg\u00e9e de l\u2019animation p\u00e9dagogique<\/td>\n<\/tr>\n<tr>\n<td width=\"113\">Observatoire de l\u2019eau<\/td>\n<td width=\"113\">connaissances scientifique et technique sur l\u2019eau<\/td>\n<td width=\"225\"><a href=\"mailto:guillaume.raimbaud@observatoire-eau-martinique.fr\">guillaume.raimbaud@observatoire-eau-martinique.fr<\/a><\/td>\n<td width=\"150\">Guillaume Raimbaud<\/td>\n<\/tr>\n<tr>\n<td width=\"113\">Carbet des sciences<\/td>\n<td width=\"113\">Sensibilisation, formation,<\/td>\n<td width=\"225\"><a href=\"mailto:eau.carbet.sciences@gmail.com\">eau.carbet.sciences@gmail.com<\/a><\/p>\n<p><a href=\"https:\/\/www.carbet-sciences.net\">https:\/\/www.carbet-sciences.net<\/a><\/td>\n<td width=\"150\">Arnold Louison<\/td>\n<\/tr>\n<tr>\n<td width=\"113\">H2eaux<\/td>\n<td width=\"113\">Sensibilisation,<\/p>\n<p>Formation<\/p>\n<p>Activit\u00e9s sportives (randonn\u00e9es p\u00e9destres, randonn\u00e9es palm\u00e9es, randonn\u00e9es en kayak)<\/td>\n<td width=\"225\"><a href=\"mailto:berdomer@gmail.com\">berdomer@gmail.com<\/a><\/td>\n<td width=\"150\">Directeur Bernard Domergue<\/td>\n<\/tr>\n<\/tbody>\n<\/table>\n","protected":false},"excerpt":{"rendered":"<p>L\u2019eau dans l\u2019Education au d\u00e9veloppement durable Nom du partenaire Type de partenariat Adresse postale et web Personne \u00e0 contacter Office de l\u2019eau (ODE) Convention, sensibilisation, formation, financement, connaissances scientifique et technique sur l\u2019eau andree-anne.celaire@eaumartinique.fr http:\/\/www.eaumartinique.fr\/formation-sensibilisation\/sensibilisation\/plateforme-pedagogique Formations 2021-2022 Andr\u00e9e-Anne C\u00e9laire Charg\u00e9e de l\u2019animation p\u00e9dagogique Observatoire de l\u2019eau connaissances scientifique et technique sur l\u2019eau guillaume.raimbaud@observatoire-eau-martinique.fr Guillaume Raimbaud &hellip; <a href=\"https:\/\/site.ac-martinique.fr\/edd\/?page_id=336\" class=\"more-link\">Continuer la lecture de <span class=\"screen-reader-text\">Th\u00e9matique Eau<\/span>  <span class=\"meta-nav\">&rarr;<\/span><\/a><\/p>\n","protected":false},"author":68,"featured_media":0,"parent":227,"menu_order":0,"comment_status":"closed","ping_status":"closed","template":"","meta":{"footnotes":""},"class_list":["post-336","page","type-page","status-publish","hentry"],"_links":{"self":[{"href":"https:\/\/site.ac-martinique.fr\/edd\/index.php?rest_route=\/wp\/v2\/pages\/336","targetHints":{"allow":["GET"]}}],"collection":[{"href":"https:\/\/site.ac-martinique.fr\/edd\/index.php?rest_route=\/wp\/v2\/pages"}],"about":[{"href":"https:\/\/site.ac-martinique.fr\/edd\/index.php?rest_route=\/wp\/v2\/types\/page"}],"author":[{"embeddable":true,"href":"https:\/\/site.ac-martinique.fr\/edd\/index.php?rest_route=\/wp\/v2\/users\/68"}],"replies":[{"embeddable":true,"href":"https:\/\/site.ac-martinique.fr\/edd\/index.php?rest_route=%2Fwp%2Fv2%2Fcomments&post=336"}],"version-history":[{"count":9,"href":"https:\/\/site.ac-martinique.fr\/edd\/index.php?rest_route=\/wp\/v2\/pages\/336\/revisions"}],"predecessor-version":[{"id":1844,"href":"https:\/\/site.ac-martinique.fr\/edd\/index.php?rest_route=\/wp\/v2\/pages\/336\/revisions\/1844"}],"up":[{"embeddable":true,"href":"https:\/\/site.ac-martinique.fr\/edd\/index.php?rest_route=\/wp\/v2\/pages\/227"}],"wp:attachment":[{"href":"https:\/\/site.ac-martinique.fr\/edd\/index.php?rest_route=%2Fwp%2Fv2%2Fmedia&parent=336"}],"curies":[{"name":"wp","href":"https:\/\/api.w.org\/{rel}","templated":true}]}}