{"id":338,"date":"2016-04-05T16:49:46","date_gmt":"2016-04-05T15:49:46","guid":{"rendered":"\/edd2ndDeg\/?page_id=338"},"modified":"2020-02-14T14:16:09","modified_gmt":"2020-02-14T18:16:09","slug":"associations","status":"publish","type":"page","link":"https:\/\/site.ac-martinique.fr\/edd\/?page_id=338","title":{"rendered":"Th\u00e9matique Transition \u00e9nerg\u00e9tique"},"content":{"rendered":"<p><strong><u>La transition \u00e9nerg\u00e9tique dans l\u2019Education au d\u00e9veloppement durable<\/u><\/strong><\/p>\n<p><strong>\u00a0<\/strong><\/p>\n<table width=\"602\">\n<tbody>\n<tr>\n<td width=\"141\">Nom du partenaire<\/td>\n<td width=\"113\">Type de partenariat<\/td>\n<td width=\"196\">Adresse postale et web<\/td>\n<td width=\"150\">Coordonn\u00e9es<\/td>\n<\/tr>\n<tr>\n<td width=\"141\">Carbet des sciences<\/td>\n<td width=\"113\">Sensibilisation, expositions, jeux interactifs<\/td>\n<td width=\"196\"><a href=\"mailto:watty.mart972@gmail.com\">watty.mart972@gmail.com<\/a><\/p>\n<p>&nbsp;<\/p>\n<p><a href=\"https:\/\/www.carbet-sciences.net\">https:\/\/www.carbet-sciences.net<\/a><\/p>\n<p>&nbsp;<\/td>\n<td width=\"150\">Katherine<\/p>\n<p>&nbsp;<\/p>\n<p>&nbsp;<\/td>\n<\/tr>\n<tr>\n<td width=\"141\">Agence de l\u2019environnement et de la ma\u00eetrise de l\u2019\u00e9nergie (ADEME)<\/td>\n<td width=\"113\">Sensibilisation, formations des professionnels<\/p>\n<p>&nbsp;<\/p>\n<p>Une ing\u00e9nieure travaille sur les questions de collecte et de valorisation des algues sargasses.<\/p>\n<p>&nbsp;<\/p>\n<p>&nbsp;<\/td>\n<td width=\"196\"><a href=\"mailto:sollena.rinaldi@ademe.fr\">sollena.rinaldi@ademe.fr<\/a><\/p>\n<p>&nbsp;<\/p>\n<p><a href=\"https:\/\/martinique.ademe.fr\">https:\/\/martinique.ademe.fr<\/a><\/p>\n<p>&nbsp;<\/p>\n<p>Le site est une ressource sur l\u2019\u00e9tat de la transition \u00e9nerg\u00e9tique en Martinique<\/td>\n<td width=\"150\">Soll\u00e8na Rinaldi<\/p>\n<p>&nbsp;<\/p>\n<p>Charg\u00e9e de communication et de formation<\/td>\n<\/tr>\n<\/tbody>\n<\/table>\n","protected":false},"excerpt":{"rendered":"<p>La transition \u00e9nerg\u00e9tique dans l\u2019Education au d\u00e9veloppement durable \u00a0 Nom du partenaire Type de partenariat Adresse postale et web Coordonn\u00e9es Carbet des sciences Sensibilisation, expositions, jeux interactifs watty.mart972@gmail.com &nbsp; https:\/\/www.carbet-sciences.net &nbsp; Katherine &nbsp; &nbsp; Agence de l\u2019environnement et de la ma\u00eetrise de l\u2019\u00e9nergie (ADEME) Sensibilisation, formations des professionnels &nbsp; Une ing\u00e9nieure travaille sur les questions &hellip; <a href=\"https:\/\/site.ac-martinique.fr\/edd\/?page_id=338\" class=\"more-link\">Continuer la lecture de <span class=\"screen-reader-text\">Th\u00e9matique Transition \u00e9nerg\u00e9tique<\/span>  <span class=\"meta-nav\">&rarr;<\/span><\/a><\/p>\n","protected":false},"author":68,"featured_media":0,"parent":227,"menu_order":0,"comment_status":"closed","ping_status":"closed","template":"","meta":{"footnotes":""},"class_list":["post-338","page","type-page","status-publish","hentry"],"_links":{"self":[{"href":"https:\/\/site.ac-martinique.fr\/edd\/index.php?rest_route=\/wp\/v2\/pages\/338","targetHints":{"allow":["GET"]}}],"collection":[{"href":"https:\/\/site.ac-martinique.fr\/edd\/index.php?rest_route=\/wp\/v2\/pages"}],"about":[{"href":"https:\/\/site.ac-martinique.fr\/edd\/index.php?rest_route=\/wp\/v2\/types\/page"}],"author":[{"embeddable":true,"href":"https:\/\/site.ac-martinique.fr\/edd\/index.php?rest_route=\/wp\/v2\/users\/68"}],"replies":[{"embeddable":true,"href":"https:\/\/site.ac-martinique.fr\/edd\/index.php?rest_route=%2Fwp%2Fv2%2Fcomments&post=338"}],"version-history":[{"count":4,"href":"https:\/\/site.ac-martinique.fr\/edd\/index.php?rest_route=\/wp\/v2\/pages\/338\/revisions"}],"predecessor-version":[{"id":1256,"href":"https:\/\/site.ac-martinique.fr\/edd\/index.php?rest_route=\/wp\/v2\/pages\/338\/revisions\/1256"}],"up":[{"embeddable":true,"href":"https:\/\/site.ac-martinique.fr\/edd\/index.php?rest_route=\/wp\/v2\/pages\/227"}],"wp:attachment":[{"href":"https:\/\/site.ac-martinique.fr\/edd\/index.php?rest_route=%2Fwp%2Fv2%2Fmedia&parent=338"}],"curies":[{"name":"wp","href":"https:\/\/api.w.org\/{rel}","templated":true}]}}