{"id":138,"date":"2021-09-09T11:01:46","date_gmt":"2021-09-09T15:01:46","guid":{"rendered":"https:\/\/site.ac-martinique.fr\/elan\/?page_id=138"},"modified":"2021-09-20T08:59:16","modified_gmt":"2021-09-20T12:59:16","slug":"deposer-un-projet","status":"publish","type":"page","link":"https:\/\/site.ac-martinique.fr\/elan\/?page_id=138","title":{"rendered":"D\u00e9poser un projet"},"content":{"rendered":"\n<p>Bienvenue sur la page d\u00e9di\u00e9 \u00e0 vos projet. Si vous avez un projet et que vous souhaitez collaborer avec un autre \u00e9tablissement de la Cara\u00efbe, vous pouvez rendre votre projet visible en remplissant le formulaire d\u00e9di\u00e9.<\/p>\n\n\n\n<p>Apr\u00e8s validation par l&rsquo;\u00e9quipe ELAN, votre projet apparaitra dans la <a href=\"https:\/\/site.ac-martinique.fr\/elan\/?page_id=76\">page Projets<\/a> et sera visible par les autres \u00e9tablissements de la Cara\u00efbe qui pourront entrer en contact avec vous afin de cr\u00e9er un partenariat.<\/p>\n\n\n\n<div class=\"wp-block-buttons is-content-justification-center is-layout-flex wp-block-buttons-is-layout-flex\">\n<div class=\"wp-block-button is-style-fill\"><a class=\"wp-block-button__link has-background\" href=\"https:\/\/ppe.orion.education.fr\/martinique\/itw\/answer\/s\/ony6ysd71s\/k\/7wj1nfI\" style=\"background-color:#ec670a\" target=\"_blank\" rel=\"noreferrer noopener\">D\u00e9poser mon projet<\/a><\/div>\n<\/div>\n\n\n\n<p class=\"has-text-color\" style=\"color:#421d03\"><\/p>\n","protected":false},"excerpt":{"rendered":"<p>Bienvenue sur la page d\u00e9di\u00e9 \u00e0 vos projet. Si vous avez un projet et que vous souhaitez collaborer avec un autre \u00e9tablissement de la Cara\u00efbe, vous pouvez rendre votre projet visible en remplissant le formulaire d\u00e9di\u00e9. Apr\u00e8s validation par l&rsquo;\u00e9quipe ELAN, votre projet apparaitra dans la page Projets et sera&#8230; <a class=\"continue-reading-link\" href=\"https:\/\/site.ac-martinique.fr\/elan\/?page_id=138\">Lire la suite&#8230; <span class=\"meta-nav\">&rarr; <\/span><\/a><\/p>\n","protected":false},"author":277,"featured_media":0,"parent":0,"menu_order":0,"comment_status":"closed","ping_status":"closed","template":"","meta":{"footnotes":""},"class_list":["post-138","page","type-page","status-publish","hentry"],"_links":{"self":[{"href":"https:\/\/site.ac-martinique.fr\/elan\/index.php?rest_route=\/wp\/v2\/pages\/138","targetHints":{"allow":["GET"]}}],"collection":[{"href":"https:\/\/site.ac-martinique.fr\/elan\/index.php?rest_route=\/wp\/v2\/pages"}],"about":[{"href":"https:\/\/site.ac-martinique.fr\/elan\/index.php?rest_route=\/wp\/v2\/types\/page"}],"author":[{"embeddable":true,"href":"https:\/\/site.ac-martinique.fr\/elan\/index.php?rest_route=\/wp\/v2\/users\/277"}],"replies":[{"embeddable":true,"href":"https:\/\/site.ac-martinique.fr\/elan\/index.php?rest_route=%2Fwp%2Fv2%2Fcomments&post=138"}],"version-history":[{"count":4,"href":"https:\/\/site.ac-martinique.fr\/elan\/index.php?rest_route=\/wp\/v2\/pages\/138\/revisions"}],"predecessor-version":[{"id":318,"href":"https:\/\/site.ac-martinique.fr\/elan\/index.php?rest_route=\/wp\/v2\/pages\/138\/revisions\/318"}],"wp:attachment":[{"href":"https:\/\/site.ac-martinique.fr\/elan\/index.php?rest_route=%2Fwp%2Fv2%2Fmedia&parent=138"}],"curies":[{"name":"wp","href":"https:\/\/api.w.org\/{rel}","templated":true}]}}