{"id":32,"date":"2021-09-06T09:04:07","date_gmt":"2021-09-06T13:04:07","guid":{"rendered":"https:\/\/site.ac-martinique.fr\/elan\/?page_id=32"},"modified":"2021-09-22T10:13:36","modified_gmt":"2021-09-22T14:13:36","slug":"consulter-loffre-de-projet","status":"publish","type":"page","link":"https:\/\/site.ac-martinique.fr\/elan\/?page_id=32","title":{"rendered":"Projets"},"content":{"rendered":"\n<div class=\"wp-block-group alignfull\"><div class=\"wp-block-group__inner-container is-layout-flow wp-block-group-is-layout-flow\">\n<div class=\"wp-block-group alignfull\"><div class=\"wp-block-group__inner-container is-layout-flow wp-block-group-is-layout-flow\">\n<div class=\"wp-block-group alignfull\"><div class=\"wp-block-group__inner-container is-layout-flow wp-block-group-is-layout-flow\">\n<p>Vous souhaitez collaborer avec un autre \u00e9tablissement de la Cara\u00efbe autour d&rsquo;un projet culturel et linguistique? ELAN vous propose de vous mettre en lien avec un autre \u00e9tablissement pour cr\u00e9er un partenariat autour d&rsquo;un appel \u00e0 projets d&rsquo;ELAN ou autour d&rsquo;un projet port\u00e9 par un \u00e9tablissement ! <\/p>\n\n\n\n<p><\/p>\n<\/div><\/div>\n\n\n\n<div class=\"wp-block-columns is-layout-flex wp-container-core-columns-is-layout-abceabcf wp-block-columns-is-layout-flex\">\n<div class=\"wp-block-column is-layout-flow wp-block-column-is-layout-flow\">\n<div class=\"wp-block-columns is-layout-flex wp-container-core-columns-is-layout-abceabcf wp-block-columns-is-layout-flex\">\n<div class=\"wp-block-column is-layout-flow wp-block-column-is-layout-flow\">\n<div class=\"wp-block-cover has-background-dim-100 has-background-dim has-background-gradient has-custom-content-position is-position-bottom-left tw-stretched-link\" style=\"min-height:436px;aspect-ratio:unset;\"><span aria-hidden=\"true\" class=\"wp-block-cover__gradient-background\" style=\"background:linear-gradient(0deg,rgba(0,0,0,0.68) 0%,rgba(0,0,0,0.12) 35%,rgba(0,0,0,0) 50%)\"><\/span><img loading=\"lazy\" decoding=\"async\" width=\"640\" height=\"452\" sizes=\"auto, (max-width: 799px) 200vw, (max-width: 640px) 100vw, 640px\" class=\"wp-block-cover__image-background wp-image-189\" alt=\"\" src=\"https:\/\/site.ac-martinique.fr\/elan\/wp-content\/uploads\/sites\/102\/2021\/09\/formulaire-orange-1.png\" data-object-fit=\"cover\" srcset=\"https:\/\/site.ac-martinique.fr\/elan\/wp-content\/uploads\/sites\/102\/2021\/09\/formulaire-orange-1.png 640w, https:\/\/site.ac-martinique.fr\/elan\/wp-content\/uploads\/sites\/102\/2021\/09\/formulaire-orange-1-300x212.png 300w, https:\/\/site.ac-martinique.fr\/elan\/wp-content\/uploads\/sites\/102\/2021\/09\/formulaire-orange-1-150x106.png 150w, https:\/\/site.ac-martinique.fr\/elan\/wp-content\/uploads\/sites\/102\/2021\/09\/formulaire-orange-1-212x150.png 212w\" \/><div class=\"wp-block-cover__inner-container is-layout-flow wp-block-cover-is-layout-flow\">\n<h3 class=\"wp-block-heading\"><a href=\"https:\/\/site.ac-martinique.fr\/elan\/?page_id=76\"><span class=\"has-inline-color has-black-color\">Projets des \u00e9tablissements<\/span><\/a><\/h3>\n\n\n\n<p><\/p>\n<\/div><\/div>\n\n\n\n<p><\/p>\n\n\n\n<p class=\"has-text-align-left\">Consultez les projets que les \u00e9tablissements partenaires ont d\u00e9pos\u00e9 et entrez en contact avec eux pour cr\u00e9er un partenariat avec une classe de la Cara\u00efbe anglophone !<\/p>\n<\/div>\n<\/div>\n<\/div>\n\n\n\n<div class=\"wp-block-column is-vertically-aligned-top is-layout-flow wp-block-column-is-layout-flow\">\n<div class=\"wp-block-cover aligncenter has-background-dim-100 has-background-dim has-background-gradient has-custom-content-position is-position-bottom-left tw-stretched-link\" style=\"min-height:437px;aspect-ratio:unset;\"><span aria-hidden=\"true\" class=\"wp-block-cover__gradient-background\" style=\"background:linear-gradient(0deg,rgba(0,0,0,0.68) 0%,rgba(0,0,0,0.12) 35%,rgba(0,0,0,0) 50%)\"><\/span><img loading=\"lazy\" decoding=\"async\" width=\"2000\" height=\"1360\" sizes=\"auto, (max-width: 799px) 200vw, (max-width: 2000px) 100vw, 2000px\" class=\"wp-block-cover__image-background wp-image-191\" alt=\"\" src=\"https:\/\/site.ac-martinique.fr\/elan\/wp-content\/uploads\/sites\/102\/2021\/09\/Sans-titre.png\" data-object-fit=\"cover\" srcset=\"https:\/\/site.ac-martinique.fr\/elan\/wp-content\/uploads\/sites\/102\/2021\/09\/Sans-titre.png 2000w, https:\/\/site.ac-martinique.fr\/elan\/wp-content\/uploads\/sites\/102\/2021\/09\/Sans-titre-300x204.png 300w, https:\/\/site.ac-martinique.fr\/elan\/wp-content\/uploads\/sites\/102\/2021\/09\/Sans-titre-1024x696.png 1024w, https:\/\/site.ac-martinique.fr\/elan\/wp-content\/uploads\/sites\/102\/2021\/09\/Sans-titre-768x522.png 768w, https:\/\/site.ac-martinique.fr\/elan\/wp-content\/uploads\/sites\/102\/2021\/09\/Sans-titre-1536x1044.png 1536w, https:\/\/site.ac-martinique.fr\/elan\/wp-content\/uploads\/sites\/102\/2021\/09\/Sans-titre-150x102.png 150w, https:\/\/site.ac-martinique.fr\/elan\/wp-content\/uploads\/sites\/102\/2021\/09\/Sans-titre-221x150.png 221w\" \/><div class=\"wp-block-cover__inner-container is-layout-flow wp-block-cover-is-layout-flow\">\n<h3 class=\"has-text-align-left wp-block-heading\"><a href=\"https:\/\/site.ac-martinique.fr\/elan\/?page_id=39\"><span class=\"has-inline-color has-black-color\">Appels \u00e0 projet ELAN<\/span><\/a><\/h3>\n\n\n\n<p><\/p>\n<\/div><\/div>\n\n\n\n<p><\/p>\n\n\n\n<p>Les appels \u00e0 projets d&rsquo;ELAN ont \u00e9t\u00e9 cr\u00e9es pour les \u00e9tablissements primaires et secondaires. Le but de ces appels \u00e0 projets est de permettre aux \u00e9l\u00e8ves de collaborer avec d&rsquo;autres \u00e9l\u00e8ves de la Cara\u00efbe afin de cr\u00e9er un film ou une exposition. Pour l&rsquo;ann\u00e9e scolaire 2021-2022, il y a 4 appels \u00e0 projets ELAN. <\/p>\n<\/div>\n<\/div>\n<\/div><\/div>\n<\/div><\/div>\n","protected":false},"excerpt":{"rendered":"<p>Vous souhaitez collaborer avec un autre \u00e9tablissement de la Cara\u00efbe autour d&rsquo;un projet culturel et linguistique? ELAN vous propose de vous mettre en lien avec un autre \u00e9tablissement pour cr\u00e9er un partenariat autour d&rsquo;un appel \u00e0 projets d&rsquo;ELAN ou autour d&rsquo;un projet port\u00e9 par un \u00e9tablissement ! Consultez les projets&#8230; <a class=\"continue-reading-link\" href=\"https:\/\/site.ac-martinique.fr\/elan\/?page_id=32\">Lire la suite&#8230; <span class=\"meta-nav\">&rarr; <\/span><\/a><\/p>\n","protected":false},"author":79,"featured_media":0,"parent":0,"menu_order":0,"comment_status":"closed","ping_status":"closed","template":"","meta":{"footnotes":""},"class_list":["post-32","page","type-page","status-publish","hentry"],"_links":{"self":[{"href":"https:\/\/site.ac-martinique.fr\/elan\/index.php?rest_route=\/wp\/v2\/pages\/32","targetHints":{"allow":["GET"]}}],"collection":[{"href":"https:\/\/site.ac-martinique.fr\/elan\/index.php?rest_route=\/wp\/v2\/pages"}],"about":[{"href":"https:\/\/site.ac-martinique.fr\/elan\/index.php?rest_route=\/wp\/v2\/types\/page"}],"author":[{"embeddable":true,"href":"https:\/\/site.ac-martinique.fr\/elan\/index.php?rest_route=\/wp\/v2\/users\/79"}],"replies":[{"embeddable":true,"href":"https:\/\/site.ac-martinique.fr\/elan\/index.php?rest_route=%2Fwp%2Fv2%2Fcomments&post=32"}],"version-history":[{"count":57,"href":"https:\/\/site.ac-martinique.fr\/elan\/index.php?rest_route=\/wp\/v2\/pages\/32\/revisions"}],"predecessor-version":[{"id":329,"href":"https:\/\/site.ac-martinique.fr\/elan\/index.php?rest_route=\/wp\/v2\/pages\/32\/revisions\/329"}],"wp:attachment":[{"href":"https:\/\/site.ac-martinique.fr\/elan\/index.php?rest_route=%2Fwp%2Fv2%2Fmedia&parent=32"}],"curies":[{"name":"wp","href":"https:\/\/api.w.org\/{rel}","templated":true}]}}