{"id":39,"date":"2021-09-06T09:07:41","date_gmt":"2021-09-06T13:07:41","guid":{"rendered":"https:\/\/site.ac-martinique.fr\/elan\/?page_id=39"},"modified":"2021-09-22T10:14:40","modified_gmt":"2021-09-22T14:14:40","slug":"appels-a-projets","status":"publish","type":"page","link":"https:\/\/site.ac-martinique.fr\/elan\/?page_id=39","title":{"rendered":"Appels \u00e0 projets"},"content":{"rendered":"\n<div class=\"wp-block-image\"><figure class=\"aligncenter size-full\"><img loading=\"lazy\" decoding=\"async\" width=\"1024\" height=\"696\" src=\"https:\/\/site.ac-martinique.fr\/elan\/wp-content\/uploads\/sites\/102\/2021\/09\/Appels-a-projet-ELAN-2-2.png\" alt=\"\" class=\"wp-image-326\" srcset=\"https:\/\/site.ac-martinique.fr\/elan\/wp-content\/uploads\/sites\/102\/2021\/09\/Appels-a-projet-ELAN-2-2.png 1024w, https:\/\/site.ac-martinique.fr\/elan\/wp-content\/uploads\/sites\/102\/2021\/09\/Appels-a-projet-ELAN-2-2-300x204.png 300w, https:\/\/site.ac-martinique.fr\/elan\/wp-content\/uploads\/sites\/102\/2021\/09\/Appels-a-projet-ELAN-2-2-768x522.png 768w, https:\/\/site.ac-martinique.fr\/elan\/wp-content\/uploads\/sites\/102\/2021\/09\/Appels-a-projet-ELAN-2-2-150x102.png 150w, https:\/\/site.ac-martinique.fr\/elan\/wp-content\/uploads\/sites\/102\/2021\/09\/Appels-a-projet-ELAN-2-2-221x150.png 221w\" sizes=\"auto, (max-width: 1024px) 100vw, 1024px\" \/><\/figure><\/div>\n\n\n\n<p>Les appels \u00e0 projets d&rsquo;ELAN ont \u00e9t\u00e9 cr\u00e9\u00e9s pour les \u00e9tablissements primaires et secondaires. Le but de ces appels \u00e0 projets est de permettre aux \u00e9l\u00e8ves de collaborer avec d&rsquo;autres \u00e9l\u00e8ves de la Cara\u00efbe afin de cr\u00e9er un film ou une exposition.<br>C&rsquo;est une grande opportunit\u00e9 pour les \u00e9l\u00e8ves de d\u00e9couvrir un autre territoire et une autre culture de la Cara\u00efbe, mais aussi d&rsquo;am\u00e9liorer leurs comp\u00e9tences linguistiques puisque les partenariats se font entre \u00e9tablissements francophones et anglophones.<br>Pour en savoir plus, vous pouvez consulter <a rel=\"noreferrer noopener\" href=\"https:\/\/site.ac-martinique.fr\/elan\/wp-content\/uploads\/sites\/102\/2021\/09\/Presentation-appels-a-Projets.pdf\" target=\"_blank\">la pr\u00e9sentation des appels \u00e0 projet<\/a>s<\/p>\n\n\n\n<p>En cas de question, vous pouvez lire notre <a href=\"https:\/\/site.ac-martinique.fr\/elan\/wp-content\/uploads\/sites\/102\/2021\/09\/FAQ-appels-a-projets.pdf\" target=\"_blank\" rel=\"noreferrer noopener\">FAQ<\/a> ou <a href=\"mailto:sofianebegga.elan@gmail.com\">nous contacter<\/a><\/p>\n\n\n\n<p class=\"has-text-align-center\"><br><strong><span class=\"has-inline-color has-luminous-vivid-orange-color\"><a href=\"https:\/\/ppe.orion.education.fr\/martinique\/itw\/answer\/s\/ony6ysd71s\/k\/1AQgOi5\">Pour participer \u00e0 un appel \u00e0 projets, remplissez ce formulaire et s\u00e9lectionnez l&rsquo;appel \u00e0 projets auquel vous souhaitez participer<\/a><\/span><\/strong><\/p>\n\n\n\n<div class=\"wp-block-group alignfull\"><div class=\"wp-block-group__inner-container is-layout-flow wp-block-group-is-layout-flow\">\n<div class=\"wp-block-group alignfull\"><div class=\"wp-block-group__inner-container is-layout-flow wp-block-group-is-layout-flow\">\n<p><\/p>\n<\/div><\/div>\n<\/div><\/div>\n","protected":false},"excerpt":{"rendered":"<p>Les appels \u00e0 projets d&rsquo;ELAN ont \u00e9t\u00e9 cr\u00e9\u00e9s pour les \u00e9tablissements primaires et secondaires. Le but de ces appels \u00e0 projets est de permettre aux \u00e9l\u00e8ves de collaborer avec d&rsquo;autres \u00e9l\u00e8ves de la Cara\u00efbe afin de cr\u00e9er un film ou une exposition.C&rsquo;est une grande opportunit\u00e9 pour les \u00e9l\u00e8ves de d\u00e9couvrir&#8230; <a class=\"continue-reading-link\" href=\"https:\/\/site.ac-martinique.fr\/elan\/?page_id=39\">Lire la suite&#8230; <span class=\"meta-nav\">&rarr; <\/span><\/a><\/p>\n","protected":false},"author":79,"featured_media":0,"parent":0,"menu_order":0,"comment_status":"closed","ping_status":"closed","template":"","meta":{"footnotes":""},"class_list":["post-39","page","type-page","status-publish","hentry"],"_links":{"self":[{"href":"https:\/\/site.ac-martinique.fr\/elan\/index.php?rest_route=\/wp\/v2\/pages\/39","targetHints":{"allow":["GET"]}}],"collection":[{"href":"https:\/\/site.ac-martinique.fr\/elan\/index.php?rest_route=\/wp\/v2\/pages"}],"about":[{"href":"https:\/\/site.ac-martinique.fr\/elan\/index.php?rest_route=\/wp\/v2\/types\/page"}],"author":[{"embeddable":true,"href":"https:\/\/site.ac-martinique.fr\/elan\/index.php?rest_route=\/wp\/v2\/users\/79"}],"replies":[{"embeddable":true,"href":"https:\/\/site.ac-martinique.fr\/elan\/index.php?rest_route=%2Fwp%2Fv2%2Fcomments&post=39"}],"version-history":[{"count":31,"href":"https:\/\/site.ac-martinique.fr\/elan\/index.php?rest_route=\/wp\/v2\/pages\/39\/revisions"}],"predecessor-version":[{"id":330,"href":"https:\/\/site.ac-martinique.fr\/elan\/index.php?rest_route=\/wp\/v2\/pages\/39\/revisions\/330"}],"wp:attachment":[{"href":"https:\/\/site.ac-martinique.fr\/elan\/index.php?rest_route=%2Fwp%2Fv2%2Fmedia&parent=39"}],"curies":[{"name":"wp","href":"https:\/\/api.w.org\/{rel}","templated":true}]}}