{"id":76,"date":"2021-09-08T11:36:19","date_gmt":"2021-09-08T15:36:19","guid":{"rendered":"https:\/\/site.ac-martinique.fr\/elan\/?page_id=76"},"modified":"2021-09-17T06:43:06","modified_gmt":"2021-09-17T10:43:06","slug":"autres-projets-2","status":"publish","type":"page","link":"https:\/\/site.ac-martinique.fr\/elan\/?page_id=76","title":{"rendered":"Projets des \u00e9tablissements"},"content":{"rendered":"\n<div class=\"wp-block-group\"><div class=\"wp-block-group__inner-container is-layout-flow wp-block-group-is-layout-flow\">\n<p>Vous avez acc\u00e8s sur cette page aux diff\u00e9rents projets que les \u00e9tablissements ont d\u00e9pos\u00e9. Vous pouvez remplir le formulaire afin de vous porter candidat pour devenir partenaire du porteur de projet et ainsi collaborer sur le projet. Si vous avez un projet et que vous souhaitez qu&rsquo;il apparaisse sur cette page, nous vous invitons \u00e0 remplir le <a href=\"https:\/\/ppe.orion.education.fr\/martinique\/itw\/answer\/s\/ony6ysd71s\/k\/7wj1nfI\" target=\"_blank\" rel=\"noreferrer noopener\">formulaire d\u00e9di\u00e9<\/a>.<\/p>\n\n\n\n<p><\/p>\n<\/div><\/div>\n\n\n\n<div class=\"wp-block-group alignfull\"><div class=\"wp-block-group__inner-container is-layout-flow wp-block-group-is-layout-flow\">\n<figure class=\"wp-block-gallery alignwide columns-3  is-style-tw-img-rounded tw-fixed-cols tw-img-ratio-4-3 tw-cols-large wp-block-gallery-1 is-layout-flex wp-block-gallery-is-layout-flex\"><ul class=\"blocks-gallery-grid\"><li class=\"blocks-gallery-item\"><figure><a href=\"https:\/\/site.ac-martinique.fr\/elan\/?attachment_id=170\"><img loading=\"lazy\" decoding=\"async\" width=\"1024\" height=\"819\" src=\"https:\/\/site.ac-martinique.fr\/elan\/wp-content\/uploads\/sites\/102\/2021\/09\/Patron-Vignette-2-1024x819.png\" alt=\"\" data-id=\"170\" data-full-url=\"https:\/\/site.ac-martinique.fr\/elan\/wp-content\/uploads\/sites\/102\/2021\/09\/Patron-Vignette-2.png\" data-link=\"https:\/\/site.ac-martinique.fr\/elan\/?attachment_id=170\" class=\"wp-image-170\" srcset=\"https:\/\/site.ac-martinique.fr\/elan\/wp-content\/uploads\/sites\/102\/2021\/09\/Patron-Vignette-2-1024x819.png 1024w, https:\/\/site.ac-martinique.fr\/elan\/wp-content\/uploads\/sites\/102\/2021\/09\/Patron-Vignette-2-300x240.png 300w, https:\/\/site.ac-martinique.fr\/elan\/wp-content\/uploads\/sites\/102\/2021\/09\/Patron-Vignette-2-768x614.png 768w, https:\/\/site.ac-martinique.fr\/elan\/wp-content\/uploads\/sites\/102\/2021\/09\/Patron-Vignette-2-1536x1229.png 1536w, https:\/\/site.ac-martinique.fr\/elan\/wp-content\/uploads\/sites\/102\/2021\/09\/Patron-Vignette-2-150x120.png 150w, https:\/\/site.ac-martinique.fr\/elan\/wp-content\/uploads\/sites\/102\/2021\/09\/Patron-Vignette-2-188x150.png 188w, https:\/\/site.ac-martinique.fr\/elan\/wp-content\/uploads\/sites\/102\/2021\/09\/Patron-Vignette-2.png 2000w\" sizes=\"auto, (max-width: 1024px) 100vw, 1024px\" \/><\/a><\/figure><\/li><li class=\"blocks-gallery-item\"><figure><a href=\"https:\/\/site.ac-martinique.fr\/elan\/?attachment_id=175\"><img loading=\"lazy\" decoding=\"async\" width=\"1024\" height=\"819\" src=\"https:\/\/site.ac-martinique.fr\/elan\/wp-content\/uploads\/sites\/102\/2021\/09\/Vignette-Exemple-2-1024x819.png\" alt=\"\" data-id=\"175\" data-full-url=\"https:\/\/site.ac-martinique.fr\/elan\/wp-content\/uploads\/sites\/102\/2021\/09\/Vignette-Exemple-2.png\" data-link=\"https:\/\/site.ac-martinique.fr\/elan\/?attachment_id=175\" class=\"wp-image-175\" srcset=\"https:\/\/site.ac-martinique.fr\/elan\/wp-content\/uploads\/sites\/102\/2021\/09\/Vignette-Exemple-2-1024x819.png 1024w, https:\/\/site.ac-martinique.fr\/elan\/wp-content\/uploads\/sites\/102\/2021\/09\/Vignette-Exemple-2-300x240.png 300w, https:\/\/site.ac-martinique.fr\/elan\/wp-content\/uploads\/sites\/102\/2021\/09\/Vignette-Exemple-2-768x614.png 768w, https:\/\/site.ac-martinique.fr\/elan\/wp-content\/uploads\/sites\/102\/2021\/09\/Vignette-Exemple-2-1536x1229.png 1536w, https:\/\/site.ac-martinique.fr\/elan\/wp-content\/uploads\/sites\/102\/2021\/09\/Vignette-Exemple-2-150x120.png 150w, https:\/\/site.ac-martinique.fr\/elan\/wp-content\/uploads\/sites\/102\/2021\/09\/Vignette-Exemple-2-188x150.png 188w, https:\/\/site.ac-martinique.fr\/elan\/wp-content\/uploads\/sites\/102\/2021\/09\/Vignette-Exemple-2.png 2000w\" sizes=\"auto, (max-width: 1024px) 100vw, 1024px\" \/><\/a><\/figure><\/li><li class=\"blocks-gallery-item\"><figure><a href=\"https:\/\/site.ac-martinique.fr\/elan\/?attachment_id=171\"><img loading=\"lazy\" decoding=\"async\" width=\"1024\" height=\"819\" src=\"https:\/\/site.ac-martinique.fr\/elan\/wp-content\/uploads\/sites\/102\/2021\/09\/Patron-Vignette-2-1-1024x819.png\" alt=\"\" data-id=\"171\" data-full-url=\"https:\/\/site.ac-martinique.fr\/elan\/wp-content\/uploads\/sites\/102\/2021\/09\/Patron-Vignette-2-1.png\" data-link=\"https:\/\/site.ac-martinique.fr\/elan\/?attachment_id=171\" class=\"wp-image-171\" srcset=\"https:\/\/site.ac-martinique.fr\/elan\/wp-content\/uploads\/sites\/102\/2021\/09\/Patron-Vignette-2-1-1024x819.png 1024w, https:\/\/site.ac-martinique.fr\/elan\/wp-content\/uploads\/sites\/102\/2021\/09\/Patron-Vignette-2-1-300x240.png 300w, https:\/\/site.ac-martinique.fr\/elan\/wp-content\/uploads\/sites\/102\/2021\/09\/Patron-Vignette-2-1-768x614.png 768w, https:\/\/site.ac-martinique.fr\/elan\/wp-content\/uploads\/sites\/102\/2021\/09\/Patron-Vignette-2-1-1536x1229.png 1536w, https:\/\/site.ac-martinique.fr\/elan\/wp-content\/uploads\/sites\/102\/2021\/09\/Patron-Vignette-2-1-150x120.png 150w, https:\/\/site.ac-martinique.fr\/elan\/wp-content\/uploads\/sites\/102\/2021\/09\/Patron-Vignette-2-1-188x150.png 188w, https:\/\/site.ac-martinique.fr\/elan\/wp-content\/uploads\/sites\/102\/2021\/09\/Patron-Vignette-2-1.png 2000w\" sizes=\"auto, (max-width: 1024px) 100vw, 1024px\" \/><\/a><\/figure><\/li><li class=\"blocks-gallery-item\"><figure><a href=\"https:\/\/site.ac-martinique.fr\/elan\/?attachment_id=174\"><img loading=\"lazy\" decoding=\"async\" width=\"1024\" height=\"819\" src=\"https:\/\/site.ac-martinique.fr\/elan\/wp-content\/uploads\/sites\/102\/2021\/09\/Vignette-Exemple-1-1024x819.png\" alt=\"\" data-id=\"174\" data-full-url=\"https:\/\/site.ac-martinique.fr\/elan\/wp-content\/uploads\/sites\/102\/2021\/09\/Vignette-Exemple-1.png\" data-link=\"https:\/\/site.ac-martinique.fr\/elan\/?attachment_id=174\" class=\"wp-image-174\" srcset=\"https:\/\/site.ac-martinique.fr\/elan\/wp-content\/uploads\/sites\/102\/2021\/09\/Vignette-Exemple-1-1024x819.png 1024w, https:\/\/site.ac-martinique.fr\/elan\/wp-content\/uploads\/sites\/102\/2021\/09\/Vignette-Exemple-1-300x240.png 300w, https:\/\/site.ac-martinique.fr\/elan\/wp-content\/uploads\/sites\/102\/2021\/09\/Vignette-Exemple-1-768x614.png 768w, https:\/\/site.ac-martinique.fr\/elan\/wp-content\/uploads\/sites\/102\/2021\/09\/Vignette-Exemple-1-1536x1229.png 1536w, https:\/\/site.ac-martinique.fr\/elan\/wp-content\/uploads\/sites\/102\/2021\/09\/Vignette-Exemple-1-150x120.png 150w, https:\/\/site.ac-martinique.fr\/elan\/wp-content\/uploads\/sites\/102\/2021\/09\/Vignette-Exemple-1-188x150.png 188w, https:\/\/site.ac-martinique.fr\/elan\/wp-content\/uploads\/sites\/102\/2021\/09\/Vignette-Exemple-1.png 2000w\" sizes=\"auto, (max-width: 1024px) 100vw, 1024px\" \/><\/a><\/figure><\/li><li class=\"blocks-gallery-item\"><figure><a href=\"https:\/\/site.ac-martinique.fr\/elan\/?attachment_id=172\"><img loading=\"lazy\" decoding=\"async\" width=\"1024\" height=\"819\" src=\"https:\/\/site.ac-martinique.fr\/elan\/wp-content\/uploads\/sites\/102\/2021\/09\/Patron-Vignette-2-2-1024x819.png\" alt=\"\" data-id=\"172\" data-full-url=\"https:\/\/site.ac-martinique.fr\/elan\/wp-content\/uploads\/sites\/102\/2021\/09\/Patron-Vignette-2-2.png\" data-link=\"https:\/\/site.ac-martinique.fr\/elan\/?attachment_id=172\" class=\"wp-image-172\" srcset=\"https:\/\/site.ac-martinique.fr\/elan\/wp-content\/uploads\/sites\/102\/2021\/09\/Patron-Vignette-2-2-1024x819.png 1024w, https:\/\/site.ac-martinique.fr\/elan\/wp-content\/uploads\/sites\/102\/2021\/09\/Patron-Vignette-2-2-300x240.png 300w, https:\/\/site.ac-martinique.fr\/elan\/wp-content\/uploads\/sites\/102\/2021\/09\/Patron-Vignette-2-2-768x614.png 768w, https:\/\/site.ac-martinique.fr\/elan\/wp-content\/uploads\/sites\/102\/2021\/09\/Patron-Vignette-2-2-1536x1229.png 1536w, https:\/\/site.ac-martinique.fr\/elan\/wp-content\/uploads\/sites\/102\/2021\/09\/Patron-Vignette-2-2-150x120.png 150w, https:\/\/site.ac-martinique.fr\/elan\/wp-content\/uploads\/sites\/102\/2021\/09\/Patron-Vignette-2-2-188x150.png 188w, https:\/\/site.ac-martinique.fr\/elan\/wp-content\/uploads\/sites\/102\/2021\/09\/Patron-Vignette-2-2.png 2000w\" sizes=\"auto, (max-width: 1024px) 100vw, 1024px\" \/><\/a><\/figure><\/li><li class=\"blocks-gallery-item\"><figure><a href=\"https:\/\/site.ac-martinique.fr\/elan\/?attachment_id=173\"><img loading=\"lazy\" decoding=\"async\" width=\"1024\" height=\"819\" src=\"https:\/\/site.ac-martinique.fr\/elan\/wp-content\/uploads\/sites\/102\/2021\/09\/Vignette-Exemple-1024x819.png\" alt=\"\" data-id=\"173\" data-full-url=\"https:\/\/site.ac-martinique.fr\/elan\/wp-content\/uploads\/sites\/102\/2021\/09\/Vignette-Exemple.png\" data-link=\"https:\/\/site.ac-martinique.fr\/elan\/?attachment_id=173\" class=\"wp-image-173\" srcset=\"https:\/\/site.ac-martinique.fr\/elan\/wp-content\/uploads\/sites\/102\/2021\/09\/Vignette-Exemple-1024x819.png 1024w, https:\/\/site.ac-martinique.fr\/elan\/wp-content\/uploads\/sites\/102\/2021\/09\/Vignette-Exemple-300x240.png 300w, https:\/\/site.ac-martinique.fr\/elan\/wp-content\/uploads\/sites\/102\/2021\/09\/Vignette-Exemple-768x614.png 768w, https:\/\/site.ac-martinique.fr\/elan\/wp-content\/uploads\/sites\/102\/2021\/09\/Vignette-Exemple-1536x1229.png 1536w, https:\/\/site.ac-martinique.fr\/elan\/wp-content\/uploads\/sites\/102\/2021\/09\/Vignette-Exemple-150x120.png 150w, https:\/\/site.ac-martinique.fr\/elan\/wp-content\/uploads\/sites\/102\/2021\/09\/Vignette-Exemple-188x150.png 188w, https:\/\/site.ac-martinique.fr\/elan\/wp-content\/uploads\/sites\/102\/2021\/09\/Vignette-Exemple.png 2000w\" sizes=\"auto, (max-width: 1024px) 100vw, 1024px\" \/><\/a><\/figure><\/li><\/ul><\/figure>\n<\/div><\/div>\n\n\n\n<div class=\"wp-block-group alignfull\"><div class=\"wp-block-group__inner-container is-layout-flow wp-block-group-is-layout-flow\">\n<figure class=\"wp-block-gallery alignwide columns-3 tw-fixed-cols tw-img-ratio-4-3 tw-cols-large wp-block-gallery-2 is-layout-flex wp-block-gallery-is-layout-flex\"><ul class=\"blocks-gallery-grid\"><li class=\"blocks-gallery-item\"><figure><img decoding=\"async\" src=\"https:\/\/site.ac-martinique.fr\/elan\/wp-content\/plugins\/twentig\/dist\/images\/patterns\/landscape1.jpg\" alt=\"\" data-id=\"\" \/><\/figure><\/li><li class=\"blocks-gallery-item\"><figure><img decoding=\"async\" src=\"https:\/\/site.ac-martinique.fr\/elan\/wp-content\/plugins\/twentig\/dist\/images\/patterns\/landscape2.jpg\" alt=\"\" data-id=\"\" \/><\/figure><\/li><li class=\"blocks-gallery-item\"><figure><img decoding=\"async\" src=\"https:\/\/site.ac-martinique.fr\/elan\/wp-content\/plugins\/twentig\/dist\/images\/patterns\/landscape3.jpg\" alt=\"\" data-id=\"\" \/><\/figure><\/li><li class=\"blocks-gallery-item\"><figure><img decoding=\"async\" src=\"https:\/\/site.ac-martinique.fr\/elan\/wp-content\/plugins\/twentig\/dist\/images\/patterns\/landscape4.jpg\" alt=\"\" data-id=\"\" \/><\/figure><\/li><li class=\"blocks-gallery-item\"><figure><img decoding=\"async\" src=\"https:\/\/site.ac-martinique.fr\/elan\/wp-content\/plugins\/twentig\/dist\/images\/patterns\/landscape5.jpg\" alt=\"\" data-id=\"\" \/><\/figure><\/li><li class=\"blocks-gallery-item\"><figure><img decoding=\"async\" src=\"https:\/\/site.ac-martinique.fr\/elan\/wp-content\/plugins\/twentig\/dist\/images\/patterns\/landscape6.jpg\" alt=\"\" data-id=\"\" \/><\/figure><\/li><\/ul><\/figure>\n<\/div><\/div>\n","protected":false},"excerpt":{"rendered":"<p>Vous avez acc\u00e8s sur cette page aux diff\u00e9rents projets que les \u00e9tablissements ont d\u00e9pos\u00e9. Vous pouvez remplir le formulaire afin de vous porter candidat pour devenir partenaire du porteur de projet et ainsi collaborer sur le projet. Si vous avez un projet et que vous souhaitez qu&rsquo;il apparaisse sur cette&#8230; <a class=\"continue-reading-link\" href=\"https:\/\/site.ac-martinique.fr\/elan\/?page_id=76\">Lire la suite&#8230; <span class=\"meta-nav\">&rarr; <\/span><\/a><\/p>\n","protected":false},"author":277,"featured_media":0,"parent":0,"menu_order":0,"comment_status":"closed","ping_status":"closed","template":"","meta":{"footnotes":""},"class_list":["post-76","page","type-page","status-publish","hentry"],"_links":{"self":[{"href":"https:\/\/site.ac-martinique.fr\/elan\/index.php?rest_route=\/wp\/v2\/pages\/76","targetHints":{"allow":["GET"]}}],"collection":[{"href":"https:\/\/site.ac-martinique.fr\/elan\/index.php?rest_route=\/wp\/v2\/pages"}],"about":[{"href":"https:\/\/site.ac-martinique.fr\/elan\/index.php?rest_route=\/wp\/v2\/types\/page"}],"author":[{"embeddable":true,"href":"https:\/\/site.ac-martinique.fr\/elan\/index.php?rest_route=\/wp\/v2\/users\/277"}],"replies":[{"embeddable":true,"href":"https:\/\/site.ac-martinique.fr\/elan\/index.php?rest_route=%2Fwp%2Fv2%2Fcomments&post=76"}],"version-history":[{"count":19,"href":"https:\/\/site.ac-martinique.fr\/elan\/index.php?rest_route=\/wp\/v2\/pages\/76\/revisions"}],"predecessor-version":[{"id":248,"href":"https:\/\/site.ac-martinique.fr\/elan\/index.php?rest_route=\/wp\/v2\/pages\/76\/revisions\/248"}],"wp:attachment":[{"href":"https:\/\/site.ac-martinique.fr\/elan\/index.php?rest_route=%2Fwp%2Fv2%2Fmedia&parent=76"}],"curies":[{"name":"wp","href":"https:\/\/api.w.org\/{rel}","templated":true}]}}