{"id":203,"date":"2026-01-12T15:19:11","date_gmt":"2026-01-12T19:19:11","guid":{"rendered":"https:\/\/site.ac-martinique.fr\/ep\/?page_id=203"},"modified":"2026-01-12T15:19:11","modified_gmt":"2026-01-12T19:19:11","slug":"presentation-generale-de-lep","status":"publish","type":"page","link":"https:\/\/site.ac-martinique.fr\/ep\/?page_id=203","title":{"rendered":"Pr\u00e9sentation g\u00e9n\u00e9rale de l&rsquo;EP"},"content":{"rendered":"\n<p><\/p>\n\n\n\n<figure class=\"wp-block-image size-large\"><img loading=\"lazy\" decoding=\"async\" width=\"1024\" height=\"578\" src=\"https:\/\/site.ac-martinique.fr\/ep\/wp-content\/uploads\/sites\/104\/2026\/01\/Sans-titre-1024x578.jpg\" alt=\"\" class=\"wp-image-204\" srcset=\"https:\/\/site.ac-martinique.fr\/ep\/wp-content\/uploads\/sites\/104\/2026\/01\/Sans-titre-1024x578.jpg 1024w, https:\/\/site.ac-martinique.fr\/ep\/wp-content\/uploads\/sites\/104\/2026\/01\/Sans-titre-300x169.jpg 300w, https:\/\/site.ac-martinique.fr\/ep\/wp-content\/uploads\/sites\/104\/2026\/01\/Sans-titre-768x433.jpg 768w, https:\/\/site.ac-martinique.fr\/ep\/wp-content\/uploads\/sites\/104\/2026\/01\/Sans-titre.jpg 1226w\" sizes=\"auto, (max-width: 1024px) 100vw, 1024px\" \/><\/figure>\n\n\n\n<p><\/p>\n","protected":false},"excerpt":{"rendered":"","protected":false},"author":153,"featured_media":0,"parent":0,"menu_order":0,"comment_status":"closed","ping_status":"closed","template":"","meta":{"footnotes":""},"class_list":["post-203","page","type-page","status-publish","hentry"],"_links":{"self":[{"href":"https:\/\/site.ac-martinique.fr\/ep\/index.php?rest_route=\/wp\/v2\/pages\/203","targetHints":{"allow":["GET"]}}],"collection":[{"href":"https:\/\/site.ac-martinique.fr\/ep\/index.php?rest_route=\/wp\/v2\/pages"}],"about":[{"href":"https:\/\/site.ac-martinique.fr\/ep\/index.php?rest_route=\/wp\/v2\/types\/page"}],"author":[{"embeddable":true,"href":"https:\/\/site.ac-martinique.fr\/ep\/index.php?rest_route=\/wp\/v2\/users\/153"}],"replies":[{"embeddable":true,"href":"https:\/\/site.ac-martinique.fr\/ep\/index.php?rest_route=%2Fwp%2Fv2%2Fcomments&post=203"}],"version-history":[{"count":2,"href":"https:\/\/site.ac-martinique.fr\/ep\/index.php?rest_route=\/wp\/v2\/pages\/203\/revisions"}],"predecessor-version":[{"id":270,"href":"https:\/\/site.ac-martinique.fr\/ep\/index.php?rest_route=\/wp\/v2\/pages\/203\/revisions\/270"}],"wp:attachment":[{"href":"https:\/\/site.ac-martinique.fr\/ep\/index.php?rest_route=%2Fwp%2Fv2%2Fmedia&parent=203"}],"curies":[{"name":"wp","href":"https:\/\/api.w.org\/{rel}","templated":true}]}}