{"id":264,"date":"2026-01-13T15:51:59","date_gmt":"2026-01-13T19:51:59","guid":{"rendered":"https:\/\/site.ac-martinique.fr\/ep\/?page_id=264"},"modified":"2026-01-13T16:10:10","modified_gmt":"2026-01-13T20:10:10","slug":"documents-et-ressources","status":"publish","type":"page","link":"https:\/\/site.ac-martinique.fr\/ep\/?page_id=264","title":{"rendered":"Documents et ressources"},"content":{"rendered":"\n<p><strong>Fiche navette 2026<\/strong><\/p>\n\n\n\n<div data-wp-interactive=\"core\/file\" class=\"wp-block-file\"><object data-wp-bind--hidden=\"!state.hasPdfPreview\" hidden class=\"wp-block-file__embed\" data=\"https:\/\/site.ac-martinique.fr\/ep\/wp-content\/uploads\/sites\/104\/2026\/01\/FICHE-NAVETTE-EP.pdf\" type=\"application\/pdf\" style=\"width:100%;height:600px\" aria-label=\"Contenu embarqu\u00e9 FICHE NAVETTE EP.\"><\/object><a id=\"wp-block-file--media-28a053e4-980d-4862-b1f7-0f46e207844a\" href=\"https:\/\/site.ac-martinique.fr\/ep\/wp-content\/uploads\/sites\/104\/2026\/01\/FICHE-NAVETTE-EP.pdf\">FICHE NAVETTE EP<\/a><a href=\"https:\/\/site.ac-martinique.fr\/ep\/wp-content\/uploads\/sites\/104\/2026\/01\/FICHE-NAVETTE-EP.pdf\" class=\"wp-block-file__button wp-element-button\" download aria-describedby=\"wp-block-file--media-28a053e4-980d-4862-b1f7-0f46e207844a\">T\u00e9l\u00e9charger<\/a><\/div>\n\n\n\n<h2 class=\"wp-block-heading\" id=\"summary-item-5\">Le r\u00e9f\u00e9rentiel de l&rsquo;\u00e9ducation prioritaire<\/h2>\n\n\n<div class=\"wp-block-image\">\n<figure class=\"aligncenter\"><a href=\"https:\/\/eduscol.education.fr\/document\/14248\/download?attachment\" target=\"_blank\" rel=\" noreferrer noopener\"><img decoding=\"async\" src=\"https:\/\/eduscol.education.fr\/sites\/default\/files\/styles\/sc147x208\/public\/2022-01\/referentiel_de_l_education_prioritaire-1.png?itok=tlTNGeQ8\" alt=\"\"\/><\/a><\/figure>\n<\/div>\n\n\n<p>Tous les r\u00e9seaux d&rsquo;\u00e9ducation prioritaire con\u00e7oivent un projet fond\u00e9 sur&nbsp;<strong>le&nbsp;r\u00e9f\u00e9rentiel de l&rsquo;\u00e9ducation prioritaire<\/strong>&nbsp;qui prend en compte l&rsquo;ensemble des facteurs contribuant \u00e0 la r\u00e9ussite des \u00e9l\u00e8ves et offre un cadre structurant permettant aux personnels d&rsquo;exercer leur libert\u00e9 p\u00e9dagogique en s&rsquo;appuyant sur des rep\u00e8res solides et fiables.<\/p>\n\n\n\n<p><strong>Le r\u00e9f\u00e9rentiel de l&rsquo;\u00e9ducation prioritaire<\/strong>&nbsp;\u00e9tablit six priorit\u00e9s&nbsp;:<\/p>\n\n\n\n<ol class=\"wp-block-list\">\n<li>Garantir l&rsquo;acquisition du \u00ab lire, \u00e9crire, parler \u00bb et enseigner plus explicitement les comp\u00e9tences que l&rsquo;\u00e9cole requiert pour assurer la ma\u00eetrise du socle commun,<\/li>\n\n\n\n<li>Conforter une \u00e9cole bienveillante et exigeante,<\/li>\n\n\n\n<li>Mettre en place une \u00e9cole qui coop\u00e8re utilement avec les parents et les partenaires pour la r\u00e9ussite scolaire,<\/li>\n\n\n\n<li>Favoriser le travail collectif de l&rsquo;\u00e9quipe \u00e9ducative,<\/li>\n\n\n\n<li>Accueillir, accompagner, soutenir et former les personnels,<\/li>\n\n\n\n<li>Renforcer le pilotage et l&rsquo;animation des r\u00e9seaux.<\/li>\n<\/ol>\n","protected":false},"excerpt":{"rendered":"<p>Fiche navette 2026 Le r\u00e9f\u00e9rentiel de l&rsquo;\u00e9ducation prioritaire Tous les r\u00e9seaux d&rsquo;\u00e9ducation prioritaire con\u00e7oivent un projet fond\u00e9 sur&nbsp;le&nbsp;r\u00e9f\u00e9rentiel de l&rsquo;\u00e9ducation prioritaire&nbsp;qui prend en compte l&rsquo;ensemble des facteurs contribuant \u00e0 la r\u00e9ussite des \u00e9l\u00e8ves et offre un cadre structurant permettant aux personnels d&rsquo;exercer leur libert\u00e9 p\u00e9dagogique en s&rsquo;appuyant sur des rep\u00e8res solides et fiables. Le r\u00e9f\u00e9rentiel [&hellip;]<\/p>\n","protected":false},"author":153,"featured_media":0,"parent":0,"menu_order":0,"comment_status":"closed","ping_status":"closed","template":"","meta":{"footnotes":""},"class_list":["post-264","page","type-page","status-publish","hentry"],"_links":{"self":[{"href":"https:\/\/site.ac-martinique.fr\/ep\/index.php?rest_route=\/wp\/v2\/pages\/264","targetHints":{"allow":["GET"]}}],"collection":[{"href":"https:\/\/site.ac-martinique.fr\/ep\/index.php?rest_route=\/wp\/v2\/pages"}],"about":[{"href":"https:\/\/site.ac-martinique.fr\/ep\/index.php?rest_route=\/wp\/v2\/types\/page"}],"author":[{"embeddable":true,"href":"https:\/\/site.ac-martinique.fr\/ep\/index.php?rest_route=\/wp\/v2\/users\/153"}],"replies":[{"embeddable":true,"href":"https:\/\/site.ac-martinique.fr\/ep\/index.php?rest_route=%2Fwp%2Fv2%2Fcomments&post=264"}],"version-history":[{"count":3,"href":"https:\/\/site.ac-martinique.fr\/ep\/index.php?rest_route=\/wp\/v2\/pages\/264\/revisions"}],"predecessor-version":[{"id":273,"href":"https:\/\/site.ac-martinique.fr\/ep\/index.php?rest_route=\/wp\/v2\/pages\/264\/revisions\/273"}],"wp:attachment":[{"href":"https:\/\/site.ac-martinique.fr\/ep\/index.php?rest_route=%2Fwp%2Fv2%2Fmedia&parent=264"}],"curies":[{"name":"wp","href":"https:\/\/api.w.org\/{rel}","templated":true}]}}