{"id":28,"date":"2021-10-21T11:22:55","date_gmt":"2021-10-21T15:22:55","guid":{"rendered":"https:\/\/site.ac-martinique.fr\/ep\/?page_id=28"},"modified":"2026-01-13T15:28:59","modified_gmt":"2026-01-13T19:28:59","slug":"les-reseaux","status":"publish","type":"page","link":"https:\/\/site.ac-martinique.fr\/ep\/?page_id=28","title":{"rendered":"Les r\u00e9seaux"},"content":{"rendered":"\n<p>L&rsquo;\u00e9ducation prioritaire en chiffres : <\/p>\n\n\n\n<blockquote class=\"wp-block-quote is-layout-flow wp-block-quote-is-layout-flow\">\n<ul class=\"wp-block-list\">\n<li>le nombre total &nbsp;d&rsquo;\u00e9coles au sein &nbsp;des 9 REP+&nbsp;: <strong>48<\/strong><\/li>\n\n\n\n<li>le nombre total d&rsquo;\u00e9coles au sein des 13 REP&nbsp;: <strong>63<\/strong><\/li>\n\n\n\n<li>Pourcentage &nbsp;d&rsquo;\u00e9tablissements en EP dans l&rsquo;acad\u00e9mie&nbsp;: <strong>52%<\/strong><\/li>\n\n\n\n<li>le nombre total d&rsquo;\u00e9l\u00e8ves scolaris\u00e9s en EP au 1er degr\u00e9&nbsp;: <strong>13 538<\/strong><\/li>\n\n\n\n<li>Le nombre total d&rsquo;\u00e9l\u00e8ves scolaris\u00e9s en EP au 2e degr\u00e9&nbsp;: <strong>6 031<\/strong><\/li>\n\n\n\n<li>le nombre total d&rsquo;\u00e9l\u00e8ves scolaris\u00e9s en EP = somme des 2&nbsp;: <strong>19 569<\/strong><\/li>\n\n\n\n<li>nombre total d&rsquo;\u00e9l\u00e8ves de l&rsquo;acad\u00e9mie&nbsp;: <strong>40 015<\/strong><\/li>\n\n\n\n<li>Pourcentage d&rsquo;\u00e9l\u00e8ves scolaris\u00e9es en EP&nbsp;: <strong>49%<\/strong><\/li>\n<\/ul>\n<\/blockquote>\n\n\n\n<div data-wp-interactive=\"core\/file\" class=\"wp-block-file\"><object data-wp-bind--hidden=\"!state.hasPdfPreview\" hidden class=\"wp-block-file__embed\" data=\"https:\/\/site.ac-martinique.fr\/ep\/wp-content\/uploads\/sites\/104\/2026\/01\/CARTE_IDENTITE_CIRCO_2025-26-v-diffus.pdf\" type=\"application\/pdf\" style=\"width:100%;height:600px\" aria-label=\"Contenu embarqu\u00e9 CARTE_IDENTITE_CIRCO_2025-26 v diffus.\"><\/object><a id=\"wp-block-file--media-8d7a1d21-e0e4-401d-a2d4-cc17e75ce42f\" href=\"https:\/\/site.ac-martinique.fr\/ep\/wp-content\/uploads\/sites\/104\/2026\/01\/CARTE_IDENTITE_CIRCO_2025-26-v-diffus.pdf\">CARTE_IDENTITE_CIRCO_2025-26 v diffus<\/a><a href=\"https:\/\/site.ac-martinique.fr\/ep\/wp-content\/uploads\/sites\/104\/2026\/01\/CARTE_IDENTITE_CIRCO_2025-26-v-diffus.pdf\" class=\"wp-block-file__button wp-element-button\" download aria-describedby=\"wp-block-file--media-8d7a1d21-e0e4-401d-a2d4-cc17e75ce42f\">T\u00e9l\u00e9charger<\/a><\/div>\n\n\n\n<p><\/p>\n","protected":false},"excerpt":{"rendered":"<p>L&rsquo;\u00e9ducation prioritaire en chiffres :<\/p>\n","protected":false},"author":153,"featured_media":0,"parent":0,"menu_order":0,"comment_status":"closed","ping_status":"closed","template":"","meta":{"footnotes":""},"class_list":["post-28","page","type-page","status-publish","hentry"],"_links":{"self":[{"href":"https:\/\/site.ac-martinique.fr\/ep\/index.php?rest_route=\/wp\/v2\/pages\/28","targetHints":{"allow":["GET"]}}],"collection":[{"href":"https:\/\/site.ac-martinique.fr\/ep\/index.php?rest_route=\/wp\/v2\/pages"}],"about":[{"href":"https:\/\/site.ac-martinique.fr\/ep\/index.php?rest_route=\/wp\/v2\/types\/page"}],"author":[{"embeddable":true,"href":"https:\/\/site.ac-martinique.fr\/ep\/index.php?rest_route=\/wp\/v2\/users\/153"}],"replies":[{"embeddable":true,"href":"https:\/\/site.ac-martinique.fr\/ep\/index.php?rest_route=%2Fwp%2Fv2%2Fcomments&post=28"}],"version-history":[{"count":5,"href":"https:\/\/site.ac-martinique.fr\/ep\/index.php?rest_route=\/wp\/v2\/pages\/28\/revisions"}],"predecessor-version":[{"id":263,"href":"https:\/\/site.ac-martinique.fr\/ep\/index.php?rest_route=\/wp\/v2\/pages\/28\/revisions\/263"}],"wp:attachment":[{"href":"https:\/\/site.ac-martinique.fr\/ep\/index.php?rest_route=%2Fwp%2Fv2%2Fmedia&parent=28"}],"curies":[{"name":"wp","href":"https:\/\/api.w.org\/{rel}","templated":true}]}}