{"id":1027,"date":"2014-05-03T22:40:22","date_gmt":"2014-05-03T21:40:22","guid":{"rendered":"\/eps\/?page_id=1027"},"modified":"2014-05-10T23:42:27","modified_gmt":"2014-05-10T22:42:27","slug":"evaluation-du-socle-commun-en-course-dorientation","status":"publish","type":"page","link":"https:\/\/site.ac-martinique.fr\/eps\/?page_id=1027","title":{"rendered":"Evaluation du socle commun en course d&rsquo;orientation"},"content":{"rendered":"<p style=\"text-align: center;\">* <a href=\"\/eps\/wp-content\/uploads\/sites\/13\/2014\/05\/PRESENTATION_STAGE_CO.pdf\" target=\"_blank\">Pr\u00e9sentation du stage<\/a>.<\/p>\n<p style=\"text-align: center;\">*\u00a0<a href=\"\/eps\/wp-content\/uploads\/sites\/13\/2014\/05\/CO_did_contenus_2011.pdf\" target=\"_blank\">Analyse didactique et contenus.<\/a><\/p>\n<p style=\"text-align: center;\">*\u00a0<a href=\"\/eps\/wp-content\/uploads\/sites\/13\/2014\/05\/stage_CO_lien_socle_commun.pdf\" target=\"_blank\">Lien avec le socle commun<\/a><\/p>\n<p style=\"text-align: center;\">* <a href=\"\/eps\/wp-content\/uploads\/sites\/13\/2014\/05\/CONTRIBUTION_CO_SOCLE_COMMUN.pdf\" target=\"_blank\">Contribution de la CO au socle commun<\/a><a href=\"\/eps\/wp-content\/uploads\/sites\/13\/2014\/05\/CONTRIBUTION_CO_SOCLE_COMMUN.pdf\">.<\/a>.<\/p>\n<p style=\"text-align: center;\">* <a href=\"\/eps\/wp-content\/uploads\/sites\/13\/2014\/05\/FICHE_ELEVE_CO.pdf\" target=\"_blank\">Fiche \u00e9l\u00e8ve<\/a>.<\/p>\n<p style=\"text-align: center;\">* <a href=\"\/eps\/wp-content\/uploads\/sites\/13\/2014\/05\/TALON_CONTROLE_JOUR.doc\" target=\"_blank\">Talon de contr\u00f4le<\/a>.<\/p>\n","protected":false},"excerpt":{"rendered":"<p>* Pr\u00e9sentation du stage. *\u00a0Analyse didactique et contenus. *\u00a0Lien avec le socle commun * Contribution de la CO au socle commun.. * Fiche \u00e9l\u00e8ve. * Talon de contr\u00f4le.<\/p>\n","protected":false},"author":69,"featured_media":0,"parent":770,"menu_order":0,"comment_status":"closed","ping_status":"open","template":"","meta":{"footnotes":""},"class_list":["post-1027","page","type-page","status-publish","hentry"],"_links":{"self":[{"href":"https:\/\/site.ac-martinique.fr\/eps\/index.php?rest_route=\/wp\/v2\/pages\/1027","targetHints":{"allow":["GET"]}}],"collection":[{"href":"https:\/\/site.ac-martinique.fr\/eps\/index.php?rest_route=\/wp\/v2\/pages"}],"about":[{"href":"https:\/\/site.ac-martinique.fr\/eps\/index.php?rest_route=\/wp\/v2\/types\/page"}],"author":[{"embeddable":true,"href":"https:\/\/site.ac-martinique.fr\/eps\/index.php?rest_route=\/wp\/v2\/users\/69"}],"replies":[{"embeddable":true,"href":"https:\/\/site.ac-martinique.fr\/eps\/index.php?rest_route=%2Fwp%2Fv2%2Fcomments&post=1027"}],"version-history":[{"count":2,"href":"https:\/\/site.ac-martinique.fr\/eps\/index.php?rest_route=\/wp\/v2\/pages\/1027\/revisions"}],"predecessor-version":[{"id":1448,"href":"https:\/\/site.ac-martinique.fr\/eps\/index.php?rest_route=\/wp\/v2\/pages\/1027\/revisions\/1448"}],"up":[{"embeddable":true,"href":"https:\/\/site.ac-martinique.fr\/eps\/index.php?rest_route=\/wp\/v2\/pages\/770"}],"wp:attachment":[{"href":"https:\/\/site.ac-martinique.fr\/eps\/index.php?rest_route=%2Fwp%2Fv2%2Fmedia&parent=1027"}],"curies":[{"name":"wp","href":"https:\/\/api.w.org\/{rel}","templated":true}]}}