{"id":115,"date":"2020-09-08T12:00:13","date_gmt":"2020-09-08T11:00:13","guid":{"rendered":"\/eps\/?page_id=115"},"modified":"2020-09-08T18:53:44","modified_gmt":"2020-09-08T17:53:44","slug":"epreuves-ponctuelles","status":"publish","type":"page","link":"https:\/\/site.ac-martinique.fr\/eps\/?page_id=115","title":{"rendered":"Epreuves Ponctuelles"},"content":{"rendered":"<hr \/>\n<p><strong><span style=\"color: #ff0000;\">\u00a0<a href=\"\/eps\/wp-content\/uploads\/sites\/13\/2019\/05\/New.png\"><img loading=\"lazy\" decoding=\"async\" class=\"wp-image-3050 alignnone\" src=\"\/eps\/wp-content\/uploads\/sites\/13\/2019\/05\/New.png\" alt=\"\" width=\"144\" height=\"76\" \/><\/a>Examens \u00c9preuves ponctuelles (BAC 2021):<\/span><br \/>\n<\/strong><\/p>\n<ul>\n<li><strong>\u00a0R\u00e9f\u00e9rentiel Ponctuel Danse:\u00a0 <a href=\"\/eps\/wp-content\/uploads\/sites\/13\/2020\/09\/2021-GT-Referentiel-Ponctuel-Danse.docx\" target=\"_blank\"><img loading=\"lazy\" decoding=\"async\" class=\"alignnone wp-image-3190\" src=\"\/eps\/wp-content\/uploads\/sites\/13\/2020\/06\/LogoWord.png\" alt=\"\" width=\"24\" height=\"23\" \/><\/a><\/strong><\/li>\n<li><strong>\u00a0R\u00e9f\u00e9rentiel Ponctuel Demi-Fond:\u00a0 <a href=\"\/eps\/wp-content\/uploads\/sites\/13\/2020\/09\/2021-GT-Referentiel-Ponctuel-Demi-fond.docx\" target=\"_blank\"><img loading=\"lazy\" decoding=\"async\" class=\"alignnone wp-image-3190\" src=\"\/eps\/wp-content\/uploads\/sites\/13\/2020\/06\/LogoWord.png\" alt=\"\" width=\"24\" height=\"23\" \/><\/a><br \/>\n<\/strong><\/li>\n<li><strong>\u00a0R\u00e9f\u00e9rentiel Ponctuel Tennis de table:\u00a0 <a href=\"\/eps\/wp-content\/uploads\/sites\/13\/2020\/09\/2021-GT-Referentiel-Ponctuel-Tennis-de-table.docx\" target=\"_blank\"><img loading=\"lazy\" decoding=\"async\" class=\"alignnone wp-image-3190\" src=\"\/eps\/wp-content\/uploads\/sites\/13\/2020\/06\/LogoWord.png\" alt=\"\" width=\"24\" height=\"23\" \/><\/a><br \/>\n<\/strong><\/li>\n<\/ul>\n<div><\/div>\n<hr \/>\n<p style=\"text-align: center;\"><strong><span style=\"color: #ff0000;\">Anciens r\u00e9f\u00e9rentiels des \u00c9preuves ponctuelles<\/span><\/strong><\/p>\n<p style=\"text-align: center;\"><a title=\"Epreuves Ponctuelles Facultatives\" href=\"\/eps\/?page_id=693\">Epreuves Ponctuelles Facultatives<\/a>\u00a0&#8212; <a href=\"\/eps\/?page_id=131\">Epreuves Adapt\u00e9es<\/a><\/p>\n<p style=\"text-align: center;\"><a title=\"Epreuves Ponctuelles Obligatoires Bac\" href=\"\/eps\/?page_id=683\">Epreuves Ponctuelles Obligatoires BAC<\/a><\/p>\n<p style=\"text-align: center;\"><a title=\"Epreuves ponctuelles obligatoires Bac Pro\" href=\"\/eps\/?page_id=720\">Epreuves Ponctuelles Obligatoires BAC PRO<\/a><\/p>\n<p style=\"text-align: center;\"><a href=\"http:\/\/www.education.gouv.fr\/pid285\/bulletin_officiel.html?cid_bo=94842\" target=\"_blank\">Unit\u00e9 facultative d&rsquo;EPS au BAC PRO<\/a> (BO n\u00b0 42 du 12 \/11\/2015- Circulaire du 10\/11\/ 2015 )<\/p>\n<p style=\"text-align: center;\"><a title=\"Epreuves Ponctuelles Obligatoires BEP-CAP\" href=\"\/eps\/?page_id=716\">Epreuves Ponctuelles Obligatoires BEP-CAP<\/a><\/p>\n<p>&nbsp;<\/p>\n","protected":false},"excerpt":{"rendered":"<p>\u00a0Examens \u00c9preuves ponctuelles (BAC 2021): \u00a0R\u00e9f\u00e9rentiel Ponctuel Danse:\u00a0 \u00a0R\u00e9f\u00e9rentiel Ponctuel Demi-Fond:\u00a0 \u00a0R\u00e9f\u00e9rentiel Ponctuel Tennis de table:\u00a0 Anciens r\u00e9f\u00e9rentiels des \u00c9preuves ponctuelles Epreuves Ponctuelles Facultatives\u00a0&#8212; Epreuves Adapt\u00e9es Epreuves Ponctuelles Obligatoires BAC Epreuves Ponctuelles Obligatoires BAC PRO Unit\u00e9 facultative d&rsquo;EPS au BAC &hellip; <a href=\"https:\/\/site.ac-martinique.fr\/eps\/?page_id=115\">Continuer la lecture <span class=\"meta-nav\">&rarr;<\/span><\/a><\/p>\n","protected":false},"author":69,"featured_media":0,"parent":0,"menu_order":0,"comment_status":"closed","ping_status":"open","template":"","meta":{"footnotes":""},"class_list":["post-115","page","type-page","status-publish","hentry"],"_links":{"self":[{"href":"https:\/\/site.ac-martinique.fr\/eps\/index.php?rest_route=\/wp\/v2\/pages\/115","targetHints":{"allow":["GET"]}}],"collection":[{"href":"https:\/\/site.ac-martinique.fr\/eps\/index.php?rest_route=\/wp\/v2\/pages"}],"about":[{"href":"https:\/\/site.ac-martinique.fr\/eps\/index.php?rest_route=\/wp\/v2\/types\/page"}],"author":[{"embeddable":true,"href":"https:\/\/site.ac-martinique.fr\/eps\/index.php?rest_route=\/wp\/v2\/users\/69"}],"replies":[{"embeddable":true,"href":"https:\/\/site.ac-martinique.fr\/eps\/index.php?rest_route=%2Fwp%2Fv2%2Fcomments&post=115"}],"version-history":[{"count":41,"href":"https:\/\/site.ac-martinique.fr\/eps\/index.php?rest_route=\/wp\/v2\/pages\/115\/revisions"}],"predecessor-version":[{"id":3271,"href":"https:\/\/site.ac-martinique.fr\/eps\/index.php?rest_route=\/wp\/v2\/pages\/115\/revisions\/3271"}],"wp:attachment":[{"href":"https:\/\/site.ac-martinique.fr\/eps\/index.php?rest_route=%2Fwp%2Fv2%2Fmedia&parent=115"}],"curies":[{"name":"wp","href":"https:\/\/api.w.org\/{rel}","templated":true}]}}