{"id":1269,"date":"2014-05-04T22:53:59","date_gmt":"2014-05-04T21:53:59","guid":{"rendered":"\/eps\/?page_id=1269"},"modified":"2020-09-08T18:57:06","modified_gmt":"2020-09-08T17:57:06","slug":"fiches-tice","status":"publish","type":"page","link":"https:\/\/site.ac-martinique.fr\/eps\/?page_id=1269","title":{"rendered":"Applications Excel-PowerPoint"},"content":{"rendered":"<p style=\"text-align: center;\"><strong><span style=\"color: #800000;\">COURSE D&rsquo;ORIENTATION<\/span>\u00a0<\/strong><\/p>\n<p style=\"text-align: center;\">\u00a0<a href=\"\/eps\/wp-content\/uploads\/sites\/13\/2014\/05\/GestCO_v2.xls\">Contr\u00f4le des parcours \u00e9l\u00e8ves (Excel)<\/a>\u00a0 \u00a0&#8211;\u00a0<a href=\"\/eps\/wp-content\/uploads\/sites\/13\/2014\/05\/fiche_CO.doc\">Fiche explicative<\/a>\u00a0 \u00a0(Equipe TICE. Travaux 2013)<\/p>\n<p style=\"text-align: center;\"><a href=\"\/eps\/wp-content\/uploads\/sites\/13\/2014\/05\/CO_fiche_eva_finale.xlsx\">Fiche d&rsquo;\u00e9valuation finale<\/a>\u00a0 (Nicolas BLANCHARD)<\/p>\n<hr \/>\n<p style=\"text-align: center;\"><strong>\u00a0<span style=\"color: #800000;\">BADMINTON<\/span>\u00a0<\/strong><\/p>\n<p style=\"text-align: center;\"><a href=\"\/eps\/wp-content\/uploads\/sites\/13\/2014\/05\/Zones_de_jeu_sports_opposition_non_interpenetres.xlsm\">Observation des zones de jeu (Excel)<\/a>\u00a0&#8211;\u00a0<a href=\"\/eps\/wp-content\/uploads\/sites\/13\/2014\/05\/fiche_zones_de_jeu.doc\">Fiche explicative<\/a>\u00a0\u00a0(Equipe TICE. Travaux 2013)<\/p>\n","protected":false},"excerpt":{"rendered":"<p>COURSE D&rsquo;ORIENTATION\u00a0 \u00a0Contr\u00f4le des parcours \u00e9l\u00e8ves (Excel)\u00a0 \u00a0&#8211;\u00a0Fiche explicative\u00a0 \u00a0(Equipe TICE. Travaux 2013) Fiche d&rsquo;\u00e9valuation finale\u00a0 (Nicolas BLANCHARD) \u00a0BADMINTON\u00a0 Observation des zones de jeu (Excel)\u00a0&#8211;\u00a0Fiche explicative\u00a0\u00a0(Equipe TICE. Travaux 2013)<\/p>\n","protected":false},"author":69,"featured_media":0,"parent":1284,"menu_order":0,"comment_status":"closed","ping_status":"open","template":"","meta":{"footnotes":""},"class_list":["post-1269","page","type-page","status-publish","hentry"],"_links":{"self":[{"href":"https:\/\/site.ac-martinique.fr\/eps\/index.php?rest_route=\/wp\/v2\/pages\/1269","targetHints":{"allow":["GET"]}}],"collection":[{"href":"https:\/\/site.ac-martinique.fr\/eps\/index.php?rest_route=\/wp\/v2\/pages"}],"about":[{"href":"https:\/\/site.ac-martinique.fr\/eps\/index.php?rest_route=\/wp\/v2\/types\/page"}],"author":[{"embeddable":true,"href":"https:\/\/site.ac-martinique.fr\/eps\/index.php?rest_route=\/wp\/v2\/users\/69"}],"replies":[{"embeddable":true,"href":"https:\/\/site.ac-martinique.fr\/eps\/index.php?rest_route=%2Fwp%2Fv2%2Fcomments&post=1269"}],"version-history":[{"count":11,"href":"https:\/\/site.ac-martinique.fr\/eps\/index.php?rest_route=\/wp\/v2\/pages\/1269\/revisions"}],"predecessor-version":[{"id":3277,"href":"https:\/\/site.ac-martinique.fr\/eps\/index.php?rest_route=\/wp\/v2\/pages\/1269\/revisions\/3277"}],"up":[{"embeddable":true,"href":"https:\/\/site.ac-martinique.fr\/eps\/index.php?rest_route=\/wp\/v2\/pages\/1284"}],"wp:attachment":[{"href":"https:\/\/site.ac-martinique.fr\/eps\/index.php?rest_route=%2Fwp%2Fv2%2Fmedia&parent=1269"}],"curies":[{"name":"wp","href":"https:\/\/api.w.org\/{rel}","templated":true}]}}