{"id":1315,"date":"2022-03-13T12:17:00","date_gmt":"2022-03-13T11:17:00","guid":{"rendered":"\/eps\/?page_id=1315"},"modified":"2023-11-30T01:28:54","modified_gmt":"2023-11-30T00:28:54","slug":"textes-officiels-2","status":"publish","type":"page","link":"https:\/\/site.ac-martinique.fr\/eps\/?page_id=1315","title":{"rendered":"Textes Officiels"},"content":{"rendered":"<p style=\"text-align: center;\"><span style=\"color: #ff0000;\"><strong>LES TEXTES GENERAUX<\/strong><\/span><\/p>\n<ul>\n<li style=\"text-align: left;\"><a href=\"http:\/\/www.education.gouv.fr\/cid95191\/renforcer-la-mixite-sociale-dans-les-colleges.html\" target=\"_blank\" rel=\"noopener\">Renforcer la mixit\u00e9 sociale dans les coll\u00e8ges (Circulaire du 10 novembre 2015)<\/a><\/li>\n<li style=\"text-align: left;\"><a href=\"http:\/\/www.education.gouv.fr\/cid187\/l-education-prioritaire.html\" target=\"_blank\" rel=\"noopener\">Education prioritaire (Septembre 2014)<\/a><\/li>\n<li style=\"text-align: left;\"><a href=\"http:\/\/www.education.gouv.fr\/cid78644\/la-charte-des-programmes-adoptee-par-le-conseil-superieur-des-programmes.html\" target=\"_blank\" rel=\"noopener\">Charte des programmes (Mai 2014)<\/a><\/li>\n<li style=\"text-align: left;\"><a href=\"http:\/\/www.education.gouv.fr\/pid25535\/bulletin_officiel.html?cid_bo=87297\" target=\"_blank\" rel=\"noopener\">Modalit\u00e9s d&rsquo;attribution de l&rsquo;indemnit\u00e9 pour Mission Particuli\u00e8re (IMP) (BO n\u00b018 du 30 avril 2015)<\/a><\/li>\n<li style=\"text-align: left;\"><a href=\"http:\/\/www.education.gouv.fr\/cid73215\/le-referentiel-de-competences-des-enseignants-au-bo-du-25-juillet-2013.html\" target=\"_blank\" rel=\"noopener\">R\u00e9f\u00e9rentiel des comp\u00e9tences des enseignants (BO du 25 juillet 2013)<\/a><\/li>\n<li style=\"text-align: left;\"><a href=\"https:\/\/www.legifrance.gouv.fr\/affichTexte.do;jsessionid=?cidTexte=JORFTEXT000027677984&amp;dateTexte=&amp;oldAction=rechJO&amp;categorieLien=id\" target=\"_blank\" rel=\"noopener\">Loi d&rsquo;Orientation et de programmation pour la refondation de l&rsquo;\u00e9cole du 8 juillet 2013<\/a><\/li>\n<li style=\"text-align: left;\"><a href=\"http:\/\/www.education.gouv.fr\/botexte\/bo020620\/MENE0201343X.htm\" target=\"_blank\" rel=\"noopener\">Charte des Sections Sportives (2002)<\/a><\/li>\n<li style=\"text-align: left;\"><a href=\"http:\/\/www.legifrance.gouv.fr\/affichCode.do?cidTexte=LEGITEXT000006071191\" target=\"_blank\" rel=\"noopener\">Code de l&rsquo;Education (2000)<\/a><\/li>\n<li style=\"text-align: left;\"><a href=\"http:\/\/www.education.gouv.fr\/pid25535\/bulletin_officiel.html?cid_bo=79279\" target=\"_blank\" rel=\"noopener\">Application de la r\u00e8gle, mesures de pr\u00e9vention et sanctions (2014)<\/a><\/li>\n<\/ul>\n<p style=\"text-align: center;\"><span style=\"color: #ff0000;\"><strong><span style=\"color: #ff0000;\">INAPTITUDES<\/span><\/strong><\/span><\/p>\n<ul>\n<li style=\"text-align: left;\"><a href=\"\/eps\/wp-content\/uploads\/sites\/13\/2014\/04\/INAPTITUDES_circulaire_17mai19901.doc\" target=\"_blank\" rel=\"noopener\">Contr\u00f4le m\u00e9dical des inaptitudes (Circulaire du 17 mai 1990)<\/a><\/li>\n<li style=\"text-align: left;\"><a href=\"http:\/\/www.legifrance.gouv.fr\/affichTexte.do;jsessionid=5FD8704F7620BCA07D414C332EBAE3DF.tpdjo02v_1?cidTexte=JORFTEXT000000174162&amp;dateTexte=\" target=\"_blank\" rel=\"noopener\">Conditions de DISPENSE dans les EXAMENS du second degr\u00e9 (Decret du 30 janvier 1992)<\/a><\/li>\n<\/ul>\n<p style=\"text-align: center;\"><strong><span style=\"color: #ff0000;\">S<\/span><span style=\"color: #ff0000;\">PORT SCOLAIRE<\/span><\/strong><\/p>\n<ul>\n<li style=\"text-align: left;\"><a href=\"https:\/\/www.legifrance.gouv.fr\/affichCodeArticle.do;jsessionid=41827B2D63B44C6446C64F3B2010DD49.tpdila14v_2?cidTexte=LEGITEXT000006071191&amp;idArticle=LEGIARTI000031932557&amp;dateTexte=20160421&amp;categorieLien=id#LEGIARTI000031932557\" target=\"_blank\" rel=\"noopener\">Fin du certificat m\u00e9dical: Article L 552-1 du Code de l&rsquo;Education<\/a><\/li>\n<li style=\"text-align: left;\"><a href=\"http:\/\/www.education.gouv.fr\/pid285\/bulletin_officiel.html?cid_bo=100254\" target=\"_blank\" rel=\"noopener\">Participation des enseignants d&rsquo;EPS du second degr\u00e9 aux activit\u00e9s sportives scolaires volontaires des \u00e9l\u00e8ves (BO n\u00b013 du 31 mars 2016)<\/a><\/li>\n<li style=\"text-align: left;\"><a href=\"http:\/\/eduscol.education.fr\/cid49852\/textes-de-reference.html\" target=\"_blank\" rel=\"noopener\">Tous les textes : Site Eduscol<\/a><\/li>\n<\/ul>\n<p style=\"text-align: center;\"><strong><span style=\"color: #ff0000;\">SECURITE<\/span><\/strong><\/p>\n<ul>\n<li style=\"text-align: left;\"><a href=\"https:\/\/site.ac-martinique.fr\/eps\/wp-content\/uploads\/sites\/13\/2022\/03\/Note-de-service-Aisance-aquatique-savoir-nager-BO-du-3-mars-2022-1.docx\" target=\"_blank\" rel=\"noopener\">Natation (Note de service du 28-2-2022, parue au BO du 03-03-2022)<\/a><a href=\"http:\/\/www.education.gouv.fr\/pid285\/bulletin_officiel.html?cid_bo=118714\" target=\"_blank\" rel=\"noopener\">:<\/a> cette note de service<span class=\"nor_nature\"> abroge la circulaire du 22\/08\/2017<br \/><\/span><\/li>\n<li style=\"text-align: left;\"><a href=\"http:\/\/www.education.gouv.fr\/pid285\/bulletin_officiel.html?cid_bo=115731\" target=\"_blank\" rel=\"noopener\">Exigences de la s\u00e9curit\u00e9 dans les APPN dans le second degr\u00e9 <\/a>(BO n\u00b016 du 20 avril 2017- Circulaire du 19 avril 2017)<\/li>\n<li style=\"text-align: left;\"><a href=\"http:\/\/www.education.gouv.fr\/cid56824\/mene1115402c.html\" target=\"_blank\" rel=\"noopener\">Natation (Circulaire du 7 juillet 2011)<\/a><\/li>\n<li style=\"text-align: left;\"><a href=\"http:\/\/www.legifrance.gouv.fr\/affichTexte.do?cidTexte=JORFTEXT000000205593&amp;fastPos=2&amp;fastReqId=39220194&amp;categorieLien=id&amp;oldAction=rechTexte\" target=\"_blank\" rel=\"noopener\">Responsabilit\u00e9 p\u00e9nale ( Loi du 10 juillet 2000)<\/a><\/li>\n<li style=\"text-align: left;\"><a href=\"http:\/\/www.education.gouv.fr\/bo\/2004\/32\/MENE0401637C.htm\" target=\"_blank\" rel=\"noopener\">Risques particuliers \u00e0 l&rsquo;enseignement de l&rsquo;EPS et au sport scolaire (BO n\u00b0 32 du 9 septembre 2004)<\/a><\/li>\n<li style=\"text-align: left;\"><a href=\"http:\/\/www.education.gouv.fr\/bo\/2003\/30\/MENJ0301377A.htm\" target=\"_blank\" rel=\"noopener\">APPN: Arr\u00eat\u00e9 du 20 juin 2003<\/a><\/li>\n<li style=\"text-align: left;\"><a href=\"http:\/\/www.legifrance.gouv.fr\/affichCode.do;jsessionid=5B9AD91BF65A1163F4464D00F484513D.tpdjo17v_2?cidTexte=LEGITEXT000006071318&amp;dateTexte=20090919\" target=\"_blank\" rel=\"noopener\">Code du sport<\/a><\/li>\n<li style=\"text-align: left;\"><a href=\"http:\/\/www.legifrance.gouv.fr\/affichCode.do;jsessionid=5B9AD91BF65A1163F4464D00F484513D.tpdjo17v_2?idSectionTA=LEGISCTA000018761026&amp;cidTexte=LEGITEXT000006071318&amp;dateTexte=20090919\" target=\"_blank\" rel=\"noopener\">Pratique en mer<\/a><\/li>\n<li style=\"text-align: left;\"><a href=\"http:\/\/www.legifrance.gouv.fr\/affichCode.do;jsessionid=5B9AD91BF65A1163F4464D00F484513D.tpdjo17v_2?idSectionTA=LEGISCTA000019263172&amp;cidTexte=LEGITEXT000006071318&amp;dateTexte=20090919\" target=\"_blank\" rel=\"noopener\">Plong\u00e9e<\/a><\/li>\n<\/ul>\n<p style=\"text-align: center;\"><span style=\"color: #ff0000;\"><strong><a id=\"ProtocolesAPPN\"><\/a>LE CAS DES APPN<\/strong><\/span><\/p>\n<p><a href=\"http:\/\/www.education.gouv.fr\/pid285\/bulletin_officiel.html?cid_bo=115731\" target=\"_blank\" rel=\"noopener\">Exigences de la s\u00e9curit\u00e9 dans les APPN dans le second degr\u00e9 <\/a>(BO n\u00b016 du 20 avril 2017- Circulaire du 19 avril 2017)<\/p>\n<p>La s\u00e9curit\u00e9 dans les APPN ( Activit\u00e9s Physiques de pleine Nature) est un champ important de l\u2019enseignement de l\u2019EPS qui n\u00e9cessite responsabilit\u00e9 et prudence. Chaque activit\u00e9 doit d\u00e9boucher sur des pratiques s\u00e9curitaires et r\u00e9glementairement organis\u00e9es.<\/p>\n<p>L\u2019inspection r\u00e9gionale EPS vous propose un protocole d\u2019identification de la s\u00e9curit\u00e9 et de l\u2019environnement de pratique.<\/p>\n<p>Chaque \u00e9quipe EPS doit s\u2019emparer collectivement de ce protocole et l\u2019int\u00e8gre \u00e0 son projet p\u00e9dagogique d\u2019EPS pour la rentr\u00e9e scolaire 2019-2020.<br \/>Ce protocole va demander un temps d\u2019appropriation et de travail pour les \u00e9quipes mais permettra \u00e0 chacun d\u2019assumer son obligation statutaire de s\u00e9curit\u00e9 et de prudence en toute connaissance de cause et de responsabilit\u00e9.<\/p>\n<p>L\u2019entr\u00e9e dans ce protocole commence par le PDF \u00ab\u00a0Protocole APPN\u00a0\u00bb.<\/p>\n<ul>\n<li style=\"list-style-type: none;\">\n<ol>\n<li>Protocole APPN\u2026d\u00e9marche a suivre: <a href=\"https:\/\/site.ac-martinique.fr\/eps\/wp-content\/uploads\/sites\/13\/2019\/05\/Protocole-APPN.pdf\">cliquez ici<\/a><\/li>\n<li>Formulaires d\u2019interrogation \u00e0 remplir en fonction du contexte:\n<ul>\n<li>Questionnaire Environnement Classique: <a href=\"https:\/\/site.ac-martinique.fr\/eps\/wp-content\/uploads\/sites\/13\/2019\/05\/Questionnaire-Environnement-Classique.docx\">cliquez ici<\/a><\/li>\n<li>Questionnaire Environnement Classique Escalade: <a href=\"https:\/\/site.ac-martinique.fr\/eps\/wp-content\/uploads\/sites\/13\/2019\/05\/Questionnaire-Environnement-Classique-Escalade.docx\">cliquez ici<\/a><\/li>\n<li>Questionnaire Environnement Sp\u00e9cifique: <a href=\"https:\/\/site.ac-martinique.fr\/eps\/wp-content\/uploads\/sites\/13\/2019\/05\/Questionnaire-Environnement-Sp%C3%A9cifique.docx\">cliquez ici<\/a><\/li>\n<\/ul>\n<\/li>\n<li>Exemple adaptable de Protocole Se\u0301curite\u0301 (Format Excel) \u00e0 compl\u00e9ter: <a href=\"https:\/\/site.ac-martinique.fr\/eps\/wp-content\/uploads\/sites\/13\/2019\/05\/Exemple-adaptable-de-Protocole-Se%CC%81curite%CC%81.xlsx\">cliquez ici<\/a><\/li>\n<li>Les protocols APPN: presentation\u00a0 <a href=\"https:\/\/site.ac-martinique.fr\/eps\/wp-content\/uploads\/sites\/13\/2023\/11\/Procole-APPN.pdf\" target=\"_blank\" rel=\"noopener\"><img loading=\"lazy\" decoding=\"async\" class=\"alignnone wp-image-3007 size-full\" src=\"https:\/\/site.ac-martinique.fr\/eps\/wp-content\/uploads\/sites\/13\/2019\/03\/pdf-e1619139783204.png\" alt=\"\" width=\"22\" height=\"22\" \/><\/a><\/li>\n<\/ol>\n<\/li>\n<\/ul>\n<p style=\"text-align: center;\"><span style=\"color: #ff0000;\"><strong>NATATION SCOLAIRE<\/strong><\/span><\/p>\n<ul>\n<li><a href=\"https:\/\/site.ac-martinique.fr\/eps\/wp-content\/uploads\/sites\/13\/2022\/03\/Note-de-service-Aisance-aquatique-savoir-nager-BO-du-3-mars-2022-1.docx\" target=\"_blank\" rel=\"noopener\">Natation (Note de service du 28-2-2022, parue au BO du 03-03-2022)<\/a><a href=\"http:\/\/www.education.gouv.fr\/pid285\/bulletin_officiel.html?cid_bo=118714\" target=\"_blank\" rel=\"noopener\">:<\/a> cette note de service<span class=\"nor_nature\"> abroge la circulaire du 22\/08\/2017<\/span><\/li>\n<li>Savoir nager (Arr\u00eat\u00e9 du 28-02-2022): <a href=\"https:\/\/site.ac-martinique.fr\/eps\/wp-content\/uploads\/sites\/13\/2022\/03\/Arrete-du-28-fevrier-22-Savoir-nager-JO-du-1er-mars-1.pdf\" target=\"_blank\" rel=\"noopener\"><img loading=\"lazy\" decoding=\"async\" class=\"alignnone size-full wp-image-3007\" src=\"https:\/\/site.ac-martinique.fr\/eps\/wp-content\/uploads\/sites\/13\/2019\/03\/pdf-e1619139783204.png\" alt=\"\" width=\"22\" height=\"22\" \/><\/a><\/li>\n<li>Pass Nautique (Arr\u00eat\u00e9 du 28-02-2022): <a href=\"https:\/\/site.ac-martinique.fr\/eps\/wp-content\/uploads\/sites\/13\/2022\/03\/Arrete-du-28-fevrier-Pass-nautique-JO-du-1er-mars-22.pdf\" target=\"_blank\" rel=\"noopener\"><img loading=\"lazy\" decoding=\"async\" class=\"alignnone size-full wp-image-3007\" src=\"https:\/\/site.ac-martinique.fr\/eps\/wp-content\/uploads\/sites\/13\/2019\/03\/pdf-e1619139783204.png\" alt=\"\" width=\"22\" height=\"22\" \/><\/a><\/li>\n<\/ul>\n\n\n<p><\/p>\n","protected":false},"excerpt":{"rendered":"<p>LES TEXTES GENERAUX Renforcer la mixit\u00e9 sociale dans les coll\u00e8ges (Circulaire du 10 novembre 2015) Education prioritaire (Septembre 2014) Charte des programmes (Mai 2014) Modalit\u00e9s d&rsquo;attribution de l&rsquo;indemnit\u00e9 pour Mission Particuli\u00e8re (IMP) (BO n\u00b018 du 30 avril 2015) R\u00e9f\u00e9rentiel des &hellip; <a href=\"https:\/\/site.ac-martinique.fr\/eps\/?page_id=1315\">Continuer la lecture <span class=\"meta-nav\">&rarr;<\/span><\/a><\/p>\n","protected":false},"author":69,"featured_media":0,"parent":0,"menu_order":0,"comment_status":"closed","ping_status":"open","template":"","meta":{"footnotes":""},"class_list":["post-1315","page","type-page","status-publish","hentry"],"_links":{"self":[{"href":"https:\/\/site.ac-martinique.fr\/eps\/index.php?rest_route=\/wp\/v2\/pages\/1315","targetHints":{"allow":["GET"]}}],"collection":[{"href":"https:\/\/site.ac-martinique.fr\/eps\/index.php?rest_route=\/wp\/v2\/pages"}],"about":[{"href":"https:\/\/site.ac-martinique.fr\/eps\/index.php?rest_route=\/wp\/v2\/types\/page"}],"author":[{"embeddable":true,"href":"https:\/\/site.ac-martinique.fr\/eps\/index.php?rest_route=\/wp\/v2\/users\/69"}],"replies":[{"embeddable":true,"href":"https:\/\/site.ac-martinique.fr\/eps\/index.php?rest_route=%2Fwp%2Fv2%2Fcomments&post=1315"}],"version-history":[{"count":19,"href":"https:\/\/site.ac-martinique.fr\/eps\/index.php?rest_route=\/wp\/v2\/pages\/1315\/revisions"}],"predecessor-version":[{"id":4297,"href":"https:\/\/site.ac-martinique.fr\/eps\/index.php?rest_route=\/wp\/v2\/pages\/1315\/revisions\/4297"}],"wp:attachment":[{"href":"https:\/\/site.ac-martinique.fr\/eps\/index.php?rest_route=%2Fwp%2Fv2%2Fmedia&parent=1315"}],"curies":[{"name":"wp","href":"https:\/\/api.w.org\/{rel}","templated":true}]}}