{"id":133,"date":"2014-05-01T00:05:04","date_gmt":"2014-04-30T23:05:04","guid":{"rendered":"\/eps\/?page_id=133"},"modified":"2014-05-10T23:26:38","modified_gmt":"2014-05-10T22:26:38","slug":"lycees-zone-grande-caraibe","status":"publish","type":"page","link":"https:\/\/site.ac-martinique.fr\/eps\/?page_id=133","title":{"rendered":"Lyc\u00e9es Zone Grande Caraibe"},"content":{"rendered":"<p style=\"text-align: center;\"><a href=\"\/eps\/wp-content\/uploads\/sites\/13\/2014\/05\/Lyc\u00e9es_zone_caraibe.docx\">Etablissements \u00e9trangers rattach\u00e9s \u00e0 l&rsquo;acad\u00e9mie<\/a><\/p>\n<p style=\"text-align: center;\"><a href=\"\/eps\/wp-content\/uploads\/sites\/13\/2014\/05\/RESULTATS_ZONE_GRDECARAIBES_2012.xlsx\">R\u00e9sultats aux examens des \u00e9tablissements fran\u00e7ais de la Zone grande Caraibe 2012<\/a><\/p>\n","protected":false},"excerpt":{"rendered":"<p>Etablissements \u00e9trangers rattach\u00e9s \u00e0 l&rsquo;acad\u00e9mie R\u00e9sultats aux examens des \u00e9tablissements fran\u00e7ais de la Zone grande Caraibe 2012<\/p>\n","protected":false},"author":69,"featured_media":0,"parent":0,"menu_order":0,"comment_status":"closed","ping_status":"open","template":"","meta":{"footnotes":""},"class_list":["post-133","page","type-page","status-publish","hentry"],"_links":{"self":[{"href":"https:\/\/site.ac-martinique.fr\/eps\/index.php?rest_route=\/wp\/v2\/pages\/133","targetHints":{"allow":["GET"]}}],"collection":[{"href":"https:\/\/site.ac-martinique.fr\/eps\/index.php?rest_route=\/wp\/v2\/pages"}],"about":[{"href":"https:\/\/site.ac-martinique.fr\/eps\/index.php?rest_route=\/wp\/v2\/types\/page"}],"author":[{"embeddable":true,"href":"https:\/\/site.ac-martinique.fr\/eps\/index.php?rest_route=\/wp\/v2\/users\/69"}],"replies":[{"embeddable":true,"href":"https:\/\/site.ac-martinique.fr\/eps\/index.php?rest_route=%2Fwp%2Fv2%2Fcomments&post=133"}],"version-history":[{"count":5,"href":"https:\/\/site.ac-martinique.fr\/eps\/index.php?rest_route=\/wp\/v2\/pages\/133\/revisions"}],"predecessor-version":[{"id":1437,"href":"https:\/\/site.ac-martinique.fr\/eps\/index.php?rest_route=\/wp\/v2\/pages\/133\/revisions\/1437"}],"wp:attachment":[{"href":"https:\/\/site.ac-martinique.fr\/eps\/index.php?rest_route=%2Fwp%2Fv2%2Fmedia&parent=133"}],"curies":[{"name":"wp","href":"https:\/\/api.w.org\/{rel}","templated":true}]}}