{"id":1479,"date":"2019-03-17T00:06:33","date_gmt":"2019-03-16T23:06:33","guid":{"rendered":"\/eps\/?page_id=1479"},"modified":"2019-03-17T21:04:20","modified_gmt":"2019-03-17T20:04:20","slug":"liens-2","status":"publish","type":"page","link":"https:\/\/site.ac-martinique.fr\/eps\/?page_id=1479","title":{"rendered":"Liens et ressources"},"content":{"rendered":"<p>&nbsp;<\/p>\n<p style=\"text-align: center;\"><a href=\"\/eps\/wp-content\/uploads\/sites\/13\/2014\/05\/c1dcc914-f9f1-43ed-adf2-0096001e69a9.jpg\"><img loading=\"lazy\" decoding=\"async\" class=\" wp-image-2511 alignleft\" src=\"\/eps\/wp-content\/uploads\/sites\/13\/2014\/05\/c1dcc914-f9f1-43ed-adf2-0096001e69a9-300x79.jpg\" alt=\"c1dcc914-f9f1-43ed-adf2-0096001e69a9\" width=\"228\" height=\"60\" srcset=\"https:\/\/site.ac-martinique.fr\/eps\/wp-content\/uploads\/sites\/13\/2014\/05\/c1dcc914-f9f1-43ed-adf2-0096001e69a9-300x79.jpg 300w, https:\/\/site.ac-martinique.fr\/eps\/wp-content\/uploads\/sites\/13\/2014\/05\/c1dcc914-f9f1-43ed-adf2-0096001e69a9.jpg 567w\" sizes=\"auto, (max-width: 228px) 100vw, 228px\" \/><\/a><\/p>\n<p><strong>Le Num\u00e9rique en EPS:\u00a0<\/strong><a href=\"http:\/\/eduscol.education.fr\/eps\/edunum\" target=\"_blank\">http:\/\/eduscol.education.fr\/eps\/edunum<\/a><\/p>\n<hr \/>\n<p style=\"text-align: center;\"><img loading=\"lazy\" decoding=\"async\" class=\"alignnone size-full wp-image-2272 alignleft\" src=\"\/eps\/wp-content\/uploads\/sites\/13\/2015\/07\/EDUbase.png\" alt=\"EDU'base\" width=\"72\" height=\"68\" \/>\u00a0 \u00a0\u00a0<strong>EDU&rsquo;bases en EPS<\/strong>\u00a0: <a href=\"https:\/\/edubase.eduscol.education.fr\" target=\"_blank\">http:\/\/eduscol.education.fr\/bd\/urtic\/eps\/<\/a><\/p>\n<p>Section Tice de Eduscol, \u00c9DU&rsquo;Bases recense les pratiques p\u00e9dagogiques propos\u00e9es par les acad\u00e9mies afin d&rsquo;accompagner le d\u00e9veloppement des usages des TICE, en relation avec les programmes des coll\u00e8ges et lyc\u00e9es.<\/p>\n<hr \/>\n<p><img loading=\"lazy\" decoding=\"async\" class=\"alignnone size-full wp-image-2275\" src=\"\/eps\/wp-content\/uploads\/sites\/13\/2015\/07\/PDA.png\" alt=\"Pdagigie.com\" width=\"76\" height=\"80\" \/><strong>Pdagogie.com\u00a0: <a href=\"http:\/\/www.pdagogie.com\/\" target=\"_blank\">http:\/\/www.pdagogie.com\/<\/a><\/strong><\/p>\n<p>Site d\u00e9di\u00e9 aux applications pour tablettes num\u00e9riques. PDAgogie.com propose de nombreuses applications EPS disponibles sous andro\u00efd, IOS et Windows.<\/p>\n<hr \/>\n<p>&nbsp;<\/p>\n<p><strong><img loading=\"lazy\" decoding=\"async\" class=\"alignnone size-full wp-image-2273\" src=\"\/eps\/wp-content\/uploads\/sites\/13\/2015\/07\/EPSsoft.png\" alt=\"EPSsoft\" width=\"161\" height=\"56\" \/>\u00a0EPSsoft\u00a0: <\/strong><strong><a href=\"http:\/\/www.epsoft.fr\/\" target=\"_blank\">http:\/\/www.epsoft.fr\/<\/a><\/strong><\/p>\n<p>Site d\u00e9di\u00e9 aux logiciels EPS sous Windows. Vous pouvez t\u00e9l\u00e9charger leurs nombreuses ressources. Il propose une adh\u00e9sion de 15 euros \u00e0 leur association et vous avez acc\u00e8s de mani\u00e8re illimit\u00e9e aux applications pendant 1 an.<\/p>\n<hr \/>\n<p><strong><img loading=\"lazy\" decoding=\"async\" class=\"alignnone size-full wp-image-2276\" src=\"\/eps\/wp-content\/uploads\/sites\/13\/2015\/07\/Pepsteam.png\" alt=\"Pepstice\" width=\"155\" height=\"46\" srcset=\"https:\/\/site.ac-martinique.fr\/eps\/wp-content\/uploads\/sites\/13\/2015\/07\/Pepsteam.png 155w, https:\/\/site.ac-martinique.fr\/eps\/wp-content\/uploads\/sites\/13\/2015\/07\/Pepsteam-150x46.png 150w\" sizes=\"auto, (max-width: 155px) 100vw, 155px\" \/>\u00a0Pepstice\u00a0: <\/strong><strong><a href=\"http:\/\/www.pepsteam.com\/pepstice\/\" target=\"_blank\">http:\/\/www.pepsteam.com\/pepstice\/<\/a><\/strong><\/p>\n<p>Site communautaire (d\u00e9clinaison de la pepsteam) d\u00e9di\u00e9 \u00e0 l\u2019usage des TICE en EPS.<\/p>\n<hr \/>\n<p>&nbsp;<\/p>\n<p><strong><img loading=\"lazy\" decoding=\"async\" class=\"alignnone size-full wp-image-2280\" src=\"\/eps\/wp-content\/uploads\/sites\/13\/2015\/07\/Ieps.png\" alt=\"Ieps\" width=\"119\" height=\"65\" \/>\u00a0i-eps\u00a0: <\/strong><a href=\"http:\/\/i-eps.fr\" target=\"_blank\"><strong>http:\/\/i-eps.fr\/<\/strong><\/a><\/p>\n<p>Un site d\u00e9di\u00e9 \u00e0 des applications EPS ax\u00e9es sur les tests d\u2019effort et compatibles sur i-pad, i-phone et i-pod touch.<\/p>\n<hr \/>\n<p>&nbsp;<\/p>\n<p><strong><img loading=\"lazy\" decoding=\"async\" class=\"alignnone size-full wp-image-2278\" src=\"\/eps\/wp-content\/uploads\/sites\/13\/2015\/07\/tablette-et-survetement.png\" alt=\"tablette et survetement\" width=\"61\" height=\"56\" \/>\u00a0Tablette et surv\u00eatement\u00a0: <a href=\"http:\/\/www.tablettesetsurvetements.fr\" target=\"_blank\">http:\/\/www.tablettesetsurvetements.fr<\/a><\/strong><\/p>\n<p>Site d\u00e9di\u00e9 \u00e0 des ressources num\u00e9riques EPS pour Ipad.<\/p>\n<hr \/>\n<p>&nbsp;<\/p>\n<p><strong><img loading=\"lazy\" decoding=\"async\" class=\"alignnone size-full wp-image-2274\" src=\"\/eps\/wp-content\/uploads\/sites\/13\/2015\/07\/nonopda.png\" alt=\"nonopda\" width=\"113\" height=\"59\" \/>\u00a0Le labo de nono\u00a0: <u><a href=\"http:\/\/nonopda.free.fr\/\" target=\"_blank\">http:\/\/nonopda.free.fr\/<\/a><\/u><\/strong><\/p>\n<p>Forum d\u00e9di\u00e9 aux tableurs en EPS.<\/p>\n<hr \/>\n<p style=\"text-align: left;\">\u00a0<img loading=\"lazy\" decoding=\"async\" class=\"alignnone size-full wp-image-2277\" src=\"\/eps\/wp-content\/uploads\/sites\/13\/2015\/07\/Roudneff.png\" alt=\"Roudneff\" width=\"157\" height=\"76\" \/>\u00a0<strong>Roudneff EPS\u00a0: <\/strong><strong><a href=\"http:\/\/eps.roudneff.com\/eps\/\" target=\"_blank\">http:\/\/eps.roudneff.com\/eps\/<\/a><\/strong><\/p>\n<p>Banque d\u2019images 3D pour vos projets, situations et fiches en EPS<\/p>\n","protected":false},"excerpt":{"rendered":"<p>&nbsp; Le Num\u00e9rique en EPS:\u00a0http:\/\/eduscol.education.fr\/eps\/edunum \u00a0 \u00a0\u00a0EDU&rsquo;bases en EPS\u00a0: http:\/\/eduscol.education.fr\/bd\/urtic\/eps\/ Section Tice de Eduscol, \u00c9DU&rsquo;Bases recense les pratiques p\u00e9dagogiques propos\u00e9es par les acad\u00e9mies afin d&rsquo;accompagner le d\u00e9veloppement des usages des TICE, en relation avec les programmes des coll\u00e8ges et lyc\u00e9es. &hellip; <a href=\"https:\/\/site.ac-martinique.fr\/eps\/?page_id=1479\">Continuer la lecture <span class=\"meta-nav\">&rarr;<\/span><\/a><\/p>\n","protected":false},"author":69,"featured_media":0,"parent":0,"menu_order":0,"comment_status":"closed","ping_status":"open","template":"","meta":{"footnotes":""},"class_list":["post-1479","page","type-page","status-publish","hentry"],"_links":{"self":[{"href":"https:\/\/site.ac-martinique.fr\/eps\/index.php?rest_route=\/wp\/v2\/pages\/1479","targetHints":{"allow":["GET"]}}],"collection":[{"href":"https:\/\/site.ac-martinique.fr\/eps\/index.php?rest_route=\/wp\/v2\/pages"}],"about":[{"href":"https:\/\/site.ac-martinique.fr\/eps\/index.php?rest_route=\/wp\/v2\/types\/page"}],"author":[{"embeddable":true,"href":"https:\/\/site.ac-martinique.fr\/eps\/index.php?rest_route=\/wp\/v2\/users\/69"}],"replies":[{"embeddable":true,"href":"https:\/\/site.ac-martinique.fr\/eps\/index.php?rest_route=%2Fwp%2Fv2%2Fcomments&post=1479"}],"version-history":[{"count":19,"href":"https:\/\/site.ac-martinique.fr\/eps\/index.php?rest_route=\/wp\/v2\/pages\/1479\/revisions"}],"predecessor-version":[{"id":2977,"href":"https:\/\/site.ac-martinique.fr\/eps\/index.php?rest_route=\/wp\/v2\/pages\/1479\/revisions\/2977"}],"wp:attachment":[{"href":"https:\/\/site.ac-martinique.fr\/eps\/index.php?rest_route=%2Fwp%2Fv2%2Fmedia&parent=1479"}],"curies":[{"name":"wp","href":"https:\/\/api.w.org\/{rel}","templated":true}]}}