{"id":1495,"date":"2020-05-14T22:41:18","date_gmt":"2020-05-14T21:41:18","guid":{"rendered":"\/eps\/?page_id=1495"},"modified":"2020-05-21T17:26:33","modified_gmt":"2020-05-21T16:26:33","slug":"la-lettre-ticedu","status":"publish","type":"page","link":"https:\/\/site.ac-martinique.fr\/eps\/?page_id=1495","title":{"rendered":"La lettre Edu_Num EPS"},"content":{"rendered":"<p>&nbsp;<\/p>\n<p style=\"text-align: center;\"><a href=\"http:\/\/eduscol.education.fr\/eps\/ticedu\">La lettre <\/a><a href=\"http:\/\/eduscol.education.fr\/eps\/ticedu\">\u00c9du_Num EPS<\/a><a href=\"http:\/\/eduscol.education.fr\/eps\/ticedu\"> (Anciennement TIC&rsquo;\u00c9du EPS)<\/a> : \u00a0est une lettre d\u2019information sur les usages, les ressources et les actualit\u00e9s de la discipline autour du num\u00e9rique dans les pratiques p\u00e9dagogiques.Elle a pour fonction de vous proposer des pistes de travail et de r\u00e9flexion.<\/p>\n<p>&nbsp;<\/p>\n<p>&nbsp;<\/p>\n<p>30\/03\/2020:\u00a0<a href=\"https:\/\/eduscol.education.fr\/eps\/edunum\/edunum-eps-21HS\" target=\"_blank\">Lettre \u00c9du_Num EPS n\u00b021 HS<\/a> : Zoom sur&#8230; Le travail \u00e0 distance, &#8230;et continuit\u00e9 p\u00e9dagogique<\/p>\n<p>06\/01\/2020:\u00a0<a href=\"https:\/\/eduscol.education.fr\/eps\/edunum\/edunum-eps-20\" target=\"_blank\">Lettre \u00c9du_Num EPS n\u00b020<\/a> : Zoom sur&#8230; Le label \u00ab\u00a0g\u00e9n\u00e9ration 2024\u00a0\u00bb<\/p>\n<p>18\/01\/2018:\u00a0<a href=\"http:\/\/eduscol.education.fr\/eps\/edunum\/edunum-eps-19\" target=\"_blank\">Lettre \u00c9du_Num EPS n\u00b019<\/a> : Zoom sur&#8230; semaine olympique et paralympique 2018<\/p>\n<p>06\/02\/2017:\u00a0<a href=\"http:\/\/eduscol.education.fr\/eps\/edunum\/edunum-eps-18\" target=\"_blank\">Lettre \u00c9du_Num EPS n\u00b018<\/a> : Zoom sur&#8230; L&rsquo;Ann\u00e9e de l&rsquo;olympisme de l&rsquo;\u00e9cole \u00e0 l&rsquo;universit\u00e9<\/p>\n<p>11\/04\/2016:\u00a0<a href=\"http:\/\/eduscol.education.fr\/eps\/edunum\/ticedu-eps-17\" target=\"_blank\">Lettre TIC&rsquo;\u00c9du EPS n\u00b017<\/a>\u00a0: Zoom sur l&rsquo;ann\u00e9e \u00a0du Sport de l&rsquo;\u00c9cole \u00e0 l&rsquo;Universit\u00e9<\/p>\n<p>25\/03\/2016:<a href=\"http:\/\/eduscol.education.fr\/eps\/edunum\/ticedu-eps-16\" target=\"_blank\">Lettre TIC&rsquo;\u00c9du EPS n\u00b016<\/a>\u00a0: Zoom sur les Travaux Acad\u00e9miques Mutualis\u00e9e (TRAM)<\/p>\n<p>25\/01\/2015 : <a href=\"http:\/\/eduscol.education.fr\/eps\/ticedu\/ticedu-eps-15\/view\" target=\"_blank\">Lettre TIC&rsquo;\u00c9du EPS n\u00b015<\/a>:Zoom sur le lancement de la \u00a0concertation nationale sur le num\u00e9rique pour l&rsquo;\u00e9ducation<\/p>\n<p>15\/10\/2013 : <a href=\"http:\/\/eduscol.education.fr\/eps\/ticedu\/ticedu-n14\/view\" target=\"_blank\">Lettre TIC&rsquo;\u00c9du n\u00b014<\/a>: Zoom sur les TICE aux concours<\/p>\n<p>15\/10\/2012 :<a href=\"http:\/\/eduscol.education.fr\/eps\/ticedu\/ticedu-n13\/view\" target=\"_blank\"> Lettre TIC&rsquo;\u00c9du n\u00b013<\/a>: Zoom sur les tablettes tactiles<\/p>\n<p>18\/01\/2011 : <a href=\"http:\/\/eduscol.education.fr\/eps\/ticedu\/ticedu-n12\/view\" target=\"_blank\">Lettre TIC&rsquo;EDU n\u00b012 <\/a>: Actualit\u00e9s- Evenements<\/p>\n<p>18\/10\/2010 : <a href=\"http:\/\/eduscol.education.fr\/eps\/ticedu\/ticedu-n11\/view\" target=\"_blank\">Lettre TIC&rsquo;EDU n\u00b011<\/a>\u00a0: La place des TICE dans les nouveaux programmes<\/p>\n<p>10\/05\/2010 : <a href=\"http:\/\/eduscol.education.fr\/eps\/ticedu\/ticedu-n10\/view\" target=\"_blank\">Lettre TIC&rsquo;EDU n\u00b010 <\/a>: Usage des TIC et nouveaux programmes 2010<\/p>\n<p>01\/01\/2010 : <a href=\"http:\/\/eduscol.education.fr\/eps\/ticedu\/ticedu-n9\/view\" target=\"_blank\">Lettre TIC&rsquo;EDU n\u00b09<\/a>\u00a0: Usage des PDA en EPS<\/p>\n<p>01\/10\/2009 : <a href=\"http:\/\/eduscol.education.fr\/eps\/ticedu\/ticedu-n8\/view\" target=\"_blank\">Lettre TIC&rsquo;EDU n\u00b08<\/a>\u00a0: Image num\u00e9rique au service des apprentissages<\/p>\n","protected":false},"excerpt":{"rendered":"<p>&nbsp; La lettre \u00c9du_Num EPS (Anciennement TIC&rsquo;\u00c9du EPS) : \u00a0est une lettre d\u2019information sur les usages, les ressources et les actualit\u00e9s de la discipline autour du num\u00e9rique dans les pratiques p\u00e9dagogiques.Elle a pour fonction de vous proposer des pistes de &hellip; <a href=\"https:\/\/site.ac-martinique.fr\/eps\/?page_id=1495\">Continuer la lecture <span class=\"meta-nav\">&rarr;<\/span><\/a><\/p>\n","protected":false},"author":69,"featured_media":0,"parent":0,"menu_order":0,"comment_status":"closed","ping_status":"open","template":"","meta":{"footnotes":""},"class_list":["post-1495","page","type-page","status-publish","hentry"],"_links":{"self":[{"href":"https:\/\/site.ac-martinique.fr\/eps\/index.php?rest_route=\/wp\/v2\/pages\/1495","targetHints":{"allow":["GET"]}}],"collection":[{"href":"https:\/\/site.ac-martinique.fr\/eps\/index.php?rest_route=\/wp\/v2\/pages"}],"about":[{"href":"https:\/\/site.ac-martinique.fr\/eps\/index.php?rest_route=\/wp\/v2\/types\/page"}],"author":[{"embeddable":true,"href":"https:\/\/site.ac-martinique.fr\/eps\/index.php?rest_route=\/wp\/v2\/users\/69"}],"replies":[{"embeddable":true,"href":"https:\/\/site.ac-martinique.fr\/eps\/index.php?rest_route=%2Fwp%2Fv2%2Fcomments&post=1495"}],"version-history":[{"count":16,"href":"https:\/\/site.ac-martinique.fr\/eps\/index.php?rest_route=\/wp\/v2\/pages\/1495\/revisions"}],"predecessor-version":[{"id":3135,"href":"https:\/\/site.ac-martinique.fr\/eps\/index.php?rest_route=\/wp\/v2\/pages\/1495\/revisions\/3135"}],"wp:attachment":[{"href":"https:\/\/site.ac-martinique.fr\/eps\/index.php?rest_route=%2Fwp%2Fv2%2Fmedia&parent=1495"}],"curies":[{"name":"wp","href":"https:\/\/api.w.org\/{rel}","templated":true}]}}