{"id":1801,"date":"2019-05-24T02:41:56","date_gmt":"2019-05-24T01:41:56","guid":{"rendered":"\/eps\/?page_id=1801"},"modified":"2019-05-24T23:46:35","modified_gmt":"2019-05-24T22:46:35","slug":"1801-2","status":"publish","type":"page","link":"https:\/\/site.ac-martinique.fr\/eps\/?page_id=1801","title":{"rendered":"R\u00e9f\u00e9rentiel Epreuves CAP-BEP"},"content":{"rendered":"<p style=\"text-align: center;\"><strong>Cf:<\/strong> Circulaire Acad\u00e9mique Session 2015 \u00a0et \u00a0Calendrier<\/p>\n<hr \/>\n<p style=\"text-align: center;\"><strong><span style=\"color: #800080;\">CP1<\/span><\/strong><span style=\"color: #800080;\">: R\u00e9aliser une performance motrice maximale \u00e0 une \u00e9ch\u00e9ance donn\u00e9e.<\/span><\/p>\n<h4 style=\"text-align: center;\"><a href=\"\/eps\/wp-content\/uploads\/sites\/13\/2014\/06\/Course_demi-fond_CAP_BEP.pdf\" target=\"_blank\">DEMI-FOND<\/a><\/h4>\n<h4 style=\"text-align: center;\"><a href=\"\/eps\/wp-content\/uploads\/sites\/13\/2014\/06\/Course_haies_CAP_BEP.pdf\" target=\"_blank\">HAIES<\/a><\/h4>\n<h4 style=\"text-align: center;\"><a href=\"\/eps\/wp-content\/uploads\/sites\/13\/2014\/06\/Course_Relais-Vitesse_CAP_BEP.pdf\" target=\"_blank\">RELAIS VITESSE<\/a><\/h4>\n<h4 style=\"text-align: center;\"><a href=\"\/eps\/wp-content\/uploads\/sites\/13\/2014\/06\/Lancer_Disque_CAP_BEP.pdf\" target=\"_blank\">DISQUE<\/a><\/h4>\n<h4 style=\"text-align: center;\"><a href=\"\/eps\/wp-content\/uploads\/sites\/13\/2014\/06\/Lancer_Javelot_CAP_BEP.pdf\" target=\"_blank\">JAVELOT<\/a><\/h4>\n<h4 style=\"text-align: center;\"><a href=\"\/eps\/wp-content\/uploads\/sites\/13\/2014\/06\/Saut_Pentabond_CAP_BEP.pdf\" target=\"_blank\">PENTABOND<\/a><\/h4>\n<h4 style=\"text-align: center;\"><a href=\"\/eps\/wp-content\/uploads\/sites\/13\/2014\/06\/Natation_Vitesse_CAP_BEP.pdf\" target=\"_blank\">NATATION de VITESSE<\/a><\/h4>\n<hr \/>\n<p style=\"text-align: center;\"><strong><span style=\"color: #800080;\">CP2<\/span><\/strong><span style=\"color: #800080;\">: Se d\u00e9placer en s&rsquo;adaptant \u00e0 des environnements vari\u00e9s et incertains<\/span>.<\/p>\n<h4 style=\"text-align: center;\"><a href=\"\/eps\/wp-content\/uploads\/sites\/13\/2014\/06\/Escalade_CAP_BEP.pdf\" target=\"_blank\">ESCALADE<\/a><\/h4>\n<h4 style=\"text-align: center;\"><a href=\"\/eps\/wp-content\/uploads\/sites\/13\/2014\/06\/Course_Orientation_CAP_BEP.pdf\" target=\"_blank\">COURSE D&rsquo;ORIENTATION<\/a><\/h4>\n<h4 style=\"text-align: center;\"><a href=\"\/eps\/wp-content\/uploads\/sites\/13\/2014\/06\/Natation_Sauvetage_CAP_BEP.pdf\" target=\"_blank\">NATATION SAUVETAGE<\/a><\/h4>\n<h4 style=\"text-align: center;\"><a href=\"\/eps\/wp-content\/uploads\/sites\/13\/2014\/06\/Voile_Ac_CAP_BEP.pdf\" target=\"_blank\">VOILE<\/a>\u00a0(liste acad\u00e9mique)<\/h4>\n<h4 style=\"text-align: center;\"><a href=\"\/eps\/wp-content\/uploads\/sites\/13\/2014\/06\/Kayak_CAP_BEP_2014.pdf\" target=\"_blank\">KAYAK<\/a>\u00a0(liste acad\u00e9mique)<\/h4>\n<hr \/>\n<p style=\"text-align: center;\"><strong><span style=\"color: #800080;\">CP3 <\/span><\/strong><span style=\"color: #800080;\">:R\u00e9aliser une prestation physique \u00e0 vis\u00e9e artistique ou acrobatique.<\/span><\/p>\n<h4 style=\"text-align: center;\"><a href=\"\/eps\/wp-content\/uploads\/sites\/13\/2014\/06\/Acrosport_CAP_BEP.pdf\" target=\"_blank\">ACROSPORT<\/a><\/h4>\n<h4 style=\"text-align: center;\"><a href=\"\/eps\/wp-content\/uploads\/sites\/13\/2014\/06\/Arts-_du_cirque_CAP_BEP.pdf\" target=\"_blank\">ARTS du CIRQUE<\/a><\/h4>\n<h4 style=\"text-align: center;\"><a href=\"\/eps\/wp-content\/uploads\/sites\/13\/2014\/06\/Danse_CAP_BEP.pdf\" target=\"_blank\">DANSE<\/a><\/h4>\n<h4 style=\"text-align: center;\"><a href=\"\/eps\/wp-content\/uploads\/sites\/13\/2014\/06\/Gymnastique_Sol_CAP_BEP.pdf\" target=\"_blank\">GYMNASTIQUE SOL<\/a><\/h4>\n<h4 style=\"text-align: center;\"><a href=\"\/eps\/wp-content\/uploads\/sites\/13\/2014\/06\/Saut_Cheval_CAP_BEP.pdf\" target=\"_blank\">SAUT de CHEVAL<\/a><\/h4>\n<hr \/>\n<h4 style=\"text-align: center;\"><\/h4>\n<p style=\"text-align: center;\"><strong><span style=\"color: #800080;\">CP4<\/span><\/strong><span style=\"color: #800080;\">: Conduire et ma\u00eetriser un affrontement collectif ou individuel<\/span><\/p>\n<h4 style=\"text-align: center;\"><a href=\"\/eps\/wp-content\/uploads\/sites\/13\/2014\/06\/Basket_CAP_BEP.pdf\" target=\"_blank\">BASKET<\/a><\/h4>\n<h4 style=\"text-align: center;\"><a href=\"\/eps\/wp-content\/uploads\/sites\/13\/2014\/06\/Football_CAP_BEP.pdf\" target=\"_blank\">FOOTBALL<\/a><\/h4>\n<h4 style=\"text-align: center;\"><a href=\"\/eps\/wp-content\/uploads\/sites\/13\/2014\/06\/Handball_CAP_BEP.pdf\" target=\"_blank\">HANDBALL<\/a><\/h4>\n<h4 style=\"text-align: center;\"><a href=\"\/eps\/wp-content\/uploads\/sites\/13\/2014\/06\/Rugby_CAP_BEP.pdf\" target=\"_blank\">RUGBY<\/a><\/h4>\n<h4 style=\"text-align: center;\"><a href=\"\/eps\/wp-content\/uploads\/sites\/13\/2014\/06\/Volley-Ball_CAP_BEP.pdf\" target=\"_blank\">VOLLEY BALL<\/a><\/h4>\n<h4 style=\"text-align: center;\"><a href=\"\/eps\/wp-content\/uploads\/sites\/13\/2014\/06\/Badminton_CAP_BEP.pdf\" target=\"_blank\">BADMINTON<\/a><\/h4>\n<h4 style=\"text-align: center;\"><a href=\"\/eps\/wp-content\/uploads\/sites\/13\/2014\/06\/Tennis_de_Table_CAP_BEP.pdf\" target=\"_blank\">TENNIS de TABLE<\/a><\/h4>\n<h4 style=\"text-align: center;\"><a href=\"\/eps\/wp-content\/uploads\/sites\/13\/2014\/06\/Savate_BF_CAP_BEP.pdf\" target=\"_blank\">SAVATE- BOXE FRAN\u00c7AISE<\/a><\/h4>\n<h4 style=\"text-align: center;\"><a href=\"\/eps\/wp-content\/uploads\/sites\/13\/2014\/06\/Judo_CAP_BEP.pdf\" target=\"_blank\">JUDO<\/a><\/h4>\n<h4 style=\"text-align: center;\"><a href=\"\/eps\/wp-content\/uploads\/sites\/13\/2014\/06\/Tennis_Ac_CAP_BEP.pdf\" target=\"_blank\">TENNIS<\/a>\u00a0 (liste acad\u00e9mique)<\/h4>\n<hr \/>\n<p style=\"text-align: center;\">\u00a0<strong><span style=\"color: #800080;\">CP5: <\/span><\/strong><span style=\"color: #800080;\">R\u00e9aliser et orienter son activit\u00e9 en vue du d\u00e9veloppement et de l&rsquo;entretien de soi.<\/span><\/p>\n<h4 style=\"text-align: center;\"><a href=\"\/eps\/wp-content\/uploads\/sites\/13\/2019\/05\/R%C3%A9f%C3%A9rentiel-acad%C3%A9mique-certificatif-CROSSTRAINING-Niveau-3-et-4-1.pdf\" target=\"_blank\">CROSS-TRAINING N3 (et N4)<\/a><\/h4>\n<h4 style=\"text-align: center;\"><a href=\"\/eps\/wp-content\/uploads\/sites\/13\/2014\/06\/Course_Dur\u00e9e_CAP_BEP.pdf\" target=\"_blank\">COURSE en DUREE<\/a><\/h4>\n<h4 style=\"text-align: center;\"><a href=\"\/eps\/wp-content\/uploads\/sites\/13\/2014\/06\/Musculation_CAP_BEP.pdf\" target=\"_blank\">MUSCULATION<\/a><\/h4>\n<h4 style=\"text-align: center;\"><a href=\"\/eps\/wp-content\/uploads\/sites\/13\/2014\/06\/Step_CAP_BEP.pdf\" target=\"_blank\">STEP<\/a><\/h4>\n<h4 style=\"text-align: center;\"><a href=\"\/eps\/wp-content\/uploads\/sites\/13\/2014\/06\/Fitness_Ac_CAP_BEP-2014.pdf\" target=\"_blank\">FITNESS<\/a>\u00a0 (liste acad\u00e9mique)<\/h4>\n","protected":false},"excerpt":{"rendered":"<p>Cf: Circulaire Acad\u00e9mique Session 2015 \u00a0et \u00a0Calendrier CP1: R\u00e9aliser une performance motrice maximale \u00e0 une \u00e9ch\u00e9ance donn\u00e9e. DEMI-FOND HAIES RELAIS VITESSE DISQUE JAVELOT PENTABOND NATATION de VITESSE CP2: Se d\u00e9placer en s&rsquo;adaptant \u00e0 des environnements vari\u00e9s et incertains. ESCALADE COURSE &hellip; <a href=\"https:\/\/site.ac-martinique.fr\/eps\/?page_id=1801\">Continuer la lecture <span class=\"meta-nav\">&rarr;<\/span><\/a><\/p>\n","protected":false},"author":69,"featured_media":0,"parent":0,"menu_order":0,"comment_status":"closed","ping_status":"open","template":"","meta":{"footnotes":""},"class_list":["post-1801","page","type-page","status-publish","hentry"],"_links":{"self":[{"href":"https:\/\/site.ac-martinique.fr\/eps\/index.php?rest_route=\/wp\/v2\/pages\/1801","targetHints":{"allow":["GET"]}}],"collection":[{"href":"https:\/\/site.ac-martinique.fr\/eps\/index.php?rest_route=\/wp\/v2\/pages"}],"about":[{"href":"https:\/\/site.ac-martinique.fr\/eps\/index.php?rest_route=\/wp\/v2\/types\/page"}],"author":[{"embeddable":true,"href":"https:\/\/site.ac-martinique.fr\/eps\/index.php?rest_route=\/wp\/v2\/users\/69"}],"replies":[{"embeddable":true,"href":"https:\/\/site.ac-martinique.fr\/eps\/index.php?rest_route=%2Fwp%2Fv2%2Fcomments&post=1801"}],"version-history":[{"count":11,"href":"https:\/\/site.ac-martinique.fr\/eps\/index.php?rest_route=\/wp\/v2\/pages\/1801\/revisions"}],"predecessor-version":[{"id":3077,"href":"https:\/\/site.ac-martinique.fr\/eps\/index.php?rest_route=\/wp\/v2\/pages\/1801\/revisions\/3077"}],"wp:attachment":[{"href":"https:\/\/site.ac-martinique.fr\/eps\/index.php?rest_route=%2Fwp%2Fv2%2Fmedia&parent=1801"}],"curies":[{"name":"wp","href":"https:\/\/api.w.org\/{rel}","templated":true}]}}