{"id":188,"date":"2014-05-01T01:34:30","date_gmt":"2014-05-01T00:34:30","guid":{"rendered":"\/eps\/?page_id=188"},"modified":"2017-01-06T22:20:08","modified_gmt":"2017-01-06T21:20:08","slug":"socle-commun","status":"publish","type":"page","link":"https:\/\/site.ac-martinique.fr\/eps\/?page_id=188","title":{"rendered":"Socle commun"},"content":{"rendered":"<p style=\"text-align: center;\"><a href=\"http:\/\/www.education.gouv.fr\/pid285\/bulletin_officiel.html?cid_bo=87834\" target=\"_blank\">Socle commun de connaissances, de comp\u00e9tences et de culture (D\u00e9cret du 31 mars 2015-BO n\u00b0 17 du 23 avril 2015)<\/a><\/p>\n<p style=\"text-align: center;\"><a href=\"\/eps\/wp-content\/uploads\/sites\/13\/2014\/05\/SOCLE-livret_personnel_competences.pdf\" target=\"_blank\">Livret personnel de comp\u00e9tences<\/a><\/p>\n<p style=\"text-align: center;\"><a href=\"\/eps\/wp-content\/uploads\/sites\/13\/2014\/05\/Attestation_socle_diaporama.ppt\">Attestation de maitrise des comp\u00e9tences (Diaporama)<\/a><\/p>\n<p style=\"text-align: center;\"><a href=\"\/eps\/wp-content\/uploads\/sites\/13\/2014\/05\/ITEMS_-EVALUABLES-_SOCLE_-EPS.xls\">Items \u00e9valuables<\/a><\/p>\n<p>&nbsp;<\/p>\n","protected":false},"excerpt":{"rendered":"<p>Socle commun de connaissances, de comp\u00e9tences et de culture (D\u00e9cret du 31 mars 2015-BO n\u00b0 17 du 23 avril 2015) Livret personnel de comp\u00e9tences Attestation de maitrise des comp\u00e9tences (Diaporama) Items \u00e9valuables &nbsp;<\/p>\n","protected":false},"author":69,"featured_media":0,"parent":70,"menu_order":0,"comment_status":"closed","ping_status":"open","template":"","meta":{"footnotes":""},"class_list":["post-188","page","type-page","status-publish","hentry"],"_links":{"self":[{"href":"https:\/\/site.ac-martinique.fr\/eps\/index.php?rest_route=\/wp\/v2\/pages\/188","targetHints":{"allow":["GET"]}}],"collection":[{"href":"https:\/\/site.ac-martinique.fr\/eps\/index.php?rest_route=\/wp\/v2\/pages"}],"about":[{"href":"https:\/\/site.ac-martinique.fr\/eps\/index.php?rest_route=\/wp\/v2\/types\/page"}],"author":[{"embeddable":true,"href":"https:\/\/site.ac-martinique.fr\/eps\/index.php?rest_route=\/wp\/v2\/users\/69"}],"replies":[{"embeddable":true,"href":"https:\/\/site.ac-martinique.fr\/eps\/index.php?rest_route=%2Fwp%2Fv2%2Fcomments&post=188"}],"version-history":[{"count":8,"href":"https:\/\/site.ac-martinique.fr\/eps\/index.php?rest_route=\/wp\/v2\/pages\/188\/revisions"}],"predecessor-version":[{"id":2708,"href":"https:\/\/site.ac-martinique.fr\/eps\/index.php?rest_route=\/wp\/v2\/pages\/188\/revisions\/2708"}],"up":[{"embeddable":true,"href":"https:\/\/site.ac-martinique.fr\/eps\/index.php?rest_route=\/wp\/v2\/pages\/70"}],"wp:attachment":[{"href":"https:\/\/site.ac-martinique.fr\/eps\/index.php?rest_route=%2Fwp%2Fv2%2Fmedia&parent=188"}],"curies":[{"name":"wp","href":"https:\/\/api.w.org\/{rel}","templated":true}]}}