{"id":2357,"date":"2015-09-29T20:29:43","date_gmt":"2015-09-29T19:29:43","guid":{"rendered":"\/eps\/?page_id=2357"},"modified":"2016-06-22T23:47:49","modified_gmt":"2016-06-22T22:47:49","slug":"bilans-des-formations-20142015","status":"publish","type":"page","link":"https:\/\/site.ac-martinique.fr\/eps\/?page_id=2357","title":{"rendered":"Bilans des formations 2015\/2016 (PowerPoint et PDF)"},"content":{"rendered":"<p style=\"text-align: center;\"><span style=\"color: #000000;\"><b>GRF<\/b><\/span><\/p>\n<p style=\"text-align: center;\"><a href=\"\/eps\/wp-content\/uploads\/sites\/13\/2015\/09\/1-BILAN-GRF-2016.ppt\">BILAN G\u00c9N\u00c9RAL 2016<\/a>\u00a0&#8212;&#8211; <em><a href=\"\/eps\/wp-content\/uploads\/sites\/13\/2015\/09\/1-BILAN-GRF-2016.pdf\" target=\"_blank\">Version PDF<\/a><\/em><\/p>\n<p style=\"text-align: center;\"><a href=\"\/eps\/wp-content\/uploads\/sites\/13\/2015\/09\/23-Plan-de-Formation-16-17.ppt\">Plan de formation 2016\/2017<\/a>\u00a0&#8212;&#8211; <em><a href=\"\/eps\/wp-content\/uploads\/sites\/13\/2015\/09\/23-Plan-de-Formation-16-17.pdf\" target=\"_blank\">Version PDF<\/a><\/em><\/p>\n<hr \/>\n<p style=\"text-align: center;\"><strong>Priorit\u00e9s nationales<\/strong><\/p>\n<p style=\"text-align: center;\"><a href=\"\/eps\/wp-content\/uploads\/sites\/13\/2015\/09\/1-PAF-YOGA-2016.pptx\">Mieux vivre son m\u00e9tier de prof d&rsquo;EPS: Yoga, PNL<\/a>\u00a0&#8212;&#8211; <em><a href=\"\/eps\/wp-content\/uploads\/sites\/13\/2015\/09\/1-PAF-YOGA-2016.pdf\" target=\"_blank\">Version PDF<\/a><\/em><\/p>\n<p style=\"text-align: center;\"><a href=\"\/eps\/wp-content\/uploads\/sites\/13\/2015\/09\/11-12Bilan-Formation-TICE-et-EPS-N2-2015-2016.pptx\">D\u00e9veloppement des usages du num\u00e9rique dans les \u00e9tablissements.<\/a>\u00a0&#8212;&#8211; <em><a href=\"\/eps\/wp-content\/uploads\/sites\/13\/2015\/09\/11-12Bilan-Formation-TICE-et-EPS-N2-2015-2016.pdf\" target=\"_blank\">Version PDF<\/a><\/em><\/p>\n<hr \/>\n<p style=\"text-align: center;\"><strong>Formation de cadres<\/strong><\/p>\n<p style=\"text-align: center;\"><a href=\"\/eps\/wp-content\/uploads\/sites\/13\/2015\/09\/3-Diaporama-Secr\u00e9taire-Tr\u00e9sorier-AS.pptx\">Am\u00e9liorer la comp\u00e9tence professionnelle: Secr\u00e9taire d&rsquo;AS et tr\u00e9sorier<\/a>\u00a0&#8212;&#8211; <em><a href=\"\/eps\/wp-content\/uploads\/sites\/13\/2015\/09\/3-Diaporama-Secr\u00e9taire-Tr\u00e9sorier-AS.pdf\" target=\"_blank\">Version PDF<\/a><\/em><\/p>\n<hr \/>\n<p style=\"text-align: center;\"><strong>Orientations Acad\u00e9miques<\/strong><\/p>\n<p style=\"text-align: center;\"><a href=\"\/eps\/wp-content\/uploads\/sites\/13\/2015\/09\/4-2016-Diaporama-VMA.ppt\">DEMI-FOND:d\u00e9terminer la VMA et construire les perspectives de cycle<\/a>\u00a0&#8212;&#8211; <em><a href=\"\/eps\/wp-content\/uploads\/sites\/13\/2015\/09\/4-2016-Diaporama-VMA.pdf\" target=\"_blank\">Version PDF<\/a><\/em><\/p>\n<hr \/>\n<p style=\"text-align: center;\"><strong>EPS adapt\u00e9e et Handicap<\/strong><\/p>\n<p style=\"text-align: center;\"><a href=\"\/eps\/wp-content\/uploads\/sites\/13\/2015\/09\/Powerpoint-bilan-HDP-1-sensori-moteur-.pptx\">EPS et handicap moteur et sensori-moteur<\/a>\u00a0&#8212;&#8211; <em><a href=\"\/eps\/wp-content\/uploads\/sites\/13\/2015\/09\/Powerpoint-bilan-HDP-1-sensori-moteur-.pdf\" target=\"_blank\">Version PDF<\/a><\/em><\/p>\n<p style=\"text-align: center;\"><a href=\"\/eps\/wp-content\/uploads\/sites\/13\/2015\/09\/6-DYS-et-EPS.pptx\">Scolarisation en EPS des \u00e9l\u00e8ves DYS<\/a>\u00a0&#8212;&#8211; <em><a href=\"\/eps\/wp-content\/uploads\/sites\/13\/2015\/09\/6-DYS-et-EPS.pdf\" target=\"_blank\">Version PDF<\/a><\/em><\/p>\n<p style=\"text-align: center;\"><a href=\"\/eps\/wp-content\/uploads\/sites\/13\/2015\/09\/Powerpoint-bilan-HDP-3-asthme-obesite-syndrome-rotulien-.pptx\">EPS et ob\u00e9sit\u00e9, asthme, syndrome rotulien<\/a>\u00a0&#8212;&#8211; <em><a href=\"\/eps\/wp-content\/uploads\/sites\/13\/2015\/09\/Powerpoint-bilan-HDP-3-asthme-obesite-syndrome-rotulien-.pdf\" target=\"_blank\">Version PDF<\/a><\/em><\/p>\n<hr \/>\n<p style=\"text-align: center;\"><strong>Groupes ressources<\/strong><\/p>\n<p style=\"text-align: center;\"><a href=\"\/eps\/wp-content\/uploads\/sites\/13\/2015\/09\/Bilan-Rapport-fin-annee-Grpe-TICE-2016.ppt\">Groupe TICE<\/a>\u00a0&#8212;&#8211; <em><a href=\"\/eps\/wp-content\/uploads\/sites\/13\/2015\/09\/Bilan-Rapport-fin-annee-Grpe-TICE-2016.pdf\" target=\"_blank\">Version PDF<\/a><\/em><\/p>\n<p style=\"text-align: center;\"><a href=\"\/eps\/wp-content\/uploads\/sites\/13\/2015\/09\/Powerpoint-bilan-groupe-handicap-.pptx\">Groupe Handicap<\/a>\u00a0&#8212;&#8211; <em><a href=\"\/eps\/wp-content\/uploads\/sites\/13\/2015\/09\/Powerpoint-bilan-groupe-handicap-.pdf\" target=\"_blank\">Version PDF<\/a><\/em><\/p>\n<hr \/>\n<p style=\"text-align: center;\"><strong>Orientation de bassin<\/strong><\/p>\n<p style=\"text-align: center;\"><a href=\"\/eps\/wp-content\/uploads\/sites\/13\/2015\/09\/9-OB-NA-Kayak.pptx\">KAYAK: Liaison coll\u00e8ge lyc\u00e9e (bassin Nord Atlantique)<\/a>\u00a0&#8212;&#8211; <em><a href=\"\/eps\/wp-content\/uploads\/sites\/13\/2015\/09\/9-OB-NA-Kayak.pdf\" target=\"_blank\">Version PDF<\/a><\/em><\/p>\n<hr \/>\n<p style=\"text-align: center;\"><strong>PAF g\u00e9n\u00e9ral: Formations interdisciplinaires<\/strong><\/p>\n<p style=\"text-align: center;\"><a href=\"\/eps\/wp-content\/uploads\/sites\/13\/2015\/09\/20-Interdisciplinaire-DYS.pptx\">L&rsquo;\u00e9l\u00e8ve \u00ab\u00a0DYS\u00a0\u00bb (dysplasie,dyslexie, dyscalculie&#8230;) au sein du groupe classe<\/a>\u00a0&#8212;\u00a0<em><a href=\"\/eps\/wp-content\/uploads\/sites\/13\/2015\/09\/20-Interdisciplinaire-DYS.pdf\" target=\"_blank\">Version PDF<\/a><\/em><\/p>\n<hr \/>\n<p style=\"text-align: center;\"><strong>PAF g\u00e9n\u00e9ral: \u00a0Formations interdegr\u00e9<\/strong><\/p>\n<p style=\"text-align: center;\"><a href=\"\/eps\/wp-content\/uploads\/sites\/13\/2015\/09\/21-Bilan-Savoir-nager-Ste-Marie-du-27-05-16.ppt\">Favoriser le savoir nager (Ste Marie)<\/a>\u00a0&#8212;&#8211; <em><a href=\"\/eps\/wp-content\/uploads\/sites\/13\/2015\/09\/21-Bilan-Savoir-nager-Ste-Marie-du-27-05-16.pdf\" target=\"_blank\">Version PDF<\/a><\/em><\/p>\n<p style=\"text-align: center;\"><a href=\"\/eps\/wp-content\/uploads\/sites\/13\/2015\/09\/21-SAVOIR-NAGER-BIS.pptx\">Favoriser le savoir nager (Basse Pointe)<\/a>\u00a0&#8212;&#8211; <em><a href=\"\/eps\/wp-content\/uploads\/sites\/13\/2015\/09\/21-SAVOIR-NAGER-BIS.pdf\" target=\"_blank\">Version PDF<\/a><\/em><\/p>\n<p style=\"text-align: center;\"><a href=\"\/eps\/wp-content\/uploads\/sites\/13\/2015\/09\/22-SAVOIR-COURIR.pdf\" target=\"_blank\">Favoriser le savoir courir (PDF)<\/a><\/p>\n<hr \/>\n<p style=\"text-align: center;\"><strong>PAF g\u00e9n\u00e9ral: Pr\u00e9paration concours<\/strong><\/p>\n<p style=\"text-align: center;\"><a href=\"\/eps\/wp-content\/uploads\/sites\/13\/2015\/09\/19-CAPEPS-INTERNE-ET-RESERVE.pptx\">CAPEPS Interne et R\u00e9serv\u00e9<\/a>\u00a0&#8212;- <em><a href=\"\/eps\/wp-content\/uploads\/sites\/13\/2015\/09\/19-CAPEPS-INTERNE-ET-RESERVE.pdf\" target=\"_blank\">Version PDF<\/a><\/em><\/p>\n<p style=\"text-align: center;\"><a href=\"\/eps\/wp-content\/uploads\/sites\/13\/2015\/09\/18-Bilan-PWPT-AGREGATION-INTERNE-2016.pptx\">AGREG Interne<\/a>\u00a0&#8212;&#8211; <em><a href=\"\/eps\/wp-content\/uploads\/sites\/13\/2015\/09\/18-Bilan-PWPT-AGREGATION-INTERNE-2016.pdf\" target=\"_blank\">Version PDF<\/a><\/em><\/p>\n","protected":false},"excerpt":{"rendered":"<p>GRF BILAN G\u00c9N\u00c9RAL 2016\u00a0&#8212;&#8211; Version PDF Plan de formation 2016\/2017\u00a0&#8212;&#8211; Version PDF Priorit\u00e9s nationales Mieux vivre son m\u00e9tier de prof d&rsquo;EPS: Yoga, PNL\u00a0&#8212;&#8211; Version PDF D\u00e9veloppement des usages du num\u00e9rique dans les \u00e9tablissements.\u00a0&#8212;&#8211; Version PDF Formation de cadres Am\u00e9liorer la &hellip; <a href=\"https:\/\/site.ac-martinique.fr\/eps\/?page_id=2357\">Continuer la lecture <span class=\"meta-nav\">&rarr;<\/span><\/a><\/p>\n","protected":false},"author":69,"featured_media":0,"parent":0,"menu_order":0,"comment_status":"closed","ping_status":"closed","template":"","meta":{"footnotes":""},"class_list":["post-2357","page","type-page","status-publish","hentry"],"_links":{"self":[{"href":"https:\/\/site.ac-martinique.fr\/eps\/index.php?rest_route=\/wp\/v2\/pages\/2357","targetHints":{"allow":["GET"]}}],"collection":[{"href":"https:\/\/site.ac-martinique.fr\/eps\/index.php?rest_route=\/wp\/v2\/pages"}],"about":[{"href":"https:\/\/site.ac-martinique.fr\/eps\/index.php?rest_route=\/wp\/v2\/types\/page"}],"author":[{"embeddable":true,"href":"https:\/\/site.ac-martinique.fr\/eps\/index.php?rest_route=\/wp\/v2\/users\/69"}],"replies":[{"embeddable":true,"href":"https:\/\/site.ac-martinique.fr\/eps\/index.php?rest_route=%2Fwp%2Fv2%2Fcomments&post=2357"}],"version-history":[{"count":23,"href":"https:\/\/site.ac-martinique.fr\/eps\/index.php?rest_route=\/wp\/v2\/pages\/2357\/revisions"}],"predecessor-version":[{"id":4365,"href":"https:\/\/site.ac-martinique.fr\/eps\/index.php?rest_route=\/wp\/v2\/pages\/2357\/revisions\/4365"}],"wp:attachment":[{"href":"https:\/\/site.ac-martinique.fr\/eps\/index.php?rest_route=%2Fwp%2Fv2%2Fmedia&parent=2357"}],"curies":[{"name":"wp","href":"https:\/\/api.w.org\/{rel}","templated":true}]}}