{"id":2360,"date":"2015-09-29T20:32:10","date_gmt":"2015-09-29T19:32:10","guid":{"rendered":"\/eps\/?page_id=2360"},"modified":"2015-09-29T21:13:52","modified_gmt":"2015-09-29T20:13:52","slug":"2360-2","status":"publish","type":"page","link":"https:\/\/site.ac-martinique.fr\/eps\/?page_id=2360","title":{"rendered":"Bilan des formations 2014\/2015"},"content":{"rendered":"<p style=\"text-align: center;\"><a href=\"\/eps\/wp-content\/uploads\/sites\/13\/2015\/09\/1-BILAN-GRF-2014-bis.ppt\"> BILAN GRF 2014 <\/a><\/p>\n<p style=\"text-align: center;\"><span style=\"text-decoration: underline;\"><strong>Priorit\u00e9s nationales:<\/strong><\/span><\/p>\n<p style=\"text-align: center;\"><a href=\"\/eps\/wp-content\/uploads\/sites\/13\/2015\/09\/3-PN-acrocirque.ppt\">Parcours artistique et culturel de l&rsquo;\u00e9l\u00e8ve: les Arts du Cirque au coll\u00e8ge et lyc\u00e9e<\/a><\/p>\n<p style=\"text-align: center;\"><a href=\"\/eps\/wp-content\/uploads\/sites\/13\/2015\/09\/4-PN3-formation-handicap-leger-2014.ppt\">Scolarisation des \u00e9l\u00e8ves en situation de handicap l\u00e9ger<\/a><\/p>\n<p style=\"text-align: center;\"><a href=\"\/eps\/wp-content\/uploads\/sites\/13\/2015\/09\/5.-PN4-Dys-EPS.ppt\">Scolarisation des \u00e9l\u00e8ves en difficult\u00e9 d&rsquo;apprentissage : les DYS<\/a><\/p>\n<p style=\"text-align: center;\"><a href=\"\/eps\/wp-content\/uploads\/sites\/13\/2015\/09\/6-PN5-EGALITE-DES-CHANCES-LE-FITNESS.pptx\">Egalit\u00e9 des chances filles-gar\u00e7ons, le Fitness au coll\u00e8ge et lyc\u00e9e<\/a><\/p>\n<p style=\"text-align: center;\"><a href=\"\/eps\/wp-content\/uploads\/sites\/13\/2015\/09\/7-PN6-Formation-TICE-et-EPS-2014.pps\">D\u00e9veloppement des usages du num\u00e9rique dans les \u00e9tablissements<\/a><\/p>\n<p style=\"text-align: center;\"><a href=\"\/eps\/wp-content\/uploads\/sites\/13\/2015\/09\/8.-PN7Formation-de-formateurs.ppt\">Formation de formateurs<\/a><\/p>\n<p style=\"text-align: center;\"><span style=\"text-decoration: underline;\"><strong>Orientations Acad\u00e9miques:<\/strong><\/span><\/p>\n<p style=\"text-align: center;\"><a href=\"\/eps\/wp-content\/uploads\/sites\/13\/2015\/09\/9-OA1-bilan-lutte.pptx\">S&rsquo;engager lucidement, se pr\u00e9server, se connaitre: Lutte scolaire au coll\u00e8ge-lyc\u00e9e<\/a><\/p>\n<p style=\"text-align: center;\"><a href=\"\/eps\/wp-content\/uploads\/sites\/13\/2015\/09\/10-OA2-Boxe.mov\">Assumer diff\u00e9rents r\u00f4les sociaux dans le le\u00e7on d&rsquo;EPS: Boxe Fran\u00e7aise au coll\u00e8ge<\/a><\/p>\n<p style=\"text-align: center;\"><a href=\"\/eps\/wp-content\/uploads\/sites\/13\/2015\/09\/10-OA2-boxe-suite.mov\">Suite Boxe Fran\u00e7aise<\/a><\/p>\n<p style=\"text-align: center;\"><a href=\"\/eps\/wp-content\/uploads\/sites\/13\/2015\/09\/12-BILAN-MUSCU-2014.pptx\">Evaluer, appr\u00e9cier, mesurer les effets de l&rsquo;action au lyc\u00e9e: Musculation<\/a><\/p>\n<p style=\"text-align: center;\"><span style=\"text-decoration: underline;\"><strong>Orientations de bassin:<\/strong><\/span><\/p>\n<p style=\"text-align: center;\"><a href=\"\/eps\/wp-content\/uploads\/sites\/13\/2015\/09\/13-OB-STAGE-DE-BASSIN-Savoir-nager...en-mer.ppt\">Le savoir nager en mer (Bassin Nord Caraibe)<\/a><\/p>\n<p style=\"text-align: center;\"><a href=\"\/eps\/wp-content\/uploads\/sites\/13\/2015\/09\/14-OB-Formation-Kayak-Bassin-Sud.ppt\">Kayak de mer , liaison coll\u00e8ge lyc\u00e9e (Bassin Nord Atlantique)<\/a><\/p>\n<p style=\"text-align: center;\"><span style=\"text-decoration: underline;\"><strong>Programme:<\/strong><\/span><\/p>\n<p style=\"text-align: center;\"><a href=\"\/eps\/wp-content\/uploads\/sites\/13\/2015\/09\/15-JP-Journ\u00e9es-Programme.pptx\">Journ\u00e9es programme EPS<\/a><\/p>\n<p style=\"text-align: center;\"><span style=\"text-decoration: underline;\"><strong>Groupes ressources<\/strong><\/span>:<\/p>\n<p style=\"text-align: center;\"><a href=\"\/eps\/wp-content\/uploads\/sites\/13\/2015\/09\/16-groupe-handicap.pptx\">Groupe EPS adapt\u00e9 et handicap<\/a><\/p>\n<p style=\"text-align: center;\"><a href=\"\/eps\/wp-content\/uploads\/sites\/13\/2015\/09\/17-GR-Rapport-fin-annee-Grpe-TICE-2014.ppt\">Groupe TICE Martinique<\/a><\/p>\n<p style=\"text-align: center;\"><span style=\"text-decoration: underline;\"><strong>Concours:<\/strong><\/span><\/p>\n<p style=\"text-align: center;\"><a href=\"\/eps\/wp-content\/uploads\/sites\/13\/2015\/09\/19-bilan-capeps.ppt\">CAPEPS<\/a><\/p>\n<p style=\"text-align: center;\"><a href=\"\/eps\/wp-content\/uploads\/sites\/13\/2015\/09\/18-PREPARATION-AGREGATION-INTERNE-EPS.ppt\">AGREGATION Interne<\/a><\/p>\n<p style=\"text-align: center;\">PAF g\u00e9n\u00e9ral<strong>: <span style=\"text-decoration: underline;\">Formations Interdisciplinaires<\/span><\/strong>:<\/p>\n<p style=\"text-align: center;\"><a href=\"\/eps\/wp-content\/uploads\/sites\/13\/2015\/09\/20-FI2-public-difficile.pptx\">Enseigner \u00e0 un public difficile<\/a><\/p>\n<p style=\"text-align: center;\"><a href=\"\/eps\/wp-content\/uploads\/sites\/13\/2015\/09\/21-FI3-Dys-interdisciplinaire-1.pptx\">Le \u00ab\u00a0DYS\u00a0\u00bb dans le groupe classe<\/a><\/p>\n<p style=\"text-align: center;\"><a href=\"\/eps\/wp-content\/uploads\/sites\/13\/2015\/09\/22-FI4-Co-observer.pptx\">Favoriser le d\u00e9veloppement d&rsquo;une \u00e9quipe p\u00e9dagogique par la co-observation et l&rsquo;interdisciplinarit\u00e9<\/a><\/p>\n<p style=\"text-align: center;\"><a href=\"\/eps\/wp-content\/uploads\/sites\/13\/2015\/09\/24.Plan-de-Formation-14-15.ppt\">.Plan de Formation 2014\/2015<\/a><\/p>\n","protected":false},"excerpt":{"rendered":"<p>BILAN GRF 2014 Priorit\u00e9s nationales: Parcours artistique et culturel de l&rsquo;\u00e9l\u00e8ve: les Arts du Cirque au coll\u00e8ge et lyc\u00e9e Scolarisation des \u00e9l\u00e8ves en situation de handicap l\u00e9ger Scolarisation des \u00e9l\u00e8ves en difficult\u00e9 d&rsquo;apprentissage : les DYS Egalit\u00e9 des chances filles-gar\u00e7ons, &hellip; <a href=\"https:\/\/site.ac-martinique.fr\/eps\/?page_id=2360\">Continuer la lecture <span class=\"meta-nav\">&rarr;<\/span><\/a><\/p>\n","protected":false},"author":69,"featured_media":0,"parent":0,"menu_order":0,"comment_status":"closed","ping_status":"closed","template":"","meta":{"footnotes":""},"class_list":["post-2360","page","type-page","status-publish","hentry"],"_links":{"self":[{"href":"https:\/\/site.ac-martinique.fr\/eps\/index.php?rest_route=\/wp\/v2\/pages\/2360","targetHints":{"allow":["GET"]}}],"collection":[{"href":"https:\/\/site.ac-martinique.fr\/eps\/index.php?rest_route=\/wp\/v2\/pages"}],"about":[{"href":"https:\/\/site.ac-martinique.fr\/eps\/index.php?rest_route=\/wp\/v2\/types\/page"}],"author":[{"embeddable":true,"href":"https:\/\/site.ac-martinique.fr\/eps\/index.php?rest_route=\/wp\/v2\/users\/69"}],"replies":[{"embeddable":true,"href":"https:\/\/site.ac-martinique.fr\/eps\/index.php?rest_route=%2Fwp%2Fv2%2Fcomments&post=2360"}],"version-history":[{"count":4,"href":"https:\/\/site.ac-martinique.fr\/eps\/index.php?rest_route=\/wp\/v2\/pages\/2360\/revisions"}],"predecessor-version":[{"id":2392,"href":"https:\/\/site.ac-martinique.fr\/eps\/index.php?rest_route=\/wp\/v2\/pages\/2360\/revisions\/2392"}],"wp:attachment":[{"href":"https:\/\/site.ac-martinique.fr\/eps\/index.php?rest_route=%2Fwp%2Fv2%2Fmedia&parent=2360"}],"curies":[{"name":"wp","href":"https:\/\/api.w.org\/{rel}","templated":true}]}}