{"id":2607,"date":"2016-09-27T00:37:21","date_gmt":"2016-09-26T23:37:21","guid":{"rendered":"\/eps\/?page_id=2607"},"modified":"2020-09-06T17:43:14","modified_gmt":"2020-09-06T16:43:14","slug":"programmes-college","status":"publish","type":"page","link":"https:\/\/site.ac-martinique.fr\/eps\/?page_id=2607","title":{"rendered":"Programmes Coll\u00e8ge"},"content":{"rendered":"<p style=\"text-align: center;\"><a href=\"http:\/\/www.education.gouv.fr\/cid95812\/au-bo-special-du-26-novembre-2015-programmes-d-enseignement-de-l-ecole-elementaire-et-du-college.html\" target=\"_blank\">Programmes (BO n\u00b011 du 26 novembre 2015)<\/a><\/p>\n<p style=\"text-align: center;\"><a href=\"http:\/\/www.education.gouv.fr\/pid285\/bulletin_officiel.html?cid_bo=90913\" target=\"_blank\">Enseignements au coll\u00e8ge (Circulaire du 30 juin 2015-BO 27 du 2 juillet 2015)<\/a><\/p>\n<p style=\"text-align: center;\"><span style=\"text-decoration: underline;\"><a href=\"\/eps\/?page_id=186\" target=\"_blank\">Fiches ressources coll\u00e8ge<\/a><\/span><\/p>\n<p style=\"text-align: center;\"><a href=\"\/eps\/?page_id=188\" target=\"_blank\">Socle commun<\/a><\/p>\n<p style=\"text-align: center;\"><a href=\"\/eps\/?page_id=192\" target=\"_blank\">Groupe animation coll\u00e8ge<\/a><\/p>\n<p style=\"text-align: center;\"><a href=\"\/eps\/?page_id=651\" target=\"_blank\">Coordonnateurs coll\u00e8ge<\/a><\/p>\n","protected":false},"excerpt":{"rendered":"<p>Programmes (BO n\u00b011 du 26 novembre 2015) Enseignements au coll\u00e8ge (Circulaire du 30 juin 2015-BO 27 du 2 juillet 2015) Fiches ressources coll\u00e8ge Socle commun Groupe animation coll\u00e8ge Coordonnateurs coll\u00e8ge<\/p>\n","protected":false},"author":69,"featured_media":0,"parent":0,"menu_order":0,"comment_status":"closed","ping_status":"closed","template":"","meta":{"footnotes":""},"class_list":["post-2607","page","type-page","status-publish","hentry"],"_links":{"self":[{"href":"https:\/\/site.ac-martinique.fr\/eps\/index.php?rest_route=\/wp\/v2\/pages\/2607","targetHints":{"allow":["GET"]}}],"collection":[{"href":"https:\/\/site.ac-martinique.fr\/eps\/index.php?rest_route=\/wp\/v2\/pages"}],"about":[{"href":"https:\/\/site.ac-martinique.fr\/eps\/index.php?rest_route=\/wp\/v2\/types\/page"}],"author":[{"embeddable":true,"href":"https:\/\/site.ac-martinique.fr\/eps\/index.php?rest_route=\/wp\/v2\/users\/69"}],"replies":[{"embeddable":true,"href":"https:\/\/site.ac-martinique.fr\/eps\/index.php?rest_route=%2Fwp%2Fv2%2Fcomments&post=2607"}],"version-history":[{"count":7,"href":"https:\/\/site.ac-martinique.fr\/eps\/index.php?rest_route=\/wp\/v2\/pages\/2607\/revisions"}],"predecessor-version":[{"id":3247,"href":"https:\/\/site.ac-martinique.fr\/eps\/index.php?rest_route=\/wp\/v2\/pages\/2607\/revisions\/3247"}],"wp:attachment":[{"href":"https:\/\/site.ac-martinique.fr\/eps\/index.php?rest_route=%2Fwp%2Fv2%2Fmedia&parent=2607"}],"curies":[{"name":"wp","href":"https:\/\/api.w.org\/{rel}","templated":true}]}}