{"id":271,"date":"2021-09-28T12:05:00","date_gmt":"2021-09-28T11:05:00","guid":{"rendered":"\/eps\/?page_id=271"},"modified":"2021-10-01T02:23:18","modified_gmt":"2021-10-01T01:23:18","slug":"programmes","status":"publish","type":"page","link":"https:\/\/site.ac-martinique.fr\/eps\/?page_id=271","title":{"rendered":"Programme lyc\u00e9e"},"content":{"rendered":"<p style=\"text-align: center\"><span style=\"color: #ff0000\"><strong>LES NOUVEAUX PROGRAMMES DISCIPLINAIRES<br \/><\/strong><\/span><\/p>\n<ul>\n<li>\n<div id=\"chapo\" class=\"crayon article-chapo-1682 \">\n<p><strong>Nouveaux programmes EPS du lyc\u00e9e g\u00e9n\u00e9ral et technologique:<\/strong> BO sp\u00e9cial n\u00b01 du 22 janvier 2019<\/p>\n<\/div>\n<div class=\"crayon article-texte-1682 \">\n<p>Le programme d\u2019enseignement commun et d\u2019enseignement optionnel d\u2019\u00e9ducation physique et sportive des classes de seconde, de premi\u00e8re et terminale des lyc\u00e9es d\u2019enseignement g\u00e9n\u00e9ral et technologique est fix\u00e9 conform\u00e9ment aux annexes du pr\u00e9sent arr\u00eat\u00e9.<\/p>\n<p>Les dispositions du pr\u00e9sent arr\u00eat\u00e9 entrent en vigueur \u00e0 la <strong>rentr\u00e9e scolaire<\/strong><strong>2019<\/strong><strong>en classes de seconde et de premi\u00e8re et \u00e0 la rentr\u00e9e scolaire 2020 en classe terminale.<br \/><\/strong><a href=\"https:\/\/site.ac-martinique.fr\/eps\/wp-content\/uploads\/sites\/13\/2020\/09\/icon-page-html11.png\"><img loading=\"lazy\" decoding=\"async\" class=\"alignnone  wp-image-3300\" src=\"https:\/\/site.ac-martinique.fr\/eps\/wp-content\/uploads\/sites\/13\/2020\/09\/icon-page-html11.png\" alt=\"\" width=\"39\" height=\"39\" \/><\/a><a href=\"https:\/\/www.education.gouv.fr\/pid285\/bulletin_officiel.html?cid_bo=138123\">https:\/\/www.education.gouv.fr\/pid28\/bulletin_officiel.html?cid_bo=138123<\/a><strong><br \/><\/strong><\/p>\n<\/div>\n<p><img loading=\"lazy\" decoding=\"async\" class=\"alignnone  wp-image-3007\" src=\"\/eps\/wp-content\/uploads\/sites\/13\/2019\/03\/pdf.png\" alt=\"\" width=\"36\" height=\"36\" \/><a href=\"\/eps\/wp-content\/uploads\/sites\/13\/2019\/03\/Programme-EPS-du-LGT.pdf\"><strong>Programmes enseignement commun EPS du LGT 2019<\/strong><\/a><\/p>\n<\/li>\n<\/ul>\n<p>\u00a0<\/p>\n\n\n<p><\/p>\n","protected":false},"excerpt":{"rendered":"<p>LES NOUVEAUX PROGRAMMES DISCIPLINAIRES Nouveaux programmes EPS du lyc\u00e9e g\u00e9n\u00e9ral et technologique: BO sp\u00e9cial n\u00b01 du 22 janvier 2019 Le programme d\u2019enseignement commun et d\u2019enseignement optionnel d\u2019\u00e9ducation physique et sportive des classes de seconde, de premi\u00e8re et terminale des lyc\u00e9es &hellip; <a href=\"https:\/\/site.ac-martinique.fr\/eps\/?page_id=271\">Continuer la lecture <span class=\"meta-nav\">&rarr;<\/span><\/a><\/p>\n","protected":false},"author":69,"featured_media":0,"parent":76,"menu_order":0,"comment_status":"closed","ping_status":"open","template":"","meta":{"footnotes":""},"class_list":["post-271","page","type-page","status-publish","hentry"],"_links":{"self":[{"href":"https:\/\/site.ac-martinique.fr\/eps\/index.php?rest_route=\/wp\/v2\/pages\/271","targetHints":{"allow":["GET"]}}],"collection":[{"href":"https:\/\/site.ac-martinique.fr\/eps\/index.php?rest_route=\/wp\/v2\/pages"}],"about":[{"href":"https:\/\/site.ac-martinique.fr\/eps\/index.php?rest_route=\/wp\/v2\/types\/page"}],"author":[{"embeddable":true,"href":"https:\/\/site.ac-martinique.fr\/eps\/index.php?rest_route=\/wp\/v2\/users\/69"}],"replies":[{"embeddable":true,"href":"https:\/\/site.ac-martinique.fr\/eps\/index.php?rest_route=%2Fwp%2Fv2%2Fcomments&post=271"}],"version-history":[{"count":18,"href":"https:\/\/site.ac-martinique.fr\/eps\/index.php?rest_route=\/wp\/v2\/pages\/271\/revisions"}],"predecessor-version":[{"id":3836,"href":"https:\/\/site.ac-martinique.fr\/eps\/index.php?rest_route=\/wp\/v2\/pages\/271\/revisions\/3836"}],"up":[{"embeddable":true,"href":"https:\/\/site.ac-martinique.fr\/eps\/index.php?rest_route=\/wp\/v2\/pages\/76"}],"wp:attachment":[{"href":"https:\/\/site.ac-martinique.fr\/eps\/index.php?rest_route=%2Fwp%2Fv2%2Fmedia&parent=271"}],"curies":[{"name":"wp","href":"https:\/\/api.w.org\/{rel}","templated":true}]}}