{"id":273,"date":"2019-09-08T12:06:09","date_gmt":"2019-09-08T11:06:09","guid":{"rendered":"\/eps\/?page_id=273"},"modified":"2020-09-08T18:54:49","modified_gmt":"2020-09-08T17:54:49","slug":"fiches-ressources","status":"publish","type":"page","link":"https:\/\/site.ac-martinique.fr\/eps\/?page_id=273","title":{"rendered":"Fiches ressources lyc\u00e9e"},"content":{"rendered":"<p style=\"text-align: center;\"><a href=\"\/eps\/wp-content\/uploads\/sites\/13\/2014\/05\/Fiches_Ressource_LGT.pdf\" target=\"_blank\">Toutes les fiches<\/a>\u00a0(Format PDF)<\/p>\n<p style=\"text-align: center;\"><a href=\"\/eps\/wp-content\/uploads\/sites\/13\/2014\/05\/Fiche_programme_Kayak_N3_Martinique.docx\">Fiche acad\u00e9mique KAYAK niveau 3<\/a><\/p>\n<p style=\"text-align: center;\"><a href=\"\/eps\/wp-content\/uploads\/sites\/13\/2014\/05\/fiche_programme_Kayak_N4_Martinique.docx\" target=\"_blank\">Fiche acad\u00e9mique KAYAK niveau 4<\/a><\/p>\n<p style=\"text-align: center;\"><a href=\"\/eps\/wp-content\/uploads\/sites\/13\/2019\/05\/Nouvelles-activit%C3%A9s-CP5-Autour-du-Crosstraining-P.A.F-EPS-Martinique-2018.pdf\">Fiche acad\u00e9mique CROSS-TRAINING niveau 3 et 4 <\/a>(dans le document de formation)<\/p>\n<p>&nbsp;<\/p>\n","protected":false},"excerpt":{"rendered":"<p>Toutes les fiches\u00a0(Format PDF) Fiche acad\u00e9mique KAYAK niveau 3 Fiche acad\u00e9mique KAYAK niveau 4 Fiche acad\u00e9mique CROSS-TRAINING niveau 3 et 4 (dans le document de formation) &nbsp;<\/p>\n","protected":false},"author":69,"featured_media":0,"parent":76,"menu_order":0,"comment_status":"closed","ping_status":"open","template":"","meta":{"footnotes":""},"class_list":["post-273","page","type-page","status-publish","hentry"],"_links":{"self":[{"href":"https:\/\/site.ac-martinique.fr\/eps\/index.php?rest_route=\/wp\/v2\/pages\/273","targetHints":{"allow":["GET"]}}],"collection":[{"href":"https:\/\/site.ac-martinique.fr\/eps\/index.php?rest_route=\/wp\/v2\/pages"}],"about":[{"href":"https:\/\/site.ac-martinique.fr\/eps\/index.php?rest_route=\/wp\/v2\/types\/page"}],"author":[{"embeddable":true,"href":"https:\/\/site.ac-martinique.fr\/eps\/index.php?rest_route=\/wp\/v2\/users\/69"}],"replies":[{"embeddable":true,"href":"https:\/\/site.ac-martinique.fr\/eps\/index.php?rest_route=%2Fwp%2Fv2%2Fcomments&post=273"}],"version-history":[{"count":13,"href":"https:\/\/site.ac-martinique.fr\/eps\/index.php?rest_route=\/wp\/v2\/pages\/273\/revisions"}],"predecessor-version":[{"id":3071,"href":"https:\/\/site.ac-martinique.fr\/eps\/index.php?rest_route=\/wp\/v2\/pages\/273\/revisions\/3071"}],"up":[{"embeddable":true,"href":"https:\/\/site.ac-martinique.fr\/eps\/index.php?rest_route=\/wp\/v2\/pages\/76"}],"wp:attachment":[{"href":"https:\/\/site.ac-martinique.fr\/eps\/index.php?rest_route=%2Fwp%2Fv2%2Fmedia&parent=273"}],"curies":[{"name":"wp","href":"https:\/\/api.w.org\/{rel}","templated":true}]}}